{"id":36730,"date":"2023-12-27T11:58:49","date_gmt":"2023-12-27T10:58:49","guid":{"rendered":"https:\/\/romantic-sinoussi.152-228-147-242.plesk.page\/product\/mg08-usb-black-2\/"},"modified":"2023-12-27T11:58:49","modified_gmt":"2023-12-27T10:58:49","slug":"mg08-usb-black-2","status":"publish","type":"product","link":"https:\/\/romantic-sinoussi.152-228-147-242.plesk.page\/fr\/produit\/mg08-usb-black-2\/","title":{"rendered":"MG08 USB Black"},"content":{"rendered":"<\/p>\n<p>Audibax MG08 USB, table de mixage 8 canaux avec <strong>Bluetooth<\/strong>, MP3 , <strong>USB Rec and EFFECTS<\/strong><\/p>\n<p>Audibax MG08-USB est une table de mixage avec <strong>Bluetooth<\/strong>, <strong>Lecture MP3<\/strong>, commandes rotatives <strong>Bluetooth<\/strong> et <strong>Contr\u00f4les des haut-parleurs<\/strong>.Connexion Bluetooth<\/strong>, <strong>lecture MP3<\/strong>, avec commandes rotatives pr\u00e9cises et <strong>carte son interne<\/strong> (non compatible avec MacOS).<\/strong><\/strong><\/p>\n<p>La table de mixage MG08-USB d&#8217;Audibax<\/strong> dispose de 8 canaux r\u00e9partis en 4 entr\u00e9es MIC\/LINE, 2 entr\u00e9es LINE st\u00e9r\u00e9o, 1 entr\u00e9e MP3 et <strong>entr\u00e9e TAPE\/CD<\/strong>, 2 entr\u00e9es TAPE\/CD et 2 entr\u00e9es TAPE\/CD.2 entr\u00e9es TAPE\/CD<\/strong><\/strong><\/p>\n<p>Parmi ses remarquables vertus, on trouve le <strong>Multi-effets DSP<\/strong> avec indicateur Led et <strong>l&#8217;entr\u00e9e USB (lecteur\/enregistreur).<\/strong><\/p>\n<p> <strong>Caract\u00e9ristiques techniques Audibax MG08-USB<\/strong><\/strong><\/p>\n<ul>\n<li>Nr.nombre d&#8217;entr\u00e9es 8 canaux<\/li>\n<li><strong>Connexion par Bluetooth<\/strong> d&#8217;un t\u00e9l\u00e9phone portable ou de tout autre appareil.<\/li>\n<li><strong>Lecture MP3<\/strong> avec la connexion de <strong>Pendrive<\/strong> ou de tout ordinateur.<\/strong><\/strong><\/li>\n<li><strong>Connexion USB pour l&#8217;enregistrement<\/strong> sur cl\u00e9 USB et ordinateur<\/li>\n<li>\n<li>\n<li>\n<li><strong>Alimentation \u00e9lectrique<\/strong>.li> <strong>Processeur multi-effets DSP<\/strong> 16 bits avec indicateur d&#8217;affichage<\/li>\n<li>Indicateur LED pour les cr\u00eates sur tous les canaux.<\/li>\n<li>Contr\u00f4les rotatifs de grande pr\u00e9cision et r\u00e9sistance<\/li>\n<li>Contr\u00f4les des graves, des m\u00e9diums et des aigus.<\/li>\n<li><strong>Alimentation fant\u00f4me<\/strong> 48 Volt ind\u00e9pendante par canal<\/li>\n<\/ul>\n<\/ul>\n<p><strong>Audibax MG08-USB inputs<\/strong> <\/p>\n<li>\n<ul>\n<ul>\n<p><strong>Audibax MG08-USB inputs<\/strong> <\/p>\n<li>\n<ul>\n<ul\/strong>\n<ul>\n<li>4 entr\u00e9es mono MIC\/LINE<\/li>\n<li>2 entr\u00e9es ligne st\u00e9r\u00e9o<\/li>\n<li>2 entr\u00e9es cassette\/CD<\/li>\n<li>2 entr\u00e9es cassette\/CD<\/li>\n<li>2 entr\u00e9es cassette\/CD<\/li>\n<p>.\/li> <\/p>\n<li>1 entr\u00e9e lecteur\/enregistreur USB<\/li>\n<\/ul>\n<p><strong>Audibax MG08-USB Sorties<\/strong><\/p>\n<ul>\n<ul>\n<li>1 sortie st\u00e9r\u00e9o Master<\/li>\n<li>1 sortie st\u00e9r\u00e9o Master<\/li>\n<li>1 sortie st\u00e9r\u00e9o Master1 sortie st\u00e9r\u00e9o principale<\/li>\n<li>1 sortie retour<\/li>\n<li>1 sortie casque<\/li>\n<li>1 sortie st\u00e9r\u00e9o pour moniteurs.<\/li>\n<\/ul>\n<p><img decoding=\"async\" alt=\"\" src=\"\/crm\/documents\/fckeditor\/image\/Audibax-MG08-Mezclador-8-channel-bluetooth-mp3-usb-effects-front.jpg\" style=\"height:770px ; width:1000px\" \/><\/p>\n","protected":false},"excerpt":{"rendered":"<\/p>\n<p>M\u00e9langeur Bluetooth 8 canaux Audibax<\/p>\n<p>M\u00e9langeur Bluetooth 8 canaux Audibax<\/p>\n<p>M\u00e9langeur 8 canaux Audibax<\/p>\n","protected":false},"featured_media":17315,"comment_status":"open","ping_status":"closed","template":"","meta":[],"product_cat":[402,243],"product_tag":[],"class_list":{"0":"post-36730","1":"product","2":"type-product","3":"status-publish","4":"has-post-thumbnail","6":"product_cat-mixers-fr","7":"product_cat-uncategorized","9":"first","10":"instock","11":"shipping-taxable","12":"product-type-simple"},"acf":[],"yoast_head":"<!-- This site is optimized with the Yoast SEO plugin v21.5 - https:\/\/yoast.com\/wordpress\/plugins\/seo\/ -->\n<title>MG08 USB Black - Audibax<\/title>\n<meta name=\"robots\" content=\"noindex, follow, max-snippet:-1, max-image-preview:large, max-video-preview:-1\" \/>\n<meta property=\"og:locale\" content=\"fr_FR\" \/>\n<meta property=\"og:type\" content=\"article\" \/>\n<meta property=\"og:title\" content=\"MG08 USB Black - Audibax\" \/>\n<meta property=\"og:description\" content=\"M\u00e9langeur Bluetooth 8 canaux Audibax M\u00e9langeur Bluetooth 8 canaux Audibax M\u00e9langeur 8 canaux Audibax\" \/>\n<meta property=\"og:url\" content=\"https:\/\/romantic-sinoussi.152-228-147-242.plesk.page\/fr\/produit\/mg08-usb-black-2\/\" \/>\n<meta property=\"og:site_name\" content=\"Audibax\" \/>\n<meta name=\"twitter:card\" content=\"summary_large_image\" \/>\n<meta name=\"twitter:label1\" content=\"Dur\u00e9e de lecture estim\u00e9e\" \/>\n\t<meta name=\"twitter:data1\" content=\"1 minute\" \/>\n<script type=\"application\/ld+json\" class=\"yoast-schema-graph\">{\"@context\":\"https:\/\/schema.org\",\"@graph\":[{\"@type\":\"WebPage\",\"@id\":\"https:\/\/romantic-sinoussi.152-228-147-242.plesk.page\/fr\/produit\/mg08-usb-black-2\/\",\"url\":\"https:\/\/romantic-sinoussi.152-228-147-242.plesk.page\/fr\/produit\/mg08-usb-black-2\/\",\"name\":\"MG08 USB Black - Audibax\",\"isPartOf\":{\"@id\":\"https:\/\/romantic-sinoussi.152-228-147-242.plesk.page\/fr\/#website\"},\"datePublished\":\"2023-12-27T10:58:49+00:00\",\"dateModified\":\"2023-12-27T10:58:49+00:00\",\"breadcrumb\":{\"@id\":\"https:\/\/romantic-sinoussi.152-228-147-242.plesk.page\/fr\/produit\/mg08-usb-black-2\/#breadcrumb\"},\"inLanguage\":\"fr-FR\",\"potentialAction\":[{\"@type\":\"ReadAction\",\"target\":[\"https:\/\/romantic-sinoussi.152-228-147-242.plesk.page\/fr\/produit\/mg08-usb-black-2\/\"]}]},{\"@type\":\"BreadcrumbList\",\"@id\":\"https:\/\/romantic-sinoussi.152-228-147-242.plesk.page\/fr\/produit\/mg08-usb-black-2\/#breadcrumb\",\"itemListElement\":[{\"@type\":\"ListItem\",\"position\":1,\"name\":\"Portada\",\"item\":\"https:\/\/romantic-sinoussi.152-228-147-242.plesk.page\/fr\/\"},{\"@type\":\"ListItem\",\"position\":2,\"name\":\"Products\",\"item\":\"https:\/\/romantic-sinoussi.152-228-147-242.plesk.page\/fr\/shop\/\"},{\"@type\":\"ListItem\",\"position\":3,\"name\":\"MG08 USB Black\"}]},{\"@type\":\"WebSite\",\"@id\":\"https:\/\/romantic-sinoussi.152-228-147-242.plesk.page\/fr\/#website\",\"url\":\"https:\/\/romantic-sinoussi.152-228-147-242.plesk.page\/fr\/\",\"name\":\"Audibax\",\"description\":\"\",\"publisher\":{\"@id\":\"https:\/\/romantic-sinoussi.152-228-147-242.plesk.page\/fr\/#organization\"},\"potentialAction\":[{\"@type\":\"SearchAction\",\"target\":{\"@type\":\"EntryPoint\",\"urlTemplate\":\"https:\/\/romantic-sinoussi.152-228-147-242.plesk.page\/fr\/?s={search_term_string}\"},\"query-input\":\"required name=search_term_string\"}],\"inLanguage\":\"fr-FR\"},{\"@type\":\"Organization\",\"@id\":\"https:\/\/romantic-sinoussi.152-228-147-242.plesk.page\/fr\/#organization\",\"name\":\"Audibax\",\"url\":\"https:\/\/romantic-sinoussi.152-228-147-242.plesk.page\/fr\/\",\"logo\":{\"@type\":\"ImageObject\",\"inLanguage\":\"fr-FR\",\"@id\":\"https:\/\/romantic-sinoussi.152-228-147-242.plesk.page\/fr\/#\/schema\/logo\/image\/\",\"url\":\"https:\/\/romantic-sinoussi.152-228-147-242.plesk.page\/wp-content\/uploads\/2023\/09\/logo-Audibax-BLANCO-SVG-1.svg\",\"contentUrl\":\"https:\/\/romantic-sinoussi.152-228-147-242.plesk.page\/wp-content\/uploads\/2023\/09\/logo-Audibax-BLANCO-SVG-1.svg\",\"width\":581,\"height\":146,\"caption\":\"Audibax\"},\"image\":{\"@id\":\"https:\/\/romantic-sinoussi.152-228-147-242.plesk.page\/fr\/#\/schema\/logo\/image\/\"}}]}<\/script>\n<!-- \/ Yoast SEO plugin. -->","yoast_head_json":{"title":"MG08 USB Black - Audibax","robots":{"index":"noindex","follow":"follow","max-snippet":"max-snippet:-1","max-image-preview":"max-image-preview:large","max-video-preview":"max-video-preview:-1"},"og_locale":"fr_FR","og_type":"article","og_title":"MG08 USB Black - Audibax","og_description":"M\u00e9langeur Bluetooth 8 canaux Audibax M\u00e9langeur Bluetooth 8 canaux Audibax M\u00e9langeur 8 canaux Audibax","og_url":"https:\/\/romantic-sinoussi.152-228-147-242.plesk.page\/fr\/produit\/mg08-usb-black-2\/","og_site_name":"Audibax","twitter_card":"summary_large_image","twitter_misc":{"Dur\u00e9e de lecture estim\u00e9e":"1 minute"},"schema":{"@context":"https:\/\/schema.org","@graph":[{"@type":"WebPage","@id":"https:\/\/romantic-sinoussi.152-228-147-242.plesk.page\/fr\/produit\/mg08-usb-black-2\/","url":"https:\/\/romantic-sinoussi.152-228-147-242.plesk.page\/fr\/produit\/mg08-usb-black-2\/","name":"MG08 USB Black - Audibax","isPartOf":{"@id":"https:\/\/romantic-sinoussi.152-228-147-242.plesk.page\/fr\/#website"},"datePublished":"2023-12-27T10:58:49+00:00","dateModified":"2023-12-27T10:58:49+00:00","breadcrumb":{"@id":"https:\/\/romantic-sinoussi.152-228-147-242.plesk.page\/fr\/produit\/mg08-usb-black-2\/#breadcrumb"},"inLanguage":"fr-FR","potentialAction":[{"@type":"ReadAction","target":["https:\/\/romantic-sinoussi.152-228-147-242.plesk.page\/fr\/produit\/mg08-usb-black-2\/"]}]},{"@type":"BreadcrumbList","@id":"https:\/\/romantic-sinoussi.152-228-147-242.plesk.page\/fr\/produit\/mg08-usb-black-2\/#breadcrumb","itemListElement":[{"@type":"ListItem","position":1,"name":"Portada","item":"https:\/\/romantic-sinoussi.152-228-147-242.plesk.page\/fr\/"},{"@type":"ListItem","position":2,"name":"Products","item":"https:\/\/romantic-sinoussi.152-228-147-242.plesk.page\/fr\/shop\/"},{"@type":"ListItem","position":3,"name":"MG08 USB Black"}]},{"@type":"WebSite","@id":"https:\/\/romantic-sinoussi.152-228-147-242.plesk.page\/fr\/#website","url":"https:\/\/romantic-sinoussi.152-228-147-242.plesk.page\/fr\/","name":"Audibax","description":"","publisher":{"@id":"https:\/\/romantic-sinoussi.152-228-147-242.plesk.page\/fr\/#organization"},"potentialAction":[{"@type":"SearchAction","target":{"@type":"EntryPoint","urlTemplate":"https:\/\/romantic-sinoussi.152-228-147-242.plesk.page\/fr\/?s={search_term_string}"},"query-input":"required name=search_term_string"}],"inLanguage":"fr-FR"},{"@type":"Organization","@id":"https:\/\/romantic-sinoussi.152-228-147-242.plesk.page\/fr\/#organization","name":"Audibax","url":"https:\/\/romantic-sinoussi.152-228-147-242.plesk.page\/fr\/","logo":{"@type":"ImageObject","inLanguage":"fr-FR","@id":"https:\/\/romantic-sinoussi.152-228-147-242.plesk.page\/fr\/#\/schema\/logo\/image\/","url":"https:\/\/romantic-sinoussi.152-228-147-242.plesk.page\/wp-content\/uploads\/2023\/09\/logo-Audibax-BLANCO-SVG-1.svg","contentUrl":"https:\/\/romantic-sinoussi.152-228-147-242.plesk.page\/wp-content\/uploads\/2023\/09\/logo-Audibax-BLANCO-SVG-1.svg","width":581,"height":146,"caption":"Audibax"},"image":{"@id":"https:\/\/romantic-sinoussi.152-228-147-242.plesk.page\/fr\/#\/schema\/logo\/image\/"}}]}},"_links":{"self":[{"href":"https:\/\/romantic-sinoussi.152-228-147-242.plesk.page\/fr\/wp-json\/wp\/v2\/product\/36730","targetHints":{"allow":["GET"]}}],"collection":[{"href":"https:\/\/romantic-sinoussi.152-228-147-242.plesk.page\/fr\/wp-json\/wp\/v2\/product"}],"about":[{"href":"https:\/\/romantic-sinoussi.152-228-147-242.plesk.page\/fr\/wp-json\/wp\/v2\/types\/product"}],"replies":[{"embeddable":true,"href":"https:\/\/romantic-sinoussi.152-228-147-242.plesk.page\/fr\/wp-json\/wp\/v2\/comments?post=36730"}],"wp:featuredmedia":[{"embeddable":true,"href":"https:\/\/romantic-sinoussi.152-228-147-242.plesk.page\/fr\/wp-json\/wp\/v2\/media\/17315"}],"wp:attachment":[{"href":"https:\/\/romantic-sinoussi.152-228-147-242.plesk.page\/fr\/wp-json\/wp\/v2\/media?parent=36730"}],"wp:term":[{"taxonomy":"product_cat","embeddable":true,"href":"https:\/\/romantic-sinoussi.152-228-147-242.plesk.page\/fr\/wp-json\/wp\/v2\/product_cat?post=36730"},{"taxonomy":"product_tag","embeddable":true,"href":"https:\/\/romantic-sinoussi.152-228-147-242.plesk.page\/fr\/wp-json\/wp\/v2\/product_tag?post=36730"}],"curies":[{"name":"wp","href":"https:\/\/api.w.org\/{rel}","templated":true}]}}