{"id":36738,"date":"2023-12-27T11:58:57","date_gmt":"2023-12-27T10:58:57","guid":{"rendered":"https:\/\/romantic-sinoussi.152-228-147-242.plesk.page\/product\/1002-fx-usb-black-2\/"},"modified":"2023-12-27T11:58:57","modified_gmt":"2023-12-27T10:58:57","slug":"1002-fx-usb-black-2","status":"publish","type":"product","link":"https:\/\/romantic-sinoussi.152-228-147-242.plesk.page\/fr\/produit\/1002-fx-usb-black-2\/","title":{"rendered":"1002 FX USB Black"},"content":{"rendered":"<\/p>\n<p><strong>Audibax 1002 FX USB<\/strong>, console de mixage analogique 10 canaux avec processeur d&#8217;effets DSP int\u00e9gr\u00e9 et interface USB.<\/p>\n<ul>\n<ul>\n<li>Console de mixage analogique 10 canaux.<\/li>\n<li>Avec processeur d&#8217;effets int\u00e9gr\u00e9<\/li>\n<li>2 entr\u00e9es micro avec alimentation fant\u00f4me commutable<\/li>\n<li>\u00c9galiseur 3 bandes et balance<\/li>\n<li>2 entr\u00e9es micro avec alimentation fant\u00f4me commutable.\u00c9galiseur 3 bandes et balance<\/li>\n<li>2 entr\u00e9es st\u00e9r\u00e9o, chacune avec 2 entr\u00e9es jack et \u00e9galiseur 3 bandes<\/li>\n<li>Sortie master via 2 jacks<\/li>\n<li>Sortie master via 2 jacks<\/li>\n<li>Entr\u00e9e haut-parleur<\/li>\n<li>Sortie haut-parleur via 2 jacks<\/li>\n<li>Sortie haut-parleur via 2 jacks<\/li>\n<li>Sortie haut-parleur via 2 jacks.2 prises<\/li>\n<li>Sortie salle de contr\u00f4le<\/li>\n<li>Interface audio USB<\/li>\n<li>Entr\u00e9e suppl\u00e9mentaire via RCA (entr\u00e9e\/sortie)<\/li>\n<li>Entr\u00e9e esclave via RCA (entr\u00e9e\/sortie)<\/li>\n<li>Entr\u00e9e esclave via RCA (entr\u00e9e\/sortie)<\/li>\n<li>Entr\u00e9e esclave via RCA (entr\u00e9e\/sortie)<\/li>\n<li>Entr\u00e9e esclave via RCA ;Entr\u00e9e\/sortie RCA (entr\u00e9e\/sortie 2 pistes)<\/li>\n<li>Sortie casque r\u00e9glable ind\u00e9pendamment<\/li>\n<li>Alimentation externe<\/li>\n<\/ul>\n<\/ul>\n","protected":false},"excerpt":{"rendered":"<ul>\n<li>Console de mixage analogique \u00e0 8 canaux.<\/li>\n<li>Avec processeur d&#8217;effets int\u00e9gr\u00e9<\/li>\n<li>4 entr\u00e9es micro avec alimentation fant\u00f4me commutable<\/li>\n<li>4 entr\u00e9es phono avec alimentation fant\u00f4me commutable<\/li>\n<li>\u00c9galiseur 3 bandes et balance<\/li>\n<li>2 entr\u00e9es st\u00e9r\u00e9o<\/li>\n<li>2 entr\u00e9es st\u00e9r\u00e9o et balance<\/li>\n<li>2 entr\u00e9es st\u00e9r\u00e9o<\/li>\n<p>. <\/p>\n<li>\u00c9galiseur 3 bandes et balance<\/li>\n<li>2 entr\u00e9es st\u00e9r\u00e9o, chacune avec 2 entr\u00e9es jack et \u00e9galiseur 3 bandes<\/li>\n<\/ul>\n<li><\/ul>\n<li>\u00c9galiseur et balance<\/li>\n<\/ul>\n<li>2 entr\u00e9es st\u00e9r\u00e9o, chacune avec 2 entr\u00e9es jack et \u00e9galiseur 3 bandes.<br \/>\n","protected":false},"featured_media":16751,"comment_status":"open","ping_status":"closed","template":"","meta":[],"product_cat":[402,243],"product_tag":[],"class_list":{"0":"post-36738","1":"product","2":"type-product","3":"status-publish","4":"has-post-thumbnail","6":"product_cat-mixers-fr","7":"product_cat-uncategorized","9":"first","10":"instock","11":"shipping-taxable","12":"product-type-simple"},"acf":[],"yoast_head":"<!-- This site is optimized with the Yoast SEO plugin v21.5 - https:\/\/yoast.com\/wordpress\/plugins\/seo\/ -->\n<title>1002 FX USB Black - Audibax<\/title>\n<meta name=\"robots\" content=\"noindex, follow, max-snippet:-1, max-image-preview:large, max-video-preview:-1\" \/>\n<meta property=\"og:locale\" content=\"fr_FR\" \/>\n<meta property=\"og:type\" content=\"article\" \/>\n<meta property=\"og:title\" content=\"1002 FX USB Black - Audibax\" \/>\n<meta property=\"og:description\" content=\"Console de mixage analogique \u00e0 8 canaux. Avec processeur d&#039;effets int\u00e9gr\u00e9 4 entr\u00e9es micro avec alimentation fant\u00f4me commutable 4 entr\u00e9es phono avec alimentation fant\u00f4me commutable \u00c9galiseur 3 bandes et balance 2 entr\u00e9es st\u00e9r\u00e9o 2 entr\u00e9es st\u00e9r\u00e9o et balance 2 entr\u00e9es st\u00e9r\u00e9o. \u00c9galiseur 3 bandes et balance 2 entr\u00e9es st\u00e9r\u00e9o, chacune avec 2 entr\u00e9es jack et \u00e9galiseur 3 bandes  \u00c9galiseur et balance 2 entr\u00e9es st\u00e9r\u00e9o, chacune avec 2 entr\u00e9es jack et \u00e9galiseur 3 bandes.\" \/>\n<meta property=\"og:url\" content=\"https:\/\/romantic-sinoussi.152-228-147-242.plesk.page\/fr\/produit\/1002-fx-usb-black-2\/\" \/>\n<meta property=\"og:site_name\" content=\"Audibax\" \/>\n<meta name=\"twitter:card\" content=\"summary_large_image\" \/>\n<meta name=\"twitter:label1\" content=\"Dur\u00e9e de lecture estim\u00e9e\" \/>\n\t<meta name=\"twitter:data1\" content=\"1 minute\" \/>\n<script type=\"application\/ld+json\" class=\"yoast-schema-graph\">{\"@context\":\"https:\/\/schema.org\",\"@graph\":[{\"@type\":\"WebPage\",\"@id\":\"https:\/\/romantic-sinoussi.152-228-147-242.plesk.page\/fr\/produit\/1002-fx-usb-black-2\/\",\"url\":\"https:\/\/romantic-sinoussi.152-228-147-242.plesk.page\/fr\/produit\/1002-fx-usb-black-2\/\",\"name\":\"1002 FX USB Black - Audibax\",\"isPartOf\":{\"@id\":\"https:\/\/romantic-sinoussi.152-228-147-242.plesk.page\/fr\/#website\"},\"datePublished\":\"2023-12-27T10:58:57+00:00\",\"dateModified\":\"2023-12-27T10:58:57+00:00\",\"breadcrumb\":{\"@id\":\"https:\/\/romantic-sinoussi.152-228-147-242.plesk.page\/fr\/produit\/1002-fx-usb-black-2\/#breadcrumb\"},\"inLanguage\":\"fr-FR\",\"potentialAction\":[{\"@type\":\"ReadAction\",\"target\":[\"https:\/\/romantic-sinoussi.152-228-147-242.plesk.page\/fr\/produit\/1002-fx-usb-black-2\/\"]}]},{\"@type\":\"BreadcrumbList\",\"@id\":\"https:\/\/romantic-sinoussi.152-228-147-242.plesk.page\/fr\/produit\/1002-fx-usb-black-2\/#breadcrumb\",\"itemListElement\":[{\"@type\":\"ListItem\",\"position\":1,\"name\":\"Portada\",\"item\":\"https:\/\/romantic-sinoussi.152-228-147-242.plesk.page\/fr\/\"},{\"@type\":\"ListItem\",\"position\":2,\"name\":\"Products\",\"item\":\"https:\/\/romantic-sinoussi.152-228-147-242.plesk.page\/fr\/shop\/\"},{\"@type\":\"ListItem\",\"position\":3,\"name\":\"1002 FX USB Black\"}]},{\"@type\":\"WebSite\",\"@id\":\"https:\/\/romantic-sinoussi.152-228-147-242.plesk.page\/fr\/#website\",\"url\":\"https:\/\/romantic-sinoussi.152-228-147-242.plesk.page\/fr\/\",\"name\":\"Audibax\",\"description\":\"\",\"publisher\":{\"@id\":\"https:\/\/romantic-sinoussi.152-228-147-242.plesk.page\/fr\/#organization\"},\"potentialAction\":[{\"@type\":\"SearchAction\",\"target\":{\"@type\":\"EntryPoint\",\"urlTemplate\":\"https:\/\/romantic-sinoussi.152-228-147-242.plesk.page\/fr\/?s={search_term_string}\"},\"query-input\":\"required name=search_term_string\"}],\"inLanguage\":\"fr-FR\"},{\"@type\":\"Organization\",\"@id\":\"https:\/\/romantic-sinoussi.152-228-147-242.plesk.page\/fr\/#organization\",\"name\":\"Audibax\",\"url\":\"https:\/\/romantic-sinoussi.152-228-147-242.plesk.page\/fr\/\",\"logo\":{\"@type\":\"ImageObject\",\"inLanguage\":\"fr-FR\",\"@id\":\"https:\/\/romantic-sinoussi.152-228-147-242.plesk.page\/fr\/#\/schema\/logo\/image\/\",\"url\":\"https:\/\/romantic-sinoussi.152-228-147-242.plesk.page\/wp-content\/uploads\/2023\/09\/logo-Audibax-BLANCO-SVG-1.svg\",\"contentUrl\":\"https:\/\/romantic-sinoussi.152-228-147-242.plesk.page\/wp-content\/uploads\/2023\/09\/logo-Audibax-BLANCO-SVG-1.svg\",\"width\":581,\"height\":146,\"caption\":\"Audibax\"},\"image\":{\"@id\":\"https:\/\/romantic-sinoussi.152-228-147-242.plesk.page\/fr\/#\/schema\/logo\/image\/\"}}]}<\/script>\n<!-- \/ Yoast SEO plugin. -->","yoast_head_json":{"title":"1002 FX USB Black - Audibax","robots":{"index":"noindex","follow":"follow","max-snippet":"max-snippet:-1","max-image-preview":"max-image-preview:large","max-video-preview":"max-video-preview:-1"},"og_locale":"fr_FR","og_type":"article","og_title":"1002 FX USB Black - Audibax","og_description":"Console de mixage analogique \u00e0 8 canaux. Avec processeur d'effets int\u00e9gr\u00e9 4 entr\u00e9es micro avec alimentation fant\u00f4me commutable 4 entr\u00e9es phono avec alimentation fant\u00f4me commutable \u00c9galiseur 3 bandes et balance 2 entr\u00e9es st\u00e9r\u00e9o 2 entr\u00e9es st\u00e9r\u00e9o et balance 2 entr\u00e9es st\u00e9r\u00e9o. \u00c9galiseur 3 bandes et balance 2 entr\u00e9es st\u00e9r\u00e9o, chacune avec 2 entr\u00e9es jack et \u00e9galiseur 3 bandes  \u00c9galiseur et balance 2 entr\u00e9es st\u00e9r\u00e9o, chacune avec 2 entr\u00e9es jack et \u00e9galiseur 3 bandes.","og_url":"https:\/\/romantic-sinoussi.152-228-147-242.plesk.page\/fr\/produit\/1002-fx-usb-black-2\/","og_site_name":"Audibax","twitter_card":"summary_large_image","twitter_misc":{"Dur\u00e9e de lecture estim\u00e9e":"1 minute"},"schema":{"@context":"https:\/\/schema.org","@graph":[{"@type":"WebPage","@id":"https:\/\/romantic-sinoussi.152-228-147-242.plesk.page\/fr\/produit\/1002-fx-usb-black-2\/","url":"https:\/\/romantic-sinoussi.152-228-147-242.plesk.page\/fr\/produit\/1002-fx-usb-black-2\/","name":"1002 FX USB Black - Audibax","isPartOf":{"@id":"https:\/\/romantic-sinoussi.152-228-147-242.plesk.page\/fr\/#website"},"datePublished":"2023-12-27T10:58:57+00:00","dateModified":"2023-12-27T10:58:57+00:00","breadcrumb":{"@id":"https:\/\/romantic-sinoussi.152-228-147-242.plesk.page\/fr\/produit\/1002-fx-usb-black-2\/#breadcrumb"},"inLanguage":"fr-FR","potentialAction":[{"@type":"ReadAction","target":["https:\/\/romantic-sinoussi.152-228-147-242.plesk.page\/fr\/produit\/1002-fx-usb-black-2\/"]}]},{"@type":"BreadcrumbList","@id":"https:\/\/romantic-sinoussi.152-228-147-242.plesk.page\/fr\/produit\/1002-fx-usb-black-2\/#breadcrumb","itemListElement":[{"@type":"ListItem","position":1,"name":"Portada","item":"https:\/\/romantic-sinoussi.152-228-147-242.plesk.page\/fr\/"},{"@type":"ListItem","position":2,"name":"Products","item":"https:\/\/romantic-sinoussi.152-228-147-242.plesk.page\/fr\/shop\/"},{"@type":"ListItem","position":3,"name":"1002 FX USB Black"}]},{"@type":"WebSite","@id":"https:\/\/romantic-sinoussi.152-228-147-242.plesk.page\/fr\/#website","url":"https:\/\/romantic-sinoussi.152-228-147-242.plesk.page\/fr\/","name":"Audibax","description":"","publisher":{"@id":"https:\/\/romantic-sinoussi.152-228-147-242.plesk.page\/fr\/#organization"},"potentialAction":[{"@type":"SearchAction","target":{"@type":"EntryPoint","urlTemplate":"https:\/\/romantic-sinoussi.152-228-147-242.plesk.page\/fr\/?s={search_term_string}"},"query-input":"required name=search_term_string"}],"inLanguage":"fr-FR"},{"@type":"Organization","@id":"https:\/\/romantic-sinoussi.152-228-147-242.plesk.page\/fr\/#organization","name":"Audibax","url":"https:\/\/romantic-sinoussi.152-228-147-242.plesk.page\/fr\/","logo":{"@type":"ImageObject","inLanguage":"fr-FR","@id":"https:\/\/romantic-sinoussi.152-228-147-242.plesk.page\/fr\/#\/schema\/logo\/image\/","url":"https:\/\/romantic-sinoussi.152-228-147-242.plesk.page\/wp-content\/uploads\/2023\/09\/logo-Audibax-BLANCO-SVG-1.svg","contentUrl":"https:\/\/romantic-sinoussi.152-228-147-242.plesk.page\/wp-content\/uploads\/2023\/09\/logo-Audibax-BLANCO-SVG-1.svg","width":581,"height":146,"caption":"Audibax"},"image":{"@id":"https:\/\/romantic-sinoussi.152-228-147-242.plesk.page\/fr\/#\/schema\/logo\/image\/"}}]}},"_links":{"self":[{"href":"https:\/\/romantic-sinoussi.152-228-147-242.plesk.page\/fr\/wp-json\/wp\/v2\/product\/36738","targetHints":{"allow":["GET"]}}],"collection":[{"href":"https:\/\/romantic-sinoussi.152-228-147-242.plesk.page\/fr\/wp-json\/wp\/v2\/product"}],"about":[{"href":"https:\/\/romantic-sinoussi.152-228-147-242.plesk.page\/fr\/wp-json\/wp\/v2\/types\/product"}],"replies":[{"embeddable":true,"href":"https:\/\/romantic-sinoussi.152-228-147-242.plesk.page\/fr\/wp-json\/wp\/v2\/comments?post=36738"}],"wp:featuredmedia":[{"embeddable":true,"href":"https:\/\/romantic-sinoussi.152-228-147-242.plesk.page\/fr\/wp-json\/wp\/v2\/media\/16751"}],"wp:attachment":[{"href":"https:\/\/romantic-sinoussi.152-228-147-242.plesk.page\/fr\/wp-json\/wp\/v2\/media?parent=36738"}],"wp:term":[{"taxonomy":"product_cat","embeddable":true,"href":"https:\/\/romantic-sinoussi.152-228-147-242.plesk.page\/fr\/wp-json\/wp\/v2\/product_cat?post=36738"},{"taxonomy":"product_tag","embeddable":true,"href":"https:\/\/romantic-sinoussi.152-228-147-242.plesk.page\/fr\/wp-json\/wp\/v2\/product_tag?post=36738"}],"curies":[{"name":"wp","href":"https:\/\/api.w.org\/{rel}","templated":true}]}}