{"id":36745,"date":"2023-12-27T11:59:07","date_gmt":"2023-12-27T10:59:07","guid":{"rendered":"https:\/\/romantic-sinoussi.152-228-147-242.plesk.page\/product\/party-212-black-2\/"},"modified":"2023-12-27T11:59:07","modified_gmt":"2023-12-27T10:59:07","slug":"party-212-black-2","status":"publish","type":"product","link":"https:\/\/romantic-sinoussi.152-228-147-242.plesk.page\/fr\/produit\/party-212-black-2\/","title":{"rendered":"Party 212 Black"},"content":{"rendered":"<\/p>\n<p><strong>Audibax Party 212 Led Set 2 Speakers 12&#038;quot ; ( 1 Active + 1 Passive ) PRO 1000W Peak + Stands + Cabling + Microphone<\/strong>.<\/p>\n<p>La technologie, et le Smartphone en particulier, a chang\u00e9 le concept de la fa\u00e7on dont nous \u00e9coutons la musique.<br \/>La musique, dans la plupart des cas, est d\u00e9j\u00e0 dans notre abonnement de streaming ou dans la m\u00e9moire interne du t\u00e9l\u00e9phone, de sorte que le syst\u00e8me d&#8217;\u00e9coute ne passe plus habituellement par des syst\u00e8mes sonores fixes.<br \/> L&#8217;Audibax Party 212 est un ensemble complet plug &#038; play.L&#8217;ensemble se compose de 2 x 12&#038;rdquo ; haut-parleurs plus 1.5&#038;rdquo ; ( Active + Passive )<br \/> Utilise la technologie Bluetooth ainsi que des entr\u00e9es et des commandes USB\/SD pour une performance optimale du syst\u00e8me.<\/p>\n<p>Les deux enceintes int\u00e8grent des anneaux d&#8217;effet LED qui rendront la f\u00eate encore plus incroyable.<br \/> L&#8217;ensemble est livr\u00e9 avec 2 supports d&#8217;enceintes, un c\u00e2ble pour les connecter et un microphone.<\/p>\n<p>&nbsp;<\/p>\n<p><span style=\"colour:rgb(105, 105, 105)\"><span style=\"font-size :16px\"><strong>T&eacute;c Caract\u00e9ristiques techniques Party 212 Audibax<\/strong><\/strong><\/span><\/span><\/span><\/p>\n<ul>\n<li>Puissance r\u00e9gl\u00e9e : 400 W RMS&#038;nbsp ; \/&#038;nbsp ; 1000 W peak<\/li>\n<li>2 haut-parleurs \u00e0 2 voies ( 1 actif et 1 passif )<\/li>\n<li>2 pieds inclus<\/li>\n<li>1 microphone \u00e0 main inclus<\/li>\n<li>1 microphone \u00e0 main inclus<\/li>\n<li>2 haut-parleurs inclus.\n<li>\n<li>C\u00e2bles de haut-parleur et c\u00e2ble XLR inclus<\/li>\n<li>1 t\u00e9l\u00e9commande incluse<\/li>\n<li>Nouvel effet avec LED RGB avec mouvement<\/li>\n<li>Woofer 12&#038;quot ; + 1 moteur 1.5&#038;quot ; Compression<\/li>\n<li>Tweeter : 25mm Titanium<\/li>\n<li>Connexion USB\/SD et lecture ( sur l&#8217;enceinte active )<\/li>\n<li>Connexion Bluetooth.(sur l&#8217;enceinte active)<\/li>\n<li>Amplification : Classe A\/B&#038;nbsp ;( sur le haut-parleur actif )<\/li>\n<li>Radio FM<\/li>\n<li>Dimensions : 12 pouces<\/li>\n<li>R\u00e9ponse en fr\u00e9quence : 65Hz-20KHz<\/li>\n<li>Contr\u00f4le des graves et des aigus<\/li>\n<li>Sensibilit\u00e9 : 95 dB<\/li>\n<li>Imp\u00e9dance : 8 Ohm<\/li>\n<li>Entr\u00e9e micro avec XLR ou Jack 3 contr\u00f4le du volume.5<\/li>\n<li>Entr\u00e9e ligne : RCA et XLR<\/li>\n<li>Sortie ligne : XLR et Jack<\/li>\n<li>L&#8217;unit\u00e9 de haut-parleur mesure : 570x310x360mm<\/li>\n<li>Poids : 24 kg au total<\/li>\n<\/ul>\n","protected":false},"excerpt":{"rendered":"<ul>\n<li>L&#8217;ensemble comprend 2 haut-parleurs de 12 pouces<\/li>\n<li>Puissance de l&#8217;ensemble :Comprend un c\u00e2ble de microphone et un c\u00e2ble de haut-parleur<\/li>\n<li>Inclut une t\u00e9l\u00e9commande<\/li>\n<\/ul>\n<p>&nbsp;<\/p>\n<\/p>\n<\/p>\n<\/p>\n<\/p>\n<\/p>\n<\/p>\n<p>.<\/p>\n","protected":false},"featured_media":16685,"comment_status":"open","ping_status":"closed","template":"","meta":[],"product_cat":[254,243],"product_tag":[],"class_list":{"0":"post-36745","1":"product","2":"type-product","3":"status-publish","4":"has-post-thumbnail","6":"product_cat-active-speakers-fr","7":"product_cat-uncategorized","9":"first","10":"instock","11":"shipping-taxable","12":"product-type-simple"},"acf":[],"yoast_head":"<!-- This site is optimized with the Yoast SEO plugin v21.5 - https:\/\/yoast.com\/wordpress\/plugins\/seo\/ -->\n<title>Party 212 Black - Audibax<\/title>\n<meta name=\"robots\" content=\"noindex, follow, max-snippet:-1, max-image-preview:large, max-video-preview:-1\" \/>\n<meta property=\"og:locale\" content=\"fr_FR\" \/>\n<meta property=\"og:type\" content=\"article\" \/>\n<meta property=\"og:title\" content=\"Party 212 Black - Audibax\" \/>\n<meta property=\"og:description\" content=\"L&#039;ensemble comprend 2 haut-parleurs de 12 pouces Puissance de l&#039;ensemble :Comprend un c\u00e2ble de microphone et un c\u00e2ble de haut-parleur Inclut une t\u00e9l\u00e9commande  &nbsp;      .\" \/>\n<meta property=\"og:url\" content=\"https:\/\/romantic-sinoussi.152-228-147-242.plesk.page\/fr\/produit\/party-212-black-2\/\" \/>\n<meta property=\"og:site_name\" content=\"Audibax\" \/>\n<meta name=\"twitter:card\" content=\"summary_large_image\" \/>\n<meta name=\"twitter:label1\" content=\"Dur\u00e9e de lecture estim\u00e9e\" \/>\n\t<meta name=\"twitter:data1\" content=\"1 minute\" \/>\n<script type=\"application\/ld+json\" class=\"yoast-schema-graph\">{\"@context\":\"https:\/\/schema.org\",\"@graph\":[{\"@type\":\"WebPage\",\"@id\":\"https:\/\/romantic-sinoussi.152-228-147-242.plesk.page\/fr\/produit\/party-212-black-2\/\",\"url\":\"https:\/\/romantic-sinoussi.152-228-147-242.plesk.page\/fr\/produit\/party-212-black-2\/\",\"name\":\"Party 212 Black - Audibax\",\"isPartOf\":{\"@id\":\"https:\/\/romantic-sinoussi.152-228-147-242.plesk.page\/fr\/#website\"},\"datePublished\":\"2023-12-27T10:59:07+00:00\",\"dateModified\":\"2023-12-27T10:59:07+00:00\",\"breadcrumb\":{\"@id\":\"https:\/\/romantic-sinoussi.152-228-147-242.plesk.page\/fr\/produit\/party-212-black-2\/#breadcrumb\"},\"inLanguage\":\"fr-FR\",\"potentialAction\":[{\"@type\":\"ReadAction\",\"target\":[\"https:\/\/romantic-sinoussi.152-228-147-242.plesk.page\/fr\/produit\/party-212-black-2\/\"]}]},{\"@type\":\"BreadcrumbList\",\"@id\":\"https:\/\/romantic-sinoussi.152-228-147-242.plesk.page\/fr\/produit\/party-212-black-2\/#breadcrumb\",\"itemListElement\":[{\"@type\":\"ListItem\",\"position\":1,\"name\":\"Portada\",\"item\":\"https:\/\/romantic-sinoussi.152-228-147-242.plesk.page\/fr\/\"},{\"@type\":\"ListItem\",\"position\":2,\"name\":\"Products\",\"item\":\"https:\/\/romantic-sinoussi.152-228-147-242.plesk.page\/fr\/shop\/\"},{\"@type\":\"ListItem\",\"position\":3,\"name\":\"Party 212 Black\"}]},{\"@type\":\"WebSite\",\"@id\":\"https:\/\/romantic-sinoussi.152-228-147-242.plesk.page\/fr\/#website\",\"url\":\"https:\/\/romantic-sinoussi.152-228-147-242.plesk.page\/fr\/\",\"name\":\"Audibax\",\"description\":\"\",\"publisher\":{\"@id\":\"https:\/\/romantic-sinoussi.152-228-147-242.plesk.page\/fr\/#organization\"},\"potentialAction\":[{\"@type\":\"SearchAction\",\"target\":{\"@type\":\"EntryPoint\",\"urlTemplate\":\"https:\/\/romantic-sinoussi.152-228-147-242.plesk.page\/fr\/?s={search_term_string}\"},\"query-input\":\"required name=search_term_string\"}],\"inLanguage\":\"fr-FR\"},{\"@type\":\"Organization\",\"@id\":\"https:\/\/romantic-sinoussi.152-228-147-242.plesk.page\/fr\/#organization\",\"name\":\"Audibax\",\"url\":\"https:\/\/romantic-sinoussi.152-228-147-242.plesk.page\/fr\/\",\"logo\":{\"@type\":\"ImageObject\",\"inLanguage\":\"fr-FR\",\"@id\":\"https:\/\/romantic-sinoussi.152-228-147-242.plesk.page\/fr\/#\/schema\/logo\/image\/\",\"url\":\"https:\/\/romantic-sinoussi.152-228-147-242.plesk.page\/wp-content\/uploads\/2023\/09\/logo-Audibax-BLANCO-SVG-1.svg\",\"contentUrl\":\"https:\/\/romantic-sinoussi.152-228-147-242.plesk.page\/wp-content\/uploads\/2023\/09\/logo-Audibax-BLANCO-SVG-1.svg\",\"width\":581,\"height\":146,\"caption\":\"Audibax\"},\"image\":{\"@id\":\"https:\/\/romantic-sinoussi.152-228-147-242.plesk.page\/fr\/#\/schema\/logo\/image\/\"}}]}<\/script>\n<!-- \/ Yoast SEO plugin. -->","yoast_head_json":{"title":"Party 212 Black - Audibax","robots":{"index":"noindex","follow":"follow","max-snippet":"max-snippet:-1","max-image-preview":"max-image-preview:large","max-video-preview":"max-video-preview:-1"},"og_locale":"fr_FR","og_type":"article","og_title":"Party 212 Black - Audibax","og_description":"L'ensemble comprend 2 haut-parleurs de 12 pouces Puissance de l'ensemble :Comprend un c\u00e2ble de microphone et un c\u00e2ble de haut-parleur Inclut une t\u00e9l\u00e9commande  &nbsp;      .","og_url":"https:\/\/romantic-sinoussi.152-228-147-242.plesk.page\/fr\/produit\/party-212-black-2\/","og_site_name":"Audibax","twitter_card":"summary_large_image","twitter_misc":{"Dur\u00e9e de lecture estim\u00e9e":"1 minute"},"schema":{"@context":"https:\/\/schema.org","@graph":[{"@type":"WebPage","@id":"https:\/\/romantic-sinoussi.152-228-147-242.plesk.page\/fr\/produit\/party-212-black-2\/","url":"https:\/\/romantic-sinoussi.152-228-147-242.plesk.page\/fr\/produit\/party-212-black-2\/","name":"Party 212 Black - Audibax","isPartOf":{"@id":"https:\/\/romantic-sinoussi.152-228-147-242.plesk.page\/fr\/#website"},"datePublished":"2023-12-27T10:59:07+00:00","dateModified":"2023-12-27T10:59:07+00:00","breadcrumb":{"@id":"https:\/\/romantic-sinoussi.152-228-147-242.plesk.page\/fr\/produit\/party-212-black-2\/#breadcrumb"},"inLanguage":"fr-FR","potentialAction":[{"@type":"ReadAction","target":["https:\/\/romantic-sinoussi.152-228-147-242.plesk.page\/fr\/produit\/party-212-black-2\/"]}]},{"@type":"BreadcrumbList","@id":"https:\/\/romantic-sinoussi.152-228-147-242.plesk.page\/fr\/produit\/party-212-black-2\/#breadcrumb","itemListElement":[{"@type":"ListItem","position":1,"name":"Portada","item":"https:\/\/romantic-sinoussi.152-228-147-242.plesk.page\/fr\/"},{"@type":"ListItem","position":2,"name":"Products","item":"https:\/\/romantic-sinoussi.152-228-147-242.plesk.page\/fr\/shop\/"},{"@type":"ListItem","position":3,"name":"Party 212 Black"}]},{"@type":"WebSite","@id":"https:\/\/romantic-sinoussi.152-228-147-242.plesk.page\/fr\/#website","url":"https:\/\/romantic-sinoussi.152-228-147-242.plesk.page\/fr\/","name":"Audibax","description":"","publisher":{"@id":"https:\/\/romantic-sinoussi.152-228-147-242.plesk.page\/fr\/#organization"},"potentialAction":[{"@type":"SearchAction","target":{"@type":"EntryPoint","urlTemplate":"https:\/\/romantic-sinoussi.152-228-147-242.plesk.page\/fr\/?s={search_term_string}"},"query-input":"required name=search_term_string"}],"inLanguage":"fr-FR"},{"@type":"Organization","@id":"https:\/\/romantic-sinoussi.152-228-147-242.plesk.page\/fr\/#organization","name":"Audibax","url":"https:\/\/romantic-sinoussi.152-228-147-242.plesk.page\/fr\/","logo":{"@type":"ImageObject","inLanguage":"fr-FR","@id":"https:\/\/romantic-sinoussi.152-228-147-242.plesk.page\/fr\/#\/schema\/logo\/image\/","url":"https:\/\/romantic-sinoussi.152-228-147-242.plesk.page\/wp-content\/uploads\/2023\/09\/logo-Audibax-BLANCO-SVG-1.svg","contentUrl":"https:\/\/romantic-sinoussi.152-228-147-242.plesk.page\/wp-content\/uploads\/2023\/09\/logo-Audibax-BLANCO-SVG-1.svg","width":581,"height":146,"caption":"Audibax"},"image":{"@id":"https:\/\/romantic-sinoussi.152-228-147-242.plesk.page\/fr\/#\/schema\/logo\/image\/"}}]}},"_links":{"self":[{"href":"https:\/\/romantic-sinoussi.152-228-147-242.plesk.page\/fr\/wp-json\/wp\/v2\/product\/36745","targetHints":{"allow":["GET"]}}],"collection":[{"href":"https:\/\/romantic-sinoussi.152-228-147-242.plesk.page\/fr\/wp-json\/wp\/v2\/product"}],"about":[{"href":"https:\/\/romantic-sinoussi.152-228-147-242.plesk.page\/fr\/wp-json\/wp\/v2\/types\/product"}],"replies":[{"embeddable":true,"href":"https:\/\/romantic-sinoussi.152-228-147-242.plesk.page\/fr\/wp-json\/wp\/v2\/comments?post=36745"}],"wp:featuredmedia":[{"embeddable":true,"href":"https:\/\/romantic-sinoussi.152-228-147-242.plesk.page\/fr\/wp-json\/wp\/v2\/media\/16685"}],"wp:attachment":[{"href":"https:\/\/romantic-sinoussi.152-228-147-242.plesk.page\/fr\/wp-json\/wp\/v2\/media?parent=36745"}],"wp:term":[{"taxonomy":"product_cat","embeddable":true,"href":"https:\/\/romantic-sinoussi.152-228-147-242.plesk.page\/fr\/wp-json\/wp\/v2\/product_cat?post=36745"},{"taxonomy":"product_tag","embeddable":true,"href":"https:\/\/romantic-sinoussi.152-228-147-242.plesk.page\/fr\/wp-json\/wp\/v2\/product_tag?post=36745"}],"curies":[{"name":"wp","href":"https:\/\/api.w.org\/{rel}","templated":true}]}}