{"id":36752,"date":"2023-12-27T11:59:14","date_gmt":"2023-12-27T10:59:14","guid":{"rendered":"https:\/\/romantic-sinoussi.152-228-147-242.plesk.page\/product\/vegas-15-black-2\/"},"modified":"2023-12-27T11:59:14","modified_gmt":"2023-12-27T10:59:14","slug":"vegas-15-black-2","status":"publish","type":"product","link":"https:\/\/romantic-sinoussi.152-228-147-242.plesk.page\/fr\/produit\/vegas-15-black-2\/","title":{"rendered":"Vegas 15 Black"},"content":{"rendered":"<\/p>\n<p><strong>Audibax VEGAS 15 Enceinte professionnelle Bluetooth 15 USB et effets lumineux LED<\/strong><\/strong><\/p>\n<p>Vous avez besoin d&#8217;une enceinte puissante pour vos soir\u00e9es ?<br \/> Vous avez une association et vous faites des r\u00e9unions en musique ? <br \/> Vous voulez que vos \u00e9coliers dansent dans la cour de r\u00e9cr\u00e9ation, avec un bon volume et une bonne qualit\u00e9 sonore ?<\/p>\n<p>Connectez-les via bluetooth \u00e0 votre Smartphone et n&#8217;arr\u00eatez jamais la musique.<\/p>\n<p>Tous ces exemples sont des exemples o\u00f9 la nouvelle s\u00e9rie Vegas d&#8217;Audibax peut donner le meilleur d&#8217;elle-m\u00eame.<\/p>\n<p> Plusieurs tailles sont disponibles, vous pouvez donc choisir celle qui correspond le mieux \u00e0 vos besoins. Gr\u00e2ce \u00e0 sa connectivit\u00e9 vari\u00e9e, vous pouvez connecter n&#8217;importe quoi, d&#8217;un microphone \u00e0 un ordinateur, gr\u00e2ce \u00e0 ses entr\u00e9es XLR et RCA. Si vous pr\u00e9f\u00e9rez le monde num\u00e9rique, tous les mod\u00e8les sont \u00e9quip\u00e9s d&#8217;un lecteur USB et d&#8217;un lecteur de carte SD, ainsi que de la technologie Bluetooth pour connecter vos appareils sans fil. Les mod\u00e8les de 12 et 15 pouces disposent d&#8217;une sortie XLR passive qui vous permet de connecter plusieurs enceintes amplifi\u00e9es afin de diffuser la m\u00eame source sonore sur chacune d&#8217;entre elles. Et pour que votre f\u00eate ne manque de rien, toute la gamme est dot\u00e9e d&#8217;un ensemble spectaculaire de LED sur le haut-parleur lui-m\u00eame qui en font un r\u00e9gal visuel.<\/p>\n<ul>\n<li>\n<li>Haut-parleur actif 2V.<\/li>\n<li>\n<li>Woofer 15&#038;quot ; + 1 Motor 1.5&#038;quot ; Compresseur<\/li>\n<li>Connexion USB\/SD et lecture<\/li>\n<li>Connexion Bluetooth.<\/li>\n<li>Radio FM<\/li>\n<li>\n<ul> <\/ul>\n<li>\u00c9galisation interne.<\/li>\n<li>Taille : 15 pouces<\/li>\n<li>R\u00e9ponse en fr\u00e9quence : 55Hz-20KHz<\/li>\n<li>Contr\u00f4le des graves et des aigus<\/li>\n<li>Sensibilit\u00e9 : 94 dB<\/li>\n<li>Imp\u00e9dance : 4 Ohm<\/li>\n<li>Entr\u00e9e ligne Mic avec contr\u00f4le de volume XLR ou Jack 3.5<\/li>\n<li>Entr\u00e9e ligne<\/li>\n<li>Puissance : 150RMS- 300W peak<\/li>\n<li>Dimensions : 440x360x670mm<\/li>\n<\/ul>\n<p>* Errata : certaines informations erron\u00e9es peuvent se trouver dans les sp\u00e9cifications figurant sur la bo\u00eete ext\u00e9rieure du produit. Nous nous excusons pour tout inconv\u00e9nient*<\/p>\n<p>&nbsp;<\/p>\n<\/p>\n<p>Nous sommes d\u00e9sol\u00e9s pour tout inconv\u00e9nient.<\/p>\n","protected":false},"excerpt":{"rendered":"<ul>\n<li>Enceintes actives \u00e0 2 voies.<\/li>\n<li>Dimensions : 15 pouces<\/li>\n<li>Puissance : 150RMS- 300W peak<\/li>\n<li>Connexion USB\/SD et lecture<\/li>\n<li>Connexion Bluetooth.<\/li>\n<li>Auto-qualification<\/li>\n<\/li>\n<\/ul>\n<\/ul>\n<li>Auto-qualification.<br \/>\n","protected":false},"featured_media":16724,"comment_status":"open","ping_status":"closed","template":"","meta":[],"product_cat":[254,243],"product_tag":[],"class_list":{"0":"post-36752","1":"product","2":"type-product","3":"status-publish","4":"has-post-thumbnail","6":"product_cat-active-speakers-fr","7":"product_cat-uncategorized","9":"first","10":"instock","11":"shipping-taxable","12":"product-type-simple"},"acf":[],"yoast_head":"<!-- This site is optimized with the Yoast SEO plugin v21.5 - https:\/\/yoast.com\/wordpress\/plugins\/seo\/ -->\n<title>Vegas 15 Black - Audibax<\/title>\n<meta name=\"robots\" content=\"noindex, follow, max-snippet:-1, max-image-preview:large, max-video-preview:-1\" \/>\n<meta property=\"og:locale\" content=\"fr_FR\" \/>\n<meta property=\"og:type\" content=\"article\" \/>\n<meta property=\"og:title\" content=\"Vegas 15 Black - Audibax\" \/>\n<meta property=\"og:description\" content=\"Enceintes actives \u00e0 2 voies. Dimensions : 15 pouces Puissance : 150RMS- 300W peak Connexion USB\/SD et lecture Connexion Bluetooth. Auto-qualification  Auto-qualification.\" \/>\n<meta property=\"og:url\" content=\"https:\/\/romantic-sinoussi.152-228-147-242.plesk.page\/fr\/produit\/vegas-15-black-2\/\" \/>\n<meta property=\"og:site_name\" content=\"Audibax\" \/>\n<meta name=\"twitter:card\" content=\"summary_large_image\" \/>\n<meta name=\"twitter:label1\" content=\"Dur\u00e9e de lecture estim\u00e9e\" \/>\n\t<meta name=\"twitter:data1\" content=\"2 minutes\" \/>\n<script type=\"application\/ld+json\" class=\"yoast-schema-graph\">{\"@context\":\"https:\/\/schema.org\",\"@graph\":[{\"@type\":\"WebPage\",\"@id\":\"https:\/\/romantic-sinoussi.152-228-147-242.plesk.page\/fr\/produit\/vegas-15-black-2\/\",\"url\":\"https:\/\/romantic-sinoussi.152-228-147-242.plesk.page\/fr\/produit\/vegas-15-black-2\/\",\"name\":\"Vegas 15 Black - Audibax\",\"isPartOf\":{\"@id\":\"https:\/\/romantic-sinoussi.152-228-147-242.plesk.page\/fr\/#website\"},\"datePublished\":\"2023-12-27T10:59:14+00:00\",\"dateModified\":\"2023-12-27T10:59:14+00:00\",\"breadcrumb\":{\"@id\":\"https:\/\/romantic-sinoussi.152-228-147-242.plesk.page\/fr\/produit\/vegas-15-black-2\/#breadcrumb\"},\"inLanguage\":\"fr-FR\",\"potentialAction\":[{\"@type\":\"ReadAction\",\"target\":[\"https:\/\/romantic-sinoussi.152-228-147-242.plesk.page\/fr\/produit\/vegas-15-black-2\/\"]}]},{\"@type\":\"BreadcrumbList\",\"@id\":\"https:\/\/romantic-sinoussi.152-228-147-242.plesk.page\/fr\/produit\/vegas-15-black-2\/#breadcrumb\",\"itemListElement\":[{\"@type\":\"ListItem\",\"position\":1,\"name\":\"Portada\",\"item\":\"https:\/\/romantic-sinoussi.152-228-147-242.plesk.page\/fr\/\"},{\"@type\":\"ListItem\",\"position\":2,\"name\":\"Products\",\"item\":\"https:\/\/romantic-sinoussi.152-228-147-242.plesk.page\/fr\/shop\/\"},{\"@type\":\"ListItem\",\"position\":3,\"name\":\"Vegas 15 Black\"}]},{\"@type\":\"WebSite\",\"@id\":\"https:\/\/romantic-sinoussi.152-228-147-242.plesk.page\/fr\/#website\",\"url\":\"https:\/\/romantic-sinoussi.152-228-147-242.plesk.page\/fr\/\",\"name\":\"Audibax\",\"description\":\"\",\"publisher\":{\"@id\":\"https:\/\/romantic-sinoussi.152-228-147-242.plesk.page\/fr\/#organization\"},\"potentialAction\":[{\"@type\":\"SearchAction\",\"target\":{\"@type\":\"EntryPoint\",\"urlTemplate\":\"https:\/\/romantic-sinoussi.152-228-147-242.plesk.page\/fr\/?s={search_term_string}\"},\"query-input\":\"required name=search_term_string\"}],\"inLanguage\":\"fr-FR\"},{\"@type\":\"Organization\",\"@id\":\"https:\/\/romantic-sinoussi.152-228-147-242.plesk.page\/fr\/#organization\",\"name\":\"Audibax\",\"url\":\"https:\/\/romantic-sinoussi.152-228-147-242.plesk.page\/fr\/\",\"logo\":{\"@type\":\"ImageObject\",\"inLanguage\":\"fr-FR\",\"@id\":\"https:\/\/romantic-sinoussi.152-228-147-242.plesk.page\/fr\/#\/schema\/logo\/image\/\",\"url\":\"https:\/\/romantic-sinoussi.152-228-147-242.plesk.page\/wp-content\/uploads\/2023\/09\/logo-Audibax-BLANCO-SVG-1.svg\",\"contentUrl\":\"https:\/\/romantic-sinoussi.152-228-147-242.plesk.page\/wp-content\/uploads\/2023\/09\/logo-Audibax-BLANCO-SVG-1.svg\",\"width\":581,\"height\":146,\"caption\":\"Audibax\"},\"image\":{\"@id\":\"https:\/\/romantic-sinoussi.152-228-147-242.plesk.page\/fr\/#\/schema\/logo\/image\/\"}}]}<\/script>\n<!-- \/ Yoast SEO plugin. -->","yoast_head_json":{"title":"Vegas 15 Black - Audibax","robots":{"index":"noindex","follow":"follow","max-snippet":"max-snippet:-1","max-image-preview":"max-image-preview:large","max-video-preview":"max-video-preview:-1"},"og_locale":"fr_FR","og_type":"article","og_title":"Vegas 15 Black - Audibax","og_description":"Enceintes actives \u00e0 2 voies. Dimensions : 15 pouces Puissance : 150RMS- 300W peak Connexion USB\/SD et lecture Connexion Bluetooth. Auto-qualification  Auto-qualification.","og_url":"https:\/\/romantic-sinoussi.152-228-147-242.plesk.page\/fr\/produit\/vegas-15-black-2\/","og_site_name":"Audibax","twitter_card":"summary_large_image","twitter_misc":{"Dur\u00e9e de lecture estim\u00e9e":"2 minutes"},"schema":{"@context":"https:\/\/schema.org","@graph":[{"@type":"WebPage","@id":"https:\/\/romantic-sinoussi.152-228-147-242.plesk.page\/fr\/produit\/vegas-15-black-2\/","url":"https:\/\/romantic-sinoussi.152-228-147-242.plesk.page\/fr\/produit\/vegas-15-black-2\/","name":"Vegas 15 Black - Audibax","isPartOf":{"@id":"https:\/\/romantic-sinoussi.152-228-147-242.plesk.page\/fr\/#website"},"datePublished":"2023-12-27T10:59:14+00:00","dateModified":"2023-12-27T10:59:14+00:00","breadcrumb":{"@id":"https:\/\/romantic-sinoussi.152-228-147-242.plesk.page\/fr\/produit\/vegas-15-black-2\/#breadcrumb"},"inLanguage":"fr-FR","potentialAction":[{"@type":"ReadAction","target":["https:\/\/romantic-sinoussi.152-228-147-242.plesk.page\/fr\/produit\/vegas-15-black-2\/"]}]},{"@type":"BreadcrumbList","@id":"https:\/\/romantic-sinoussi.152-228-147-242.plesk.page\/fr\/produit\/vegas-15-black-2\/#breadcrumb","itemListElement":[{"@type":"ListItem","position":1,"name":"Portada","item":"https:\/\/romantic-sinoussi.152-228-147-242.plesk.page\/fr\/"},{"@type":"ListItem","position":2,"name":"Products","item":"https:\/\/romantic-sinoussi.152-228-147-242.plesk.page\/fr\/shop\/"},{"@type":"ListItem","position":3,"name":"Vegas 15 Black"}]},{"@type":"WebSite","@id":"https:\/\/romantic-sinoussi.152-228-147-242.plesk.page\/fr\/#website","url":"https:\/\/romantic-sinoussi.152-228-147-242.plesk.page\/fr\/","name":"Audibax","description":"","publisher":{"@id":"https:\/\/romantic-sinoussi.152-228-147-242.plesk.page\/fr\/#organization"},"potentialAction":[{"@type":"SearchAction","target":{"@type":"EntryPoint","urlTemplate":"https:\/\/romantic-sinoussi.152-228-147-242.plesk.page\/fr\/?s={search_term_string}"},"query-input":"required name=search_term_string"}],"inLanguage":"fr-FR"},{"@type":"Organization","@id":"https:\/\/romantic-sinoussi.152-228-147-242.plesk.page\/fr\/#organization","name":"Audibax","url":"https:\/\/romantic-sinoussi.152-228-147-242.plesk.page\/fr\/","logo":{"@type":"ImageObject","inLanguage":"fr-FR","@id":"https:\/\/romantic-sinoussi.152-228-147-242.plesk.page\/fr\/#\/schema\/logo\/image\/","url":"https:\/\/romantic-sinoussi.152-228-147-242.plesk.page\/wp-content\/uploads\/2023\/09\/logo-Audibax-BLANCO-SVG-1.svg","contentUrl":"https:\/\/romantic-sinoussi.152-228-147-242.plesk.page\/wp-content\/uploads\/2023\/09\/logo-Audibax-BLANCO-SVG-1.svg","width":581,"height":146,"caption":"Audibax"},"image":{"@id":"https:\/\/romantic-sinoussi.152-228-147-242.plesk.page\/fr\/#\/schema\/logo\/image\/"}}]}},"_links":{"self":[{"href":"https:\/\/romantic-sinoussi.152-228-147-242.plesk.page\/fr\/wp-json\/wp\/v2\/product\/36752","targetHints":{"allow":["GET"]}}],"collection":[{"href":"https:\/\/romantic-sinoussi.152-228-147-242.plesk.page\/fr\/wp-json\/wp\/v2\/product"}],"about":[{"href":"https:\/\/romantic-sinoussi.152-228-147-242.plesk.page\/fr\/wp-json\/wp\/v2\/types\/product"}],"replies":[{"embeddable":true,"href":"https:\/\/romantic-sinoussi.152-228-147-242.plesk.page\/fr\/wp-json\/wp\/v2\/comments?post=36752"}],"wp:featuredmedia":[{"embeddable":true,"href":"https:\/\/romantic-sinoussi.152-228-147-242.plesk.page\/fr\/wp-json\/wp\/v2\/media\/16724"}],"wp:attachment":[{"href":"https:\/\/romantic-sinoussi.152-228-147-242.plesk.page\/fr\/wp-json\/wp\/v2\/media?parent=36752"}],"wp:term":[{"taxonomy":"product_cat","embeddable":true,"href":"https:\/\/romantic-sinoussi.152-228-147-242.plesk.page\/fr\/wp-json\/wp\/v2\/product_cat?post=36752"},{"taxonomy":"product_tag","embeddable":true,"href":"https:\/\/romantic-sinoussi.152-228-147-242.plesk.page\/fr\/wp-json\/wp\/v2\/product_tag?post=36752"}],"curies":[{"name":"wp","href":"https:\/\/api.w.org\/{rel}","templated":true}]}}