{"id":36758,"date":"2023-12-27T11:59:20","date_gmt":"2023-12-27T10:59:20","guid":{"rendered":"https:\/\/romantic-sinoussi.152-228-147-242.plesk.page\/product\/denver-12-black-2\/"},"modified":"2023-12-27T11:59:20","modified_gmt":"2023-12-27T10:59:20","slug":"denver-12-black-2","status":"publish","type":"product","link":"https:\/\/romantic-sinoussi.152-228-147-242.plesk.page\/fr\/produit\/denver-12-black-2\/","title":{"rendered":"Denver 12 Black"},"content":{"rendered":"<\/p>\n<p><strong>Audibax DENVER Combo PORT12 VHF Portable PA Trolley Speaker 12 avec batterie et 2 microphones sans fil<\/strong><strong><\/p>\n<p><strong>Audibax Denver 12<\/strong> est la nouveaut\u00e9 la plus marquante du catalogue Audibax pour l&#8217;\u00e9t\u00e9.<strong><\/p>\n<p><strong>Audibax Denver 12<\/strong> est la nouveaut\u00e9 la plus marquante du catalogue Audibax pour l&#8217;\u00e9t\u00e9 2019. Quelle que soit l&#8217;utilisation que vous souhaitez en faire, la gamme Denver fait plus que tenir ses promesses.<\/p>\n<p>Puissance et qualit\u00e9 vont de pair dans ces enceintes. Leur robustesse et leur connectivit\u00e9 les rendent id\u00e9ales pour un nombre infini de situations. Elles disposent d&#8217;entr\u00e9es pour microphone, ligne, USB et connectivit\u00e9 Bluetooth. Ils disposent \u00e9galement d&#8217;une sortie de ligne afin que vous puissiez connecter plusieurs haut-parleurs ensemble pour remplir plus d&#8217;espace sonore.<\/p>\n<p>Inclut 2 microphones sans fil, avec volume et Echo s\u00e9par\u00e9s, pour chanter lors de vos f\u00eates ou parler lors de vos pr\u00e9sentations.<\/p>\n<p>La batterie offre une autonomie approximative de 6 heures, ce qui vous permet d&#8217;emmener votre musique \u00e0 la campagne, \u00e0 la piscine ou partout o\u00f9 vous le souhaitez.<\/p>\n<p>Ils disposent d&#8217;une prise 12v \u00e0 utiliser avec l&#8217;allume-cigare de la voiture. Et ne vous inqui\u00e9tez pas de devoir les transporter ; avec leurs roues et leur <em>trolley<\/em> inclus, il est facile de les emmener au bout du monde.<\/p>\n<p>Comme vous pouvez le constater, aucune situation ne r\u00e9siste \u00e0 la polyvalence du nouveau Denver 12.<\/p>\n<p>Ne manquez pas de demander un essai routier et vous serez \u00e9tonn\u00e9 !<\/p>\n<ul>\n<li>Syst\u00e8me de sonorisation portable avec 2 microphones sans fil VHF<\/li>\n<li>Lecteur de musique,<\/li>\n<li>Lecteur mp3,<\/li>\n<li>Syst\u00e8me de sonorisation portable avec 2 microphones sans fil VHF<\/li>\n<li>Lecteur de musique,<\/li>\n<li>Lecteur de musique,<\/li>\n<li>Lecteur de musique,<\/li>\n<li>Entr\u00e9e USB.\n<li>Entr\u00e9e USB \/ SD<\/li>\n<li>\u00c9cran LCD<\/li>\n<li>Connexion Bluetooh<\/li>\n<li>Active, 12&#038;quot ; Woofer + 1.5&#038;quot ; Titanium<\/li>\n<li>R\u00e9ponse en fr\u00e9quence : 58Hz-20kHz<\/li>\n<li>Sensibilit\u00e9 : 93 Db<\/li>\n<li>Imp\u00e9dance : 8 OHM<\/li>\n<li>Puissance : 100W RMS 200W Peak<\/li>\n<li>Amplificateur : Classe-D\/li>\n<li>Contr\u00f4le du pr\u00e9ampli<\/li>\n<li>Contr\u00f4le Vol Mic<\/li>\n<li>Contr\u00f4le de l&#8217;\u00e9cho<\/li>\n<li>EQ : aigus, m\u00e9diums, graves<\/li>\n<li>Commande Master Vol<\/li>\n<li>Entr\u00e9e micro : XLR et 3.5&quot;<\/li>\n<li>Entr\u00e9e ligne : XLR et RCA<\/li>\n<li>Sortie ligne : XLR et jack 6,35<\/li>\n<li>2 x microphone sans fil VHF (Fr\u00e9quences 191.50Mhz et 194.50Mhz)<\/li>\n<li>2 x Antenne<\/li>\n<li>Contr\u00f4le du volume A &#038; ; B<\/li>\n<li>\n<li>CDC 12V, peut \u00eatre utilis\u00e9 pour le contr\u00f4le du volume.li>DC 12V, peut \u00eatre charg\u00e9 dans la voiture, protection de la batterie par fusible<\/li>\n<li>\n<li>Chargeur de batterie<\/li>\n<li>Inclut une batterie rechargeable<\/li>\n<li>Chargeur de batterie<\/li>\n<li>Chargeur de batterieComprend une batterie rechargeable. Lorsque vous utilisez l&#8217;alimentation secteur, la batterie se charge automatiquement.<\/ul>\n<p>&nbsp;<\/p>\n<p>&nbsp;<\/p>\n<p>&nbsp;<\/p>\n<p>&nbsp;<\/p>\n<p>&nbsp;<\/p>\n<p>&nbsp;<\/p>\n<p>&nbsp;<\/p>\n<p>&nbsp;<\/p>\n<p>&nbsp;<\/p>\n","protected":false},"excerpt":{"rendered":"<ul>\n<li>Syst\u00e8me de sonorisation portable avec batterie<\/li>\n<li>Dimensions : 12 pouces<\/li>\n<li>2 microphones sans fil \u00e0 main + 1 t\u00e9l\u00e9commande<\/li>\n<li>Puissance : 100w RMS \/ 200w Peak<\/li>\n<li>Connexion USB\/SD et lecture<\/li>\n<li>Connexion Bluetooth.<\/li>\n<\/ul>\n<\/ul>\n","protected":false},"featured_media":16613,"comment_status":"open","ping_status":"closed","template":"","meta":[],"product_cat":[405,243],"product_tag":[],"class_list":{"0":"post-36758","1":"product","2":"type-product","3":"status-publish","4":"has-post-thumbnail","6":"product_cat-haut-parleurs-de-batterie","7":"product_cat-uncategorized","9":"first","10":"instock","11":"shipping-taxable","12":"product-type-simple"},"acf":[],"yoast_head":"<!-- This site is optimized with the Yoast SEO plugin v21.5 - https:\/\/yoast.com\/wordpress\/plugins\/seo\/ -->\n<title>Denver 12 Black - Audibax<\/title>\n<meta name=\"robots\" content=\"noindex, follow, max-snippet:-1, max-image-preview:large, max-video-preview:-1\" \/>\n<meta property=\"og:locale\" content=\"fr_FR\" \/>\n<meta property=\"og:type\" content=\"article\" \/>\n<meta property=\"og:title\" content=\"Denver 12 Black - Audibax\" \/>\n<meta property=\"og:description\" content=\"Syst\u00e8me de sonorisation portable avec batterie Dimensions : 12 pouces 2 microphones sans fil \u00e0 main + 1 t\u00e9l\u00e9commande Puissance : 100w RMS \/ 200w Peak Connexion USB\/SD et lecture Connexion Bluetooth.\" \/>\n<meta property=\"og:url\" content=\"https:\/\/romantic-sinoussi.152-228-147-242.plesk.page\/fr\/produit\/denver-12-black-2\/\" \/>\n<meta property=\"og:site_name\" content=\"Audibax\" \/>\n<meta name=\"twitter:card\" content=\"summary_large_image\" \/>\n<meta name=\"twitter:label1\" content=\"Dur\u00e9e de lecture estim\u00e9e\" \/>\n\t<meta name=\"twitter:data1\" content=\"2 minutes\" \/>\n<script type=\"application\/ld+json\" class=\"yoast-schema-graph\">{\"@context\":\"https:\/\/schema.org\",\"@graph\":[{\"@type\":\"WebPage\",\"@id\":\"https:\/\/romantic-sinoussi.152-228-147-242.plesk.page\/fr\/produit\/denver-12-black-2\/\",\"url\":\"https:\/\/romantic-sinoussi.152-228-147-242.plesk.page\/fr\/produit\/denver-12-black-2\/\",\"name\":\"Denver 12 Black - Audibax\",\"isPartOf\":{\"@id\":\"https:\/\/romantic-sinoussi.152-228-147-242.plesk.page\/fr\/#website\"},\"datePublished\":\"2023-12-27T10:59:20+00:00\",\"dateModified\":\"2023-12-27T10:59:20+00:00\",\"breadcrumb\":{\"@id\":\"https:\/\/romantic-sinoussi.152-228-147-242.plesk.page\/fr\/produit\/denver-12-black-2\/#breadcrumb\"},\"inLanguage\":\"fr-FR\",\"potentialAction\":[{\"@type\":\"ReadAction\",\"target\":[\"https:\/\/romantic-sinoussi.152-228-147-242.plesk.page\/fr\/produit\/denver-12-black-2\/\"]}]},{\"@type\":\"BreadcrumbList\",\"@id\":\"https:\/\/romantic-sinoussi.152-228-147-242.plesk.page\/fr\/produit\/denver-12-black-2\/#breadcrumb\",\"itemListElement\":[{\"@type\":\"ListItem\",\"position\":1,\"name\":\"Portada\",\"item\":\"https:\/\/romantic-sinoussi.152-228-147-242.plesk.page\/fr\/\"},{\"@type\":\"ListItem\",\"position\":2,\"name\":\"Products\",\"item\":\"https:\/\/romantic-sinoussi.152-228-147-242.plesk.page\/fr\/shop\/\"},{\"@type\":\"ListItem\",\"position\":3,\"name\":\"Denver 12 Black\"}]},{\"@type\":\"WebSite\",\"@id\":\"https:\/\/romantic-sinoussi.152-228-147-242.plesk.page\/fr\/#website\",\"url\":\"https:\/\/romantic-sinoussi.152-228-147-242.plesk.page\/fr\/\",\"name\":\"Audibax\",\"description\":\"\",\"publisher\":{\"@id\":\"https:\/\/romantic-sinoussi.152-228-147-242.plesk.page\/fr\/#organization\"},\"potentialAction\":[{\"@type\":\"SearchAction\",\"target\":{\"@type\":\"EntryPoint\",\"urlTemplate\":\"https:\/\/romantic-sinoussi.152-228-147-242.plesk.page\/fr\/?s={search_term_string}\"},\"query-input\":\"required name=search_term_string\"}],\"inLanguage\":\"fr-FR\"},{\"@type\":\"Organization\",\"@id\":\"https:\/\/romantic-sinoussi.152-228-147-242.plesk.page\/fr\/#organization\",\"name\":\"Audibax\",\"url\":\"https:\/\/romantic-sinoussi.152-228-147-242.plesk.page\/fr\/\",\"logo\":{\"@type\":\"ImageObject\",\"inLanguage\":\"fr-FR\",\"@id\":\"https:\/\/romantic-sinoussi.152-228-147-242.plesk.page\/fr\/#\/schema\/logo\/image\/\",\"url\":\"https:\/\/romantic-sinoussi.152-228-147-242.plesk.page\/wp-content\/uploads\/2023\/09\/logo-Audibax-BLANCO-SVG-1.svg\",\"contentUrl\":\"https:\/\/romantic-sinoussi.152-228-147-242.plesk.page\/wp-content\/uploads\/2023\/09\/logo-Audibax-BLANCO-SVG-1.svg\",\"width\":581,\"height\":146,\"caption\":\"Audibax\"},\"image\":{\"@id\":\"https:\/\/romantic-sinoussi.152-228-147-242.plesk.page\/fr\/#\/schema\/logo\/image\/\"}}]}<\/script>\n<!-- \/ Yoast SEO plugin. -->","yoast_head_json":{"title":"Denver 12 Black - Audibax","robots":{"index":"noindex","follow":"follow","max-snippet":"max-snippet:-1","max-image-preview":"max-image-preview:large","max-video-preview":"max-video-preview:-1"},"og_locale":"fr_FR","og_type":"article","og_title":"Denver 12 Black - Audibax","og_description":"Syst\u00e8me de sonorisation portable avec batterie Dimensions : 12 pouces 2 microphones sans fil \u00e0 main + 1 t\u00e9l\u00e9commande Puissance : 100w RMS \/ 200w Peak Connexion USB\/SD et lecture Connexion Bluetooth.","og_url":"https:\/\/romantic-sinoussi.152-228-147-242.plesk.page\/fr\/produit\/denver-12-black-2\/","og_site_name":"Audibax","twitter_card":"summary_large_image","twitter_misc":{"Dur\u00e9e de lecture estim\u00e9e":"2 minutes"},"schema":{"@context":"https:\/\/schema.org","@graph":[{"@type":"WebPage","@id":"https:\/\/romantic-sinoussi.152-228-147-242.plesk.page\/fr\/produit\/denver-12-black-2\/","url":"https:\/\/romantic-sinoussi.152-228-147-242.plesk.page\/fr\/produit\/denver-12-black-2\/","name":"Denver 12 Black - Audibax","isPartOf":{"@id":"https:\/\/romantic-sinoussi.152-228-147-242.plesk.page\/fr\/#website"},"datePublished":"2023-12-27T10:59:20+00:00","dateModified":"2023-12-27T10:59:20+00:00","breadcrumb":{"@id":"https:\/\/romantic-sinoussi.152-228-147-242.plesk.page\/fr\/produit\/denver-12-black-2\/#breadcrumb"},"inLanguage":"fr-FR","potentialAction":[{"@type":"ReadAction","target":["https:\/\/romantic-sinoussi.152-228-147-242.plesk.page\/fr\/produit\/denver-12-black-2\/"]}]},{"@type":"BreadcrumbList","@id":"https:\/\/romantic-sinoussi.152-228-147-242.plesk.page\/fr\/produit\/denver-12-black-2\/#breadcrumb","itemListElement":[{"@type":"ListItem","position":1,"name":"Portada","item":"https:\/\/romantic-sinoussi.152-228-147-242.plesk.page\/fr\/"},{"@type":"ListItem","position":2,"name":"Products","item":"https:\/\/romantic-sinoussi.152-228-147-242.plesk.page\/fr\/shop\/"},{"@type":"ListItem","position":3,"name":"Denver 12 Black"}]},{"@type":"WebSite","@id":"https:\/\/romantic-sinoussi.152-228-147-242.plesk.page\/fr\/#website","url":"https:\/\/romantic-sinoussi.152-228-147-242.plesk.page\/fr\/","name":"Audibax","description":"","publisher":{"@id":"https:\/\/romantic-sinoussi.152-228-147-242.plesk.page\/fr\/#organization"},"potentialAction":[{"@type":"SearchAction","target":{"@type":"EntryPoint","urlTemplate":"https:\/\/romantic-sinoussi.152-228-147-242.plesk.page\/fr\/?s={search_term_string}"},"query-input":"required name=search_term_string"}],"inLanguage":"fr-FR"},{"@type":"Organization","@id":"https:\/\/romantic-sinoussi.152-228-147-242.plesk.page\/fr\/#organization","name":"Audibax","url":"https:\/\/romantic-sinoussi.152-228-147-242.plesk.page\/fr\/","logo":{"@type":"ImageObject","inLanguage":"fr-FR","@id":"https:\/\/romantic-sinoussi.152-228-147-242.plesk.page\/fr\/#\/schema\/logo\/image\/","url":"https:\/\/romantic-sinoussi.152-228-147-242.plesk.page\/wp-content\/uploads\/2023\/09\/logo-Audibax-BLANCO-SVG-1.svg","contentUrl":"https:\/\/romantic-sinoussi.152-228-147-242.plesk.page\/wp-content\/uploads\/2023\/09\/logo-Audibax-BLANCO-SVG-1.svg","width":581,"height":146,"caption":"Audibax"},"image":{"@id":"https:\/\/romantic-sinoussi.152-228-147-242.plesk.page\/fr\/#\/schema\/logo\/image\/"}}]}},"_links":{"self":[{"href":"https:\/\/romantic-sinoussi.152-228-147-242.plesk.page\/fr\/wp-json\/wp\/v2\/product\/36758","targetHints":{"allow":["GET"]}}],"collection":[{"href":"https:\/\/romantic-sinoussi.152-228-147-242.plesk.page\/fr\/wp-json\/wp\/v2\/product"}],"about":[{"href":"https:\/\/romantic-sinoussi.152-228-147-242.plesk.page\/fr\/wp-json\/wp\/v2\/types\/product"}],"replies":[{"embeddable":true,"href":"https:\/\/romantic-sinoussi.152-228-147-242.plesk.page\/fr\/wp-json\/wp\/v2\/comments?post=36758"}],"wp:featuredmedia":[{"embeddable":true,"href":"https:\/\/romantic-sinoussi.152-228-147-242.plesk.page\/fr\/wp-json\/wp\/v2\/media\/16613"}],"wp:attachment":[{"href":"https:\/\/romantic-sinoussi.152-228-147-242.plesk.page\/fr\/wp-json\/wp\/v2\/media?parent=36758"}],"wp:term":[{"taxonomy":"product_cat","embeddable":true,"href":"https:\/\/romantic-sinoussi.152-228-147-242.plesk.page\/fr\/wp-json\/wp\/v2\/product_cat?post=36758"},{"taxonomy":"product_tag","embeddable":true,"href":"https:\/\/romantic-sinoussi.152-228-147-242.plesk.page\/fr\/wp-json\/wp\/v2\/product_tag?post=36758"}],"curies":[{"name":"wp","href":"https:\/\/api.w.org\/{rel}","templated":true}]}}