{"id":36761,"date":"2023-12-27T11:59:25","date_gmt":"2023-12-27T10:59:25","guid":{"rendered":"https:\/\/romantic-sinoussi.152-228-147-242.plesk.page\/product\/denver-15-black-2\/"},"modified":"2023-12-27T11:59:25","modified_gmt":"2023-12-27T10:59:25","slug":"denver-15-black-2","status":"publish","type":"product","link":"https:\/\/romantic-sinoussi.152-228-147-242.plesk.page\/fr\/produit\/denver-15-black-2\/","title":{"rendered":"Denver 15 Black"},"content":{"rendered":"<p><strong><\/p>\n<p>La nouveaut\u00e9 la plus accrocheuse du catalogue Audibax pour l&#8217;\u00e9t\u00e9 2019 est la gamme Denver d&#8217;enceintes aliment\u00e9es par batterie. Quelle que soit l&#8217;utilisation que vous souhaitez en faire, les Denver seront \u00e0 la hauteur. <\/p>\n<p>Puissance et qualit\u00e9 vont de pair dans ces enceintes. Leur robustesse et leur connectivit\u00e9 les rendent id\u00e9ales pour un nombre infini de situations. Elles disposent d&#8217;entr\u00e9es pour microphone, ligne, USB et connectivit\u00e9 Bluetooth. Ils disposent \u00e9galement d&#8217;une sortie ligne pour que vous puissiez connecter plusieurs haut-parleurs ensemble et remplir plus d&#8217;espace sonore.<\/p>\n<p>Ils comprennent un microphone sans fil (2 dans le cas du Denver 15), avec volume et Echo s\u00e9par\u00e9s, pour chanter lors de vos f\u00eates ou parler lors de vos pr\u00e9sentations.<\/p>\n<p>La batterie offre une autonomie approximative de 6 heures, ce qui vous permet d&#8217;emmener votre musique \u00e0 la campagne, \u00e0 la piscine ou partout o\u00f9 vous le souhaitez.<\/p>\n<p>Le Denver 15 dispose d&#8217;une prise 12v. \u00e0 utiliser avec l&#8217;allume-cigare de la voiture. Et ne vous inqui\u00e9tez pas de devoir les transporter ; avec leurs roues et leur <em>trolley<\/em> inclus, il ne vous en co\u00fbtera aucun effort pour les emmener au bout du monde.<\/p>\n<p>Comme vous pouvez le constater, aucune situation ne r\u00e9siste \u00e0 la polyvalence de la nouvelle gamme Denver.<\/p>\n<p>Vous n&#8217;avez qu&#8217;\u00e0 demander un essai et vous serez \u00e9tonn\u00e9 !<\/p>\n<ul>\n<li>Syst\u00e8me de sonorisation portable avec 2 microphones sans fil VHF<\/li>\n<li>Lecteur de musique,<\/li>\n<li>Lecteur mp3,<\/li>\n<li>Syst\u00e8me de sonorisation portable avec 2 microphones sans fil VHF<\/li>\n<li>Syst\u00e8me de sonorisation portable avec 2 microphones sans fil VHF,<\/li>\n<li>Lecteur de musique,<\/li>\n<li>Lecteur de musique.\n<li>Entr\u00e9e USB \/ SD<\/li>\n<li>\u00c9cran LCD<\/li>\n<li>Connexion Bluetooh<\/li>\n<li>Active, 15&#038;quot ; Woofer + Moteur 1.5&quot;<\/li>\n<li>R\u00e9ponse en fr\u00e9quence : 55Hz-20kHz<\/li>\n<li>Sensibilit\u00e9 : 95 Db<\/li>\n<li>Imp\u00e9dance : 8 OHM<\/li>\n<li>Puissance : 120W RMS 250W Peak<\/li>\n<li>Amplificateur : Classe-D\/li>\n<li>Contr\u00f4le du pr\u00e9ampli<\/li>\n<li>Contr\u00f4le Vol Mic<\/li>\n<li>Contr\u00f4le de l&#8217;\u00e9cho<\/li>\n<li>EQ : aigus, m\u00e9diums, graves<\/li>\n<li>Commande Master Vol<\/li>\n<li>Entr\u00e9e micro : XLR et 3.5&quot;<\/li>\n<li>Entr\u00e9e ligne : XLR et RCA<\/li>\n<li>Sortie ligne : XLR et jack 6,35<\/li>\n<li>2 x microphone sans fil VHF sans fil VHF&#038;nbsp ;(Fr\u00e9quences 191.50Mhz et 194.50Mhz)<\/li>\n<li>2 x Antenne<\/li>\n<li>Commande de volume A &#038; ; B<\/li>\n<li>Commande de volume A &#038; ; B<\/li>\n<li>Commande de volume A &#038; ; B<\/li>\n<li>Commande de volume A &#038; ; B<\/li>\n<li>Commande de volume A &#038; ; B<\/li>\n<p>.DC 12V, protection de la batterie par fusible<\/li>\n<li>Inclut une batterie rechargeable, lors de l&#8217;utilisation de l&#8217;alimentation CA, il peut \u00eatre utilis\u00e9 comme unit\u00e9 autonome.Lorsque vous utilisez l&#8217;alimentation CA, la batterie sera charg\u00e9e automatiquement<\/li>\n<li>\n<li>\n<li>Batterie rechargeable incluse.Dimensions 493x365x685mm<\/li>\n<\/ul>\n<p>&nbsp;<\/p>\n<\/p>\n<p>&nbsp;<\/p>\n<\/p>\n<p>.<\/p>\n","protected":false},"excerpt":{"rendered":"<ul>\n<li>Syst\u00e8me de sonorisation portable avec batterie<\/li>\n<li>Dimensions : 15 pouces<\/li>\n<li>2 microphones sans fil \u00e0 main + 1 t\u00e9l\u00e9commande<\/li>\n<li>Puissance : 120w RMS \/ 250w Peak<\/li>\n<li>Connexion USB\/SD et lecture<\/li>\n<li>Connexion Bluetooth.<\/li>\n<\/ul>\n<\/ul>\n","protected":false},"featured_media":16616,"comment_status":"open","ping_status":"closed","template":"","meta":[],"product_cat":[405,243],"product_tag":[],"class_list":{"0":"post-36761","1":"product","2":"type-product","3":"status-publish","4":"has-post-thumbnail","6":"product_cat-haut-parleurs-de-batterie","7":"product_cat-uncategorized","9":"first","10":"instock","11":"shipping-taxable","12":"product-type-simple"},"acf":[],"yoast_head":"<!-- This site is optimized with the Yoast SEO plugin v21.5 - https:\/\/yoast.com\/wordpress\/plugins\/seo\/ -->\n<title>Denver 15 Black - Audibax<\/title>\n<meta name=\"robots\" content=\"noindex, follow, max-snippet:-1, max-image-preview:large, max-video-preview:-1\" \/>\n<meta property=\"og:locale\" content=\"fr_FR\" \/>\n<meta property=\"og:type\" content=\"article\" \/>\n<meta property=\"og:title\" content=\"Denver 15 Black - Audibax\" \/>\n<meta property=\"og:description\" content=\"Syst\u00e8me de sonorisation portable avec batterie Dimensions : 15 pouces 2 microphones sans fil \u00e0 main + 1 t\u00e9l\u00e9commande Puissance : 120w RMS \/ 250w Peak Connexion USB\/SD et lecture Connexion Bluetooth.\" \/>\n<meta property=\"og:url\" content=\"https:\/\/romantic-sinoussi.152-228-147-242.plesk.page\/fr\/produit\/denver-15-black-2\/\" \/>\n<meta property=\"og:site_name\" content=\"Audibax\" \/>\n<meta name=\"twitter:card\" content=\"summary_large_image\" \/>\n<meta name=\"twitter:label1\" content=\"Dur\u00e9e de lecture estim\u00e9e\" \/>\n\t<meta name=\"twitter:data1\" content=\"2 minutes\" \/>\n<script type=\"application\/ld+json\" class=\"yoast-schema-graph\">{\"@context\":\"https:\/\/schema.org\",\"@graph\":[{\"@type\":\"WebPage\",\"@id\":\"https:\/\/romantic-sinoussi.152-228-147-242.plesk.page\/fr\/produit\/denver-15-black-2\/\",\"url\":\"https:\/\/romantic-sinoussi.152-228-147-242.plesk.page\/fr\/produit\/denver-15-black-2\/\",\"name\":\"Denver 15 Black - Audibax\",\"isPartOf\":{\"@id\":\"https:\/\/romantic-sinoussi.152-228-147-242.plesk.page\/fr\/#website\"},\"datePublished\":\"2023-12-27T10:59:25+00:00\",\"dateModified\":\"2023-12-27T10:59:25+00:00\",\"breadcrumb\":{\"@id\":\"https:\/\/romantic-sinoussi.152-228-147-242.plesk.page\/fr\/produit\/denver-15-black-2\/#breadcrumb\"},\"inLanguage\":\"fr-FR\",\"potentialAction\":[{\"@type\":\"ReadAction\",\"target\":[\"https:\/\/romantic-sinoussi.152-228-147-242.plesk.page\/fr\/produit\/denver-15-black-2\/\"]}]},{\"@type\":\"BreadcrumbList\",\"@id\":\"https:\/\/romantic-sinoussi.152-228-147-242.plesk.page\/fr\/produit\/denver-15-black-2\/#breadcrumb\",\"itemListElement\":[{\"@type\":\"ListItem\",\"position\":1,\"name\":\"Portada\",\"item\":\"https:\/\/romantic-sinoussi.152-228-147-242.plesk.page\/fr\/\"},{\"@type\":\"ListItem\",\"position\":2,\"name\":\"Products\",\"item\":\"https:\/\/romantic-sinoussi.152-228-147-242.plesk.page\/fr\/shop\/\"},{\"@type\":\"ListItem\",\"position\":3,\"name\":\"Denver 15 Black\"}]},{\"@type\":\"WebSite\",\"@id\":\"https:\/\/romantic-sinoussi.152-228-147-242.plesk.page\/fr\/#website\",\"url\":\"https:\/\/romantic-sinoussi.152-228-147-242.plesk.page\/fr\/\",\"name\":\"Audibax\",\"description\":\"\",\"publisher\":{\"@id\":\"https:\/\/romantic-sinoussi.152-228-147-242.plesk.page\/fr\/#organization\"},\"potentialAction\":[{\"@type\":\"SearchAction\",\"target\":{\"@type\":\"EntryPoint\",\"urlTemplate\":\"https:\/\/romantic-sinoussi.152-228-147-242.plesk.page\/fr\/?s={search_term_string}\"},\"query-input\":\"required name=search_term_string\"}],\"inLanguage\":\"fr-FR\"},{\"@type\":\"Organization\",\"@id\":\"https:\/\/romantic-sinoussi.152-228-147-242.plesk.page\/fr\/#organization\",\"name\":\"Audibax\",\"url\":\"https:\/\/romantic-sinoussi.152-228-147-242.plesk.page\/fr\/\",\"logo\":{\"@type\":\"ImageObject\",\"inLanguage\":\"fr-FR\",\"@id\":\"https:\/\/romantic-sinoussi.152-228-147-242.plesk.page\/fr\/#\/schema\/logo\/image\/\",\"url\":\"https:\/\/romantic-sinoussi.152-228-147-242.plesk.page\/wp-content\/uploads\/2023\/09\/logo-Audibax-BLANCO-SVG-1.svg\",\"contentUrl\":\"https:\/\/romantic-sinoussi.152-228-147-242.plesk.page\/wp-content\/uploads\/2023\/09\/logo-Audibax-BLANCO-SVG-1.svg\",\"width\":581,\"height\":146,\"caption\":\"Audibax\"},\"image\":{\"@id\":\"https:\/\/romantic-sinoussi.152-228-147-242.plesk.page\/fr\/#\/schema\/logo\/image\/\"}}]}<\/script>\n<!-- \/ Yoast SEO plugin. -->","yoast_head_json":{"title":"Denver 15 Black - Audibax","robots":{"index":"noindex","follow":"follow","max-snippet":"max-snippet:-1","max-image-preview":"max-image-preview:large","max-video-preview":"max-video-preview:-1"},"og_locale":"fr_FR","og_type":"article","og_title":"Denver 15 Black - Audibax","og_description":"Syst\u00e8me de sonorisation portable avec batterie Dimensions : 15 pouces 2 microphones sans fil \u00e0 main + 1 t\u00e9l\u00e9commande Puissance : 120w RMS \/ 250w Peak Connexion USB\/SD et lecture Connexion Bluetooth.","og_url":"https:\/\/romantic-sinoussi.152-228-147-242.plesk.page\/fr\/produit\/denver-15-black-2\/","og_site_name":"Audibax","twitter_card":"summary_large_image","twitter_misc":{"Dur\u00e9e de lecture estim\u00e9e":"2 minutes"},"schema":{"@context":"https:\/\/schema.org","@graph":[{"@type":"WebPage","@id":"https:\/\/romantic-sinoussi.152-228-147-242.plesk.page\/fr\/produit\/denver-15-black-2\/","url":"https:\/\/romantic-sinoussi.152-228-147-242.plesk.page\/fr\/produit\/denver-15-black-2\/","name":"Denver 15 Black - Audibax","isPartOf":{"@id":"https:\/\/romantic-sinoussi.152-228-147-242.plesk.page\/fr\/#website"},"datePublished":"2023-12-27T10:59:25+00:00","dateModified":"2023-12-27T10:59:25+00:00","breadcrumb":{"@id":"https:\/\/romantic-sinoussi.152-228-147-242.plesk.page\/fr\/produit\/denver-15-black-2\/#breadcrumb"},"inLanguage":"fr-FR","potentialAction":[{"@type":"ReadAction","target":["https:\/\/romantic-sinoussi.152-228-147-242.plesk.page\/fr\/produit\/denver-15-black-2\/"]}]},{"@type":"BreadcrumbList","@id":"https:\/\/romantic-sinoussi.152-228-147-242.plesk.page\/fr\/produit\/denver-15-black-2\/#breadcrumb","itemListElement":[{"@type":"ListItem","position":1,"name":"Portada","item":"https:\/\/romantic-sinoussi.152-228-147-242.plesk.page\/fr\/"},{"@type":"ListItem","position":2,"name":"Products","item":"https:\/\/romantic-sinoussi.152-228-147-242.plesk.page\/fr\/shop\/"},{"@type":"ListItem","position":3,"name":"Denver 15 Black"}]},{"@type":"WebSite","@id":"https:\/\/romantic-sinoussi.152-228-147-242.plesk.page\/fr\/#website","url":"https:\/\/romantic-sinoussi.152-228-147-242.plesk.page\/fr\/","name":"Audibax","description":"","publisher":{"@id":"https:\/\/romantic-sinoussi.152-228-147-242.plesk.page\/fr\/#organization"},"potentialAction":[{"@type":"SearchAction","target":{"@type":"EntryPoint","urlTemplate":"https:\/\/romantic-sinoussi.152-228-147-242.plesk.page\/fr\/?s={search_term_string}"},"query-input":"required name=search_term_string"}],"inLanguage":"fr-FR"},{"@type":"Organization","@id":"https:\/\/romantic-sinoussi.152-228-147-242.plesk.page\/fr\/#organization","name":"Audibax","url":"https:\/\/romantic-sinoussi.152-228-147-242.plesk.page\/fr\/","logo":{"@type":"ImageObject","inLanguage":"fr-FR","@id":"https:\/\/romantic-sinoussi.152-228-147-242.plesk.page\/fr\/#\/schema\/logo\/image\/","url":"https:\/\/romantic-sinoussi.152-228-147-242.plesk.page\/wp-content\/uploads\/2023\/09\/logo-Audibax-BLANCO-SVG-1.svg","contentUrl":"https:\/\/romantic-sinoussi.152-228-147-242.plesk.page\/wp-content\/uploads\/2023\/09\/logo-Audibax-BLANCO-SVG-1.svg","width":581,"height":146,"caption":"Audibax"},"image":{"@id":"https:\/\/romantic-sinoussi.152-228-147-242.plesk.page\/fr\/#\/schema\/logo\/image\/"}}]}},"_links":{"self":[{"href":"https:\/\/romantic-sinoussi.152-228-147-242.plesk.page\/fr\/wp-json\/wp\/v2\/product\/36761","targetHints":{"allow":["GET"]}}],"collection":[{"href":"https:\/\/romantic-sinoussi.152-228-147-242.plesk.page\/fr\/wp-json\/wp\/v2\/product"}],"about":[{"href":"https:\/\/romantic-sinoussi.152-228-147-242.plesk.page\/fr\/wp-json\/wp\/v2\/types\/product"}],"replies":[{"embeddable":true,"href":"https:\/\/romantic-sinoussi.152-228-147-242.plesk.page\/fr\/wp-json\/wp\/v2\/comments?post=36761"}],"wp:featuredmedia":[{"embeddable":true,"href":"https:\/\/romantic-sinoussi.152-228-147-242.plesk.page\/fr\/wp-json\/wp\/v2\/media\/16616"}],"wp:attachment":[{"href":"https:\/\/romantic-sinoussi.152-228-147-242.plesk.page\/fr\/wp-json\/wp\/v2\/media?parent=36761"}],"wp:term":[{"taxonomy":"product_cat","embeddable":true,"href":"https:\/\/romantic-sinoussi.152-228-147-242.plesk.page\/fr\/wp-json\/wp\/v2\/product_cat?post=36761"},{"taxonomy":"product_tag","embeddable":true,"href":"https:\/\/romantic-sinoussi.152-228-147-242.plesk.page\/fr\/wp-json\/wp\/v2\/product_tag?post=36761"}],"curies":[{"name":"wp","href":"https:\/\/api.w.org\/{rel}","templated":true}]}}