{"id":36762,"date":"2023-12-27T11:59:26","date_gmt":"2023-12-27T10:59:26","guid":{"rendered":"https:\/\/romantic-sinoussi.152-228-147-242.plesk.page\/product\/denver-15-plus-black-2\/"},"modified":"2023-12-27T11:59:26","modified_gmt":"2023-12-27T10:59:26","slug":"denver-15-plus-black-2","status":"publish","type":"product","link":"https:\/\/romantic-sinoussi.152-228-147-242.plesk.page\/fr\/produit\/denver-15-plus-black-2\/","title":{"rendered":"Denver 15 Plus Black"},"content":{"rendered":"<\/p>\n<p><strong>&nbsp;Chariot PA 15&#038;quot ; avec Batterie + 1 Microphone \u00e0 main + 1 Casque&nbsp;Audibax Denver PORT15 VHF Plus<\/strong><\/p>\n<p><span style=\"colour :#008080\"><strong>Denver 15 Plus Audibax Sp\u00e9cifications<\/strong><\/strong><\/span><\/p>\n<ul>\n<li>Puissance et qualit\u00e9 vont de pair dans ces enceintes. Leur robustesse et leur connectivit\u00e9 les rendent id\u00e9ales pour un nombre infini de situations. Ils disposent d&#8217;entr\u00e9es pour microphone, ligne, USB et connectivit\u00e9 Bluetooth. Ils ont \u00e9galement une sortie ligne pour que vous puissiez connecter plusieurs haut-parleurs ensemble et remplir plus d&#8217;espace sonore.<\/li>\n<li>Ils comprennent 1 microphone sans fil + 1 microphone casque, avec volume et Echo s\u00e9par\u00e9s, pour chanter lors de vos f\u00eates ou parler lors de vos pr\u00e9sentations.<\/li>\n<li>La batterie offre une autonomie approximative de 6 heures, ce qui vous permet d&#8217;emmener votre musique \u00e0 la campagne, \u00e0 la piscine ou partout o\u00f9 vous le souhaitez.<\/li>\n<li>Ils sont dot\u00e9s d&#8217;une prise 12 V pour une utilisation avec l&#8217;allume-cigare de la voiture. Et ne vous inqui\u00e9tez pas de devoir les transporter ; avec leurs roues et leur <em>trolley<\/em> inclus, il est facile de les emmener au bout du monde.<\/li>\n<li>Comme vous le verrez, aucune situation ne r\u00e9siste \u00e0 la polyvalence de la nouvelle gamme Denver.<\/li>\n<\/ul>\n<p>&nbsp;<\/p>\n<h2>Caract\u00e9ristiques techniques<\/h2>\n<ul>\n<li>Syst\u00e8me de sonorisation portable avec 1 micro sans fil + 1 micro casque VHF\n<li>\n<li>Syst\u00e8me de sonorisation portable avec 1 micro sans fil + 1 micro casque VHF\n<li>\n<li>Syst\u00e8me de sonorisation portable avec 1 micro sans fil + 1 micro casque VHF\n<li>\n<li>Syst\u00e8me de sonorisation portable avec 1 micro casque VHF<\/li>\n<li>Syst\u00e8me de sonorisation portable avec 1 micro casque VHF.\n<li>\n<li>Lecteur MP3,<\/li>\n<li>Entr\u00e9e USB \/ SD<\/li>\n<li>\u00c9cran LCD\n<li>\n<li>\u00c9cran LED\n<li>\n<li>Connexion Bluetooh<\/li>\n<li>Active, 15&#038;quot ; Woofer + Moteur 1.5&quot;<\/li>\n<li>R\u00e9ponse en fr\u00e9quence : 55Hz-20kHz<\/li>\n<li>Sensibilit\u00e9 : 95 Db<\/li>\n<li>Imp\u00e9dance : 8 OHM<\/li>\n<li>Puissance : 120W RMS 250W Peak<\/li>\n<li>Amplificateur : Classe-D\/li>\n<li>Contr\u00f4le du pr\u00e9ampli<\/li>\n<li>Contr\u00f4le Vol Mic<\/li>\n<li>Contr\u00f4le de l&#8217;\u00e9cho<\/li>\n<li>EQ : aigus, m\u00e9diums, graves<\/li>\n<li>Commande Master Vol<\/li>\n<li>Entr\u00e9e micro : XLR et 3.5&quot;<\/li>\n<li>Entr\u00e9e ligne : XLR et RCA<\/li>\n<li>Sortie ligne : XLR et jack 6,35<\/li>\n<li>2 x microphone sans fil VHF (Fr\u00e9quence du casque 194.50Mhz \/ Fr\u00e9quence du micro \u00e0 main 191.50)<\/li>\n<li>2 x Antenne<\/li>\n<li>Contr\u00f4le du volume A &#038; amp ; B<\/li>\n<li>DC 12V, Protection de la batterie par fusible<\/li>\n<li>Protection de la batterie<\/li>\n<li>Inclut une batterie rechargeable.Comprend une batterie rechargeable, lorsque le courant alternatif est utilis\u00e9, la batterie sera charg\u00e9e automatiquement<\/li>\n<li>Mesures 493x365x685mm<\/li>\n<\/ul>\n<li>\n<li>Batterie rechargeable, lorsque le courant alternatif est utilis\u00e9, la batterie sera charg\u00e9e automatiquement<\/li>\n<\/ul>\n<li>Mesures 493x365x685mm<\/li>\n<\/ul>\n","protected":false},"excerpt":{"rendered":"<ul>\n<li>Syst\u00e8me de sonorisation portable avec batterie<\/li>\n<li>Dimensions : 15 pouces<\/li>\n<li>1 microphone sans fil \u00e0 main + 1 microphone sans fil port\u00e9 sur la t\u00eate + 1 t\u00e9l\u00e9commande<\/li>\n<li>Puissance : 120w RMS \/ 250w Peak<\/li>\n<li>Connexion USB\/SD et lecture<\/li>\n<li>Connexion Bluetooth.<\/li>\n<\/ul>\n<\/ul>\n","protected":false},"featured_media":16619,"comment_status":"open","ping_status":"closed","template":"","meta":[],"product_cat":[405,243],"product_tag":[],"class_list":{"0":"post-36762","1":"product","2":"type-product","3":"status-publish","4":"has-post-thumbnail","6":"product_cat-haut-parleurs-de-batterie","7":"product_cat-uncategorized","9":"first","10":"instock","11":"shipping-taxable","12":"product-type-simple"},"acf":[],"yoast_head":"<!-- This site is optimized with the Yoast SEO plugin v21.5 - https:\/\/yoast.com\/wordpress\/plugins\/seo\/ -->\n<title>Denver 15 Plus Black - Audibax<\/title>\n<meta name=\"robots\" content=\"noindex, follow, max-snippet:-1, max-image-preview:large, max-video-preview:-1\" \/>\n<meta property=\"og:locale\" content=\"fr_FR\" \/>\n<meta property=\"og:type\" content=\"article\" \/>\n<meta property=\"og:title\" content=\"Denver 15 Plus Black - Audibax\" \/>\n<meta property=\"og:description\" content=\"Syst\u00e8me de sonorisation portable avec batterie Dimensions : 15 pouces 1 microphone sans fil \u00e0 main + 1 microphone sans fil port\u00e9 sur la t\u00eate + 1 t\u00e9l\u00e9commande Puissance : 120w RMS \/ 250w Peak Connexion USB\/SD et lecture Connexion Bluetooth.\" \/>\n<meta property=\"og:url\" content=\"https:\/\/romantic-sinoussi.152-228-147-242.plesk.page\/fr\/produit\/denver-15-plus-black-2\/\" \/>\n<meta property=\"og:site_name\" content=\"Audibax\" \/>\n<meta name=\"twitter:card\" content=\"summary_large_image\" \/>\n<meta name=\"twitter:label1\" content=\"Dur\u00e9e de lecture estim\u00e9e\" \/>\n\t<meta name=\"twitter:data1\" content=\"2 minutes\" \/>\n<script type=\"application\/ld+json\" class=\"yoast-schema-graph\">{\"@context\":\"https:\/\/schema.org\",\"@graph\":[{\"@type\":\"WebPage\",\"@id\":\"https:\/\/romantic-sinoussi.152-228-147-242.plesk.page\/fr\/produit\/denver-15-plus-black-2\/\",\"url\":\"https:\/\/romantic-sinoussi.152-228-147-242.plesk.page\/fr\/produit\/denver-15-plus-black-2\/\",\"name\":\"Denver 15 Plus Black - Audibax\",\"isPartOf\":{\"@id\":\"https:\/\/romantic-sinoussi.152-228-147-242.plesk.page\/fr\/#website\"},\"datePublished\":\"2023-12-27T10:59:26+00:00\",\"dateModified\":\"2023-12-27T10:59:26+00:00\",\"breadcrumb\":{\"@id\":\"https:\/\/romantic-sinoussi.152-228-147-242.plesk.page\/fr\/produit\/denver-15-plus-black-2\/#breadcrumb\"},\"inLanguage\":\"fr-FR\",\"potentialAction\":[{\"@type\":\"ReadAction\",\"target\":[\"https:\/\/romantic-sinoussi.152-228-147-242.plesk.page\/fr\/produit\/denver-15-plus-black-2\/\"]}]},{\"@type\":\"BreadcrumbList\",\"@id\":\"https:\/\/romantic-sinoussi.152-228-147-242.plesk.page\/fr\/produit\/denver-15-plus-black-2\/#breadcrumb\",\"itemListElement\":[{\"@type\":\"ListItem\",\"position\":1,\"name\":\"Portada\",\"item\":\"https:\/\/romantic-sinoussi.152-228-147-242.plesk.page\/fr\/\"},{\"@type\":\"ListItem\",\"position\":2,\"name\":\"Products\",\"item\":\"https:\/\/romantic-sinoussi.152-228-147-242.plesk.page\/fr\/shop\/\"},{\"@type\":\"ListItem\",\"position\":3,\"name\":\"Denver 15 Plus Black\"}]},{\"@type\":\"WebSite\",\"@id\":\"https:\/\/romantic-sinoussi.152-228-147-242.plesk.page\/fr\/#website\",\"url\":\"https:\/\/romantic-sinoussi.152-228-147-242.plesk.page\/fr\/\",\"name\":\"Audibax\",\"description\":\"\",\"publisher\":{\"@id\":\"https:\/\/romantic-sinoussi.152-228-147-242.plesk.page\/fr\/#organization\"},\"potentialAction\":[{\"@type\":\"SearchAction\",\"target\":{\"@type\":\"EntryPoint\",\"urlTemplate\":\"https:\/\/romantic-sinoussi.152-228-147-242.plesk.page\/fr\/?s={search_term_string}\"},\"query-input\":\"required name=search_term_string\"}],\"inLanguage\":\"fr-FR\"},{\"@type\":\"Organization\",\"@id\":\"https:\/\/romantic-sinoussi.152-228-147-242.plesk.page\/fr\/#organization\",\"name\":\"Audibax\",\"url\":\"https:\/\/romantic-sinoussi.152-228-147-242.plesk.page\/fr\/\",\"logo\":{\"@type\":\"ImageObject\",\"inLanguage\":\"fr-FR\",\"@id\":\"https:\/\/romantic-sinoussi.152-228-147-242.plesk.page\/fr\/#\/schema\/logo\/image\/\",\"url\":\"https:\/\/romantic-sinoussi.152-228-147-242.plesk.page\/wp-content\/uploads\/2023\/09\/logo-Audibax-BLANCO-SVG-1.svg\",\"contentUrl\":\"https:\/\/romantic-sinoussi.152-228-147-242.plesk.page\/wp-content\/uploads\/2023\/09\/logo-Audibax-BLANCO-SVG-1.svg\",\"width\":581,\"height\":146,\"caption\":\"Audibax\"},\"image\":{\"@id\":\"https:\/\/romantic-sinoussi.152-228-147-242.plesk.page\/fr\/#\/schema\/logo\/image\/\"}}]}<\/script>\n<!-- \/ Yoast SEO plugin. -->","yoast_head_json":{"title":"Denver 15 Plus Black - Audibax","robots":{"index":"noindex","follow":"follow","max-snippet":"max-snippet:-1","max-image-preview":"max-image-preview:large","max-video-preview":"max-video-preview:-1"},"og_locale":"fr_FR","og_type":"article","og_title":"Denver 15 Plus Black - Audibax","og_description":"Syst\u00e8me de sonorisation portable avec batterie Dimensions : 15 pouces 1 microphone sans fil \u00e0 main + 1 microphone sans fil port\u00e9 sur la t\u00eate + 1 t\u00e9l\u00e9commande Puissance : 120w RMS \/ 250w Peak Connexion USB\/SD et lecture Connexion Bluetooth.","og_url":"https:\/\/romantic-sinoussi.152-228-147-242.plesk.page\/fr\/produit\/denver-15-plus-black-2\/","og_site_name":"Audibax","twitter_card":"summary_large_image","twitter_misc":{"Dur\u00e9e de lecture estim\u00e9e":"2 minutes"},"schema":{"@context":"https:\/\/schema.org","@graph":[{"@type":"WebPage","@id":"https:\/\/romantic-sinoussi.152-228-147-242.plesk.page\/fr\/produit\/denver-15-plus-black-2\/","url":"https:\/\/romantic-sinoussi.152-228-147-242.plesk.page\/fr\/produit\/denver-15-plus-black-2\/","name":"Denver 15 Plus Black - Audibax","isPartOf":{"@id":"https:\/\/romantic-sinoussi.152-228-147-242.plesk.page\/fr\/#website"},"datePublished":"2023-12-27T10:59:26+00:00","dateModified":"2023-12-27T10:59:26+00:00","breadcrumb":{"@id":"https:\/\/romantic-sinoussi.152-228-147-242.plesk.page\/fr\/produit\/denver-15-plus-black-2\/#breadcrumb"},"inLanguage":"fr-FR","potentialAction":[{"@type":"ReadAction","target":["https:\/\/romantic-sinoussi.152-228-147-242.plesk.page\/fr\/produit\/denver-15-plus-black-2\/"]}]},{"@type":"BreadcrumbList","@id":"https:\/\/romantic-sinoussi.152-228-147-242.plesk.page\/fr\/produit\/denver-15-plus-black-2\/#breadcrumb","itemListElement":[{"@type":"ListItem","position":1,"name":"Portada","item":"https:\/\/romantic-sinoussi.152-228-147-242.plesk.page\/fr\/"},{"@type":"ListItem","position":2,"name":"Products","item":"https:\/\/romantic-sinoussi.152-228-147-242.plesk.page\/fr\/shop\/"},{"@type":"ListItem","position":3,"name":"Denver 15 Plus Black"}]},{"@type":"WebSite","@id":"https:\/\/romantic-sinoussi.152-228-147-242.plesk.page\/fr\/#website","url":"https:\/\/romantic-sinoussi.152-228-147-242.plesk.page\/fr\/","name":"Audibax","description":"","publisher":{"@id":"https:\/\/romantic-sinoussi.152-228-147-242.plesk.page\/fr\/#organization"},"potentialAction":[{"@type":"SearchAction","target":{"@type":"EntryPoint","urlTemplate":"https:\/\/romantic-sinoussi.152-228-147-242.plesk.page\/fr\/?s={search_term_string}"},"query-input":"required name=search_term_string"}],"inLanguage":"fr-FR"},{"@type":"Organization","@id":"https:\/\/romantic-sinoussi.152-228-147-242.plesk.page\/fr\/#organization","name":"Audibax","url":"https:\/\/romantic-sinoussi.152-228-147-242.plesk.page\/fr\/","logo":{"@type":"ImageObject","inLanguage":"fr-FR","@id":"https:\/\/romantic-sinoussi.152-228-147-242.plesk.page\/fr\/#\/schema\/logo\/image\/","url":"https:\/\/romantic-sinoussi.152-228-147-242.plesk.page\/wp-content\/uploads\/2023\/09\/logo-Audibax-BLANCO-SVG-1.svg","contentUrl":"https:\/\/romantic-sinoussi.152-228-147-242.plesk.page\/wp-content\/uploads\/2023\/09\/logo-Audibax-BLANCO-SVG-1.svg","width":581,"height":146,"caption":"Audibax"},"image":{"@id":"https:\/\/romantic-sinoussi.152-228-147-242.plesk.page\/fr\/#\/schema\/logo\/image\/"}}]}},"_links":{"self":[{"href":"https:\/\/romantic-sinoussi.152-228-147-242.plesk.page\/fr\/wp-json\/wp\/v2\/product\/36762","targetHints":{"allow":["GET"]}}],"collection":[{"href":"https:\/\/romantic-sinoussi.152-228-147-242.plesk.page\/fr\/wp-json\/wp\/v2\/product"}],"about":[{"href":"https:\/\/romantic-sinoussi.152-228-147-242.plesk.page\/fr\/wp-json\/wp\/v2\/types\/product"}],"replies":[{"embeddable":true,"href":"https:\/\/romantic-sinoussi.152-228-147-242.plesk.page\/fr\/wp-json\/wp\/v2\/comments?post=36762"}],"wp:featuredmedia":[{"embeddable":true,"href":"https:\/\/romantic-sinoussi.152-228-147-242.plesk.page\/fr\/wp-json\/wp\/v2\/media\/16619"}],"wp:attachment":[{"href":"https:\/\/romantic-sinoussi.152-228-147-242.plesk.page\/fr\/wp-json\/wp\/v2\/media?parent=36762"}],"wp:term":[{"taxonomy":"product_cat","embeddable":true,"href":"https:\/\/romantic-sinoussi.152-228-147-242.plesk.page\/fr\/wp-json\/wp\/v2\/product_cat?post=36762"},{"taxonomy":"product_tag","embeddable":true,"href":"https:\/\/romantic-sinoussi.152-228-147-242.plesk.page\/fr\/wp-json\/wp\/v2\/product_tag?post=36762"}],"curies":[{"name":"wp","href":"https:\/\/api.w.org\/{rel}","templated":true}]}}