{"id":36765,"date":"2023-12-27T11:59:32","date_gmt":"2023-12-27T10:59:32","guid":{"rendered":"https:\/\/romantic-sinoussi.152-228-147-242.plesk.page\/product\/roma-240-go-black-2\/"},"modified":"2023-12-27T11:59:32","modified_gmt":"2023-12-27T10:59:32","slug":"roma-240-go-black-2","status":"publish","type":"product","link":"https:\/\/romantic-sinoussi.152-228-147-242.plesk.page\/fr\/produit\/roma-240-go-black-2\/","title":{"rendered":"Roma 240 Go Black"},"content":{"rendered":"<p><span style=\"font-size :14px\"><strong>Caract\u00e9ristiques<\/strong><\/strong><\/p>\n<ul>\n<ul>\n<li>Le <strong>Audibax Roma 240 Go<\/strong> est un haut-parleur actif sans fil aliment\u00e9 par batterie, dot\u00e9 d&#8217;un amplificateur r\u00e9volutionnaire de classe D, offrant des performances et une puissance incroyables.<\/li>\n<li>Notre enceinte <strong>Roma 240 Go<\/strong> est \u00e9quip\u00e9e d&#8217;une batterie rechargeable 6 pi\u00e8ces 2600 mAh 18650 lithium-ion.<\/li>\n<li>Il dispose de 2 entr\u00e9es XLR, d&#8217;une entr\u00e9e Combo 6,3 mm et d&#8217;une entr\u00e9e ligne RCA ; en plus d&#8217;une sortie ligne XLR.<\/li>\n<li>Ce syst\u00e8me polyvalent fonctionne dans une vari\u00e9t\u00e9 de modes. Il peut \u00eatre plac\u00e9 inclin\u00e9 vers l&#8217;arri\u00e8re sur le sol pour les spectacles o\u00f9 le public est proche, utilis\u00e9 comme moniteur de sol professionnel, et m\u00eame plac\u00e9 sur un pied d&#8217;enceinte de 35 mm.<\/li>\n<\/ul>\n<p><span style=\"font-size :14px\"><strong>Sp\u00e9cifications<\/strong><\/span><\/p>\n<ul>\n<li>Enceinte active avec Bluetooth Wireless Inal&aacute;a 6.5&#038;quot ; 240W<\/li>\n<li>Type : Syst\u00e8me de sonorisation tout-en-un aliment\u00e9 par batterie<\/li>\n<li>R\u00e9ponse en fr\u00e9quence (-6dB) : 60 Hz &#8211; 18 kHz<\/li>\n<li>Puissance : 120W RMS \/ Peak : 240W<\/li>\n<li>Transducteur BF : 1 * 6 subwoofer.5&#8243; bobine vocale, 1.5&quot;<\/li>\n<li>TransducteurHF : 3 * 2.75&#038;quot ;, aimant n\u00e9odyme, 1&quot;bobine vocale<\/li>\n<li>\n<li>Amplification : Classe D<\/li>\n<li>M&aacute;x. SPL (1m, espace libre) : 114dB<\/li>\n<li>Imp\u00e9dance : 4 ohms<\/li>\n<li>Nombre de canaux de mixage : 3<\/li>\n<li>Nombre de pr\u00e9amplis micro : 2<\/li>\n<li>\u00c9qualiseur de canal \u00e0 2 bandes<\/li>\n<li>Effets : R\u00e9verb\u00e9ration<\/li>\n<li>Entr\u00e9es : 2 * XLR \/ 6,3mm Combo, \/ 1 * RCA Line In<\/li>\n<li>Sortie : 1 XLR Line Out.<\/li>\n<li>Alimentation : 110~240V 50 \/ 60HZ<\/li>\n<li>Bluetooth : Y&#038;iacute ;, et prend en charge la fonction Tws<\/li>\n<li>Batterie lithium-ion rechargeable&#038;iacute ; 6pcs 2600 mAh 18650 batterie lithium-ion<\/li>\n<li>Options de montage : Fixation sur poteau de 35 mm, dos inclinable, moniteur au sol<\/li>\n<li>Mat\u00e9riau du bo\u00eetier : plastique polypropyl\u00e8ne<\/li>\n<li>Inclut un \u00e9tui<\/li>\n<li>Dimensions : 28.5 x 25 x 34,5 cm<\/li>\n<li>Poids : 7,2 Kilos seulement enceinte<\/li>\n<li>Poids 7,2 seulement enceinte<\/li>\n<\/ul>\n","protected":false},"excerpt":{"rendered":"<ul>\n<li>Enceinte active aliment\u00e9e par batterie Inal&#038;aacute ; Bluetooth 6.5&#038;quot ; 240W<\/li>\n<li>Dimensions : 6.5&quot;<\/li>\n<li>Puissance : 120W RMS<\/li>\n<li>Puissance de pointe : 240W<\/li>\n<li>Connectivit\u00e9 Bluetooth<\/li>\n<\/ul>\n<\/ul>\n","protected":false},"featured_media":17618,"comment_status":"open","ping_status":"closed","template":"","meta":[],"product_cat":[405,243],"product_tag":[],"class_list":{"0":"post-36765","1":"product","2":"type-product","3":"status-publish","4":"has-post-thumbnail","6":"product_cat-haut-parleurs-de-batterie","7":"product_cat-uncategorized","9":"first","10":"instock","11":"shipping-taxable","12":"product-type-simple"},"acf":[],"yoast_head":"<!-- This site is optimized with the Yoast SEO plugin v21.5 - https:\/\/yoast.com\/wordpress\/plugins\/seo\/ -->\n<title>Roma 240 Go Black - Audibax<\/title>\n<meta name=\"robots\" content=\"noindex, follow, max-snippet:-1, max-image-preview:large, max-video-preview:-1\" \/>\n<meta property=\"og:locale\" content=\"fr_FR\" \/>\n<meta property=\"og:type\" content=\"article\" \/>\n<meta property=\"og:title\" content=\"Roma 240 Go Black - Audibax\" \/>\n<meta property=\"og:description\" content=\"Enceinte active aliment\u00e9e par batterie Inal&amp;aacute ; Bluetooth 6.5&amp;quot ; 240W Dimensions : 6.5&quot; Puissance : 120W RMS Puissance de pointe : 240W Connectivit\u00e9 Bluetooth\" \/>\n<meta property=\"og:url\" content=\"https:\/\/romantic-sinoussi.152-228-147-242.plesk.page\/fr\/produit\/roma-240-go-black-2\/\" \/>\n<meta property=\"og:site_name\" content=\"Audibax\" \/>\n<meta name=\"twitter:card\" content=\"summary_large_image\" \/>\n<meta name=\"twitter:label1\" content=\"Dur\u00e9e de lecture estim\u00e9e\" \/>\n\t<meta name=\"twitter:data1\" content=\"1 minute\" \/>\n<script type=\"application\/ld+json\" class=\"yoast-schema-graph\">{\"@context\":\"https:\/\/schema.org\",\"@graph\":[{\"@type\":\"WebPage\",\"@id\":\"https:\/\/romantic-sinoussi.152-228-147-242.plesk.page\/fr\/produit\/roma-240-go-black-2\/\",\"url\":\"https:\/\/romantic-sinoussi.152-228-147-242.plesk.page\/fr\/produit\/roma-240-go-black-2\/\",\"name\":\"Roma 240 Go Black - Audibax\",\"isPartOf\":{\"@id\":\"https:\/\/romantic-sinoussi.152-228-147-242.plesk.page\/fr\/#website\"},\"datePublished\":\"2023-12-27T10:59:32+00:00\",\"dateModified\":\"2023-12-27T10:59:32+00:00\",\"breadcrumb\":{\"@id\":\"https:\/\/romantic-sinoussi.152-228-147-242.plesk.page\/fr\/produit\/roma-240-go-black-2\/#breadcrumb\"},\"inLanguage\":\"fr-FR\",\"potentialAction\":[{\"@type\":\"ReadAction\",\"target\":[\"https:\/\/romantic-sinoussi.152-228-147-242.plesk.page\/fr\/produit\/roma-240-go-black-2\/\"]}]},{\"@type\":\"BreadcrumbList\",\"@id\":\"https:\/\/romantic-sinoussi.152-228-147-242.plesk.page\/fr\/produit\/roma-240-go-black-2\/#breadcrumb\",\"itemListElement\":[{\"@type\":\"ListItem\",\"position\":1,\"name\":\"Portada\",\"item\":\"https:\/\/romantic-sinoussi.152-228-147-242.plesk.page\/fr\/\"},{\"@type\":\"ListItem\",\"position\":2,\"name\":\"Products\",\"item\":\"https:\/\/romantic-sinoussi.152-228-147-242.plesk.page\/fr\/shop\/\"},{\"@type\":\"ListItem\",\"position\":3,\"name\":\"Roma 240 Go Black\"}]},{\"@type\":\"WebSite\",\"@id\":\"https:\/\/romantic-sinoussi.152-228-147-242.plesk.page\/fr\/#website\",\"url\":\"https:\/\/romantic-sinoussi.152-228-147-242.plesk.page\/fr\/\",\"name\":\"Audibax\",\"description\":\"\",\"publisher\":{\"@id\":\"https:\/\/romantic-sinoussi.152-228-147-242.plesk.page\/fr\/#organization\"},\"potentialAction\":[{\"@type\":\"SearchAction\",\"target\":{\"@type\":\"EntryPoint\",\"urlTemplate\":\"https:\/\/romantic-sinoussi.152-228-147-242.plesk.page\/fr\/?s={search_term_string}\"},\"query-input\":\"required name=search_term_string\"}],\"inLanguage\":\"fr-FR\"},{\"@type\":\"Organization\",\"@id\":\"https:\/\/romantic-sinoussi.152-228-147-242.plesk.page\/fr\/#organization\",\"name\":\"Audibax\",\"url\":\"https:\/\/romantic-sinoussi.152-228-147-242.plesk.page\/fr\/\",\"logo\":{\"@type\":\"ImageObject\",\"inLanguage\":\"fr-FR\",\"@id\":\"https:\/\/romantic-sinoussi.152-228-147-242.plesk.page\/fr\/#\/schema\/logo\/image\/\",\"url\":\"https:\/\/romantic-sinoussi.152-228-147-242.plesk.page\/wp-content\/uploads\/2023\/09\/logo-Audibax-BLANCO-SVG-1.svg\",\"contentUrl\":\"https:\/\/romantic-sinoussi.152-228-147-242.plesk.page\/wp-content\/uploads\/2023\/09\/logo-Audibax-BLANCO-SVG-1.svg\",\"width\":581,\"height\":146,\"caption\":\"Audibax\"},\"image\":{\"@id\":\"https:\/\/romantic-sinoussi.152-228-147-242.plesk.page\/fr\/#\/schema\/logo\/image\/\"}}]}<\/script>\n<!-- \/ Yoast SEO plugin. -->","yoast_head_json":{"title":"Roma 240 Go Black - Audibax","robots":{"index":"noindex","follow":"follow","max-snippet":"max-snippet:-1","max-image-preview":"max-image-preview:large","max-video-preview":"max-video-preview:-1"},"og_locale":"fr_FR","og_type":"article","og_title":"Roma 240 Go Black - Audibax","og_description":"Enceinte active aliment\u00e9e par batterie Inal&aacute ; Bluetooth 6.5&quot ; 240W Dimensions : 6.5&quot; Puissance : 120W RMS Puissance de pointe : 240W Connectivit\u00e9 Bluetooth","og_url":"https:\/\/romantic-sinoussi.152-228-147-242.plesk.page\/fr\/produit\/roma-240-go-black-2\/","og_site_name":"Audibax","twitter_card":"summary_large_image","twitter_misc":{"Dur\u00e9e de lecture estim\u00e9e":"1 minute"},"schema":{"@context":"https:\/\/schema.org","@graph":[{"@type":"WebPage","@id":"https:\/\/romantic-sinoussi.152-228-147-242.plesk.page\/fr\/produit\/roma-240-go-black-2\/","url":"https:\/\/romantic-sinoussi.152-228-147-242.plesk.page\/fr\/produit\/roma-240-go-black-2\/","name":"Roma 240 Go Black - Audibax","isPartOf":{"@id":"https:\/\/romantic-sinoussi.152-228-147-242.plesk.page\/fr\/#website"},"datePublished":"2023-12-27T10:59:32+00:00","dateModified":"2023-12-27T10:59:32+00:00","breadcrumb":{"@id":"https:\/\/romantic-sinoussi.152-228-147-242.plesk.page\/fr\/produit\/roma-240-go-black-2\/#breadcrumb"},"inLanguage":"fr-FR","potentialAction":[{"@type":"ReadAction","target":["https:\/\/romantic-sinoussi.152-228-147-242.plesk.page\/fr\/produit\/roma-240-go-black-2\/"]}]},{"@type":"BreadcrumbList","@id":"https:\/\/romantic-sinoussi.152-228-147-242.plesk.page\/fr\/produit\/roma-240-go-black-2\/#breadcrumb","itemListElement":[{"@type":"ListItem","position":1,"name":"Portada","item":"https:\/\/romantic-sinoussi.152-228-147-242.plesk.page\/fr\/"},{"@type":"ListItem","position":2,"name":"Products","item":"https:\/\/romantic-sinoussi.152-228-147-242.plesk.page\/fr\/shop\/"},{"@type":"ListItem","position":3,"name":"Roma 240 Go Black"}]},{"@type":"WebSite","@id":"https:\/\/romantic-sinoussi.152-228-147-242.plesk.page\/fr\/#website","url":"https:\/\/romantic-sinoussi.152-228-147-242.plesk.page\/fr\/","name":"Audibax","description":"","publisher":{"@id":"https:\/\/romantic-sinoussi.152-228-147-242.plesk.page\/fr\/#organization"},"potentialAction":[{"@type":"SearchAction","target":{"@type":"EntryPoint","urlTemplate":"https:\/\/romantic-sinoussi.152-228-147-242.plesk.page\/fr\/?s={search_term_string}"},"query-input":"required name=search_term_string"}],"inLanguage":"fr-FR"},{"@type":"Organization","@id":"https:\/\/romantic-sinoussi.152-228-147-242.plesk.page\/fr\/#organization","name":"Audibax","url":"https:\/\/romantic-sinoussi.152-228-147-242.plesk.page\/fr\/","logo":{"@type":"ImageObject","inLanguage":"fr-FR","@id":"https:\/\/romantic-sinoussi.152-228-147-242.plesk.page\/fr\/#\/schema\/logo\/image\/","url":"https:\/\/romantic-sinoussi.152-228-147-242.plesk.page\/wp-content\/uploads\/2023\/09\/logo-Audibax-BLANCO-SVG-1.svg","contentUrl":"https:\/\/romantic-sinoussi.152-228-147-242.plesk.page\/wp-content\/uploads\/2023\/09\/logo-Audibax-BLANCO-SVG-1.svg","width":581,"height":146,"caption":"Audibax"},"image":{"@id":"https:\/\/romantic-sinoussi.152-228-147-242.plesk.page\/fr\/#\/schema\/logo\/image\/"}}]}},"_links":{"self":[{"href":"https:\/\/romantic-sinoussi.152-228-147-242.plesk.page\/fr\/wp-json\/wp\/v2\/product\/36765","targetHints":{"allow":["GET"]}}],"collection":[{"href":"https:\/\/romantic-sinoussi.152-228-147-242.plesk.page\/fr\/wp-json\/wp\/v2\/product"}],"about":[{"href":"https:\/\/romantic-sinoussi.152-228-147-242.plesk.page\/fr\/wp-json\/wp\/v2\/types\/product"}],"replies":[{"embeddable":true,"href":"https:\/\/romantic-sinoussi.152-228-147-242.plesk.page\/fr\/wp-json\/wp\/v2\/comments?post=36765"}],"wp:featuredmedia":[{"embeddable":true,"href":"https:\/\/romantic-sinoussi.152-228-147-242.plesk.page\/fr\/wp-json\/wp\/v2\/media\/17618"}],"wp:attachment":[{"href":"https:\/\/romantic-sinoussi.152-228-147-242.plesk.page\/fr\/wp-json\/wp\/v2\/media?parent=36765"}],"wp:term":[{"taxonomy":"product_cat","embeddable":true,"href":"https:\/\/romantic-sinoussi.152-228-147-242.plesk.page\/fr\/wp-json\/wp\/v2\/product_cat?post=36765"},{"taxonomy":"product_tag","embeddable":true,"href":"https:\/\/romantic-sinoussi.152-228-147-242.plesk.page\/fr\/wp-json\/wp\/v2\/product_tag?post=36765"}],"curies":[{"name":"wp","href":"https:\/\/api.w.org\/{rel}","templated":true}]}}