{"id":36766,"date":"2023-12-27T11:59:34","date_gmt":"2023-12-27T10:59:34","guid":{"rendered":"https:\/\/romantic-sinoussi.152-228-147-242.plesk.page\/product\/roma-120-go-black-2\/"},"modified":"2023-12-27T11:59:34","modified_gmt":"2023-12-27T10:59:34","slug":"roma-120-go-black-2","status":"publish","type":"product","link":"https:\/\/romantic-sinoussi.152-228-147-242.plesk.page\/fr\/produit\/roma-120-go-black-2\/","title":{"rendered":"Roma 120 Go Black"},"content":{"rendered":"<\/p>\n<p><strong>Caract\u00e9ristiques<\/strong><\/strong><\/p>\n<ul>\n<li>Le <strong>Audibax Roma 120 Go<\/strong> est une enceinte active sans fil.Le <strong>Audibax Roma 120 Go<\/strong> est un haut-parleur actif sans fil aliment\u00e9 par batterie et dot\u00e9 d&#8217;un amplificateur r\u00e9volutionnaire de classe D, offrant des performances et une puissance incroyables.<\/li>\n<li>Notre enceinte <strong>Roma 120 Go<\/strong> est \u00e9quip\u00e9e d&#8217;une batterie lithium-ion rechargeable de 1500 mAh en 6 parties.<\/li>\n<li>Il dispose de 2 entr\u00e9es XLR \/ USB et d&#8217;une sortie ligne XLR.<\/li>\n<li>Ce syst\u00e8me polyvalent peut \u00eatre utilis\u00e9 dans diff\u00e9rents modes. Il peut \u00eatre plac\u00e9 inclin\u00e9 vers l&#8217;arri\u00e8re sur le sol pour les spectacles o\u00f9 le public est proche, utilis\u00e9 comme moniteur de sol professionnel, et m\u00eame plac\u00e9 sur un pied d&#8217;enceinte de 35 mm.<\/li>\n<\/ul>\n<p><strong>Sp\u00e9cifications<\/strong><\/p>\n<ul>\n<li>Enceinte active aliment\u00e9e par batterie avec Bluetooth 6.5&#038;quot ; 120W<\/li>\n<li>Type : Syst\u00e8me de sonorisation tout-en-un aliment\u00e9 par batterie<\/li>\n<li>R\u00e9ponse en fr\u00e9quence (-6dB) : 60 Hz &#8211; 18 kHz<\/li>\n<li>Puissance : 60W RMS \/ 120W Peak<\/li>\n<li>Transducteur BF : 1 * 6 subwoofer.5 &#038;quot ;, 1 bobine mobile&quot;<\/li>\n<li>TransducteurHF : 0,8&#39;&#39;&#39;<\/li>\n<li>Amplification : Classe D avec lecteur MP3<\/li>\n<li>M&aacute;x. SPL (1m, espace libre) : 102dB<\/li>\n<li>Imp\u00e9dance : 4 Ohm<\/li>\n<li>N&uacute;m de canaux de mixage:&nbsp;3<\/li>\n<li>N&uacute;m de pr\u00e9amplis micro :&nbsp;2<\/li>\n<li>\u00c9galiseur de canal \u00e0 2 bandes<\/li>\n<li>Entr\u00e9es : 2 * XLR \/ entr\u00e9e USB<\/li>\n<li>Sortie : 1 sortie ligne XLR.<\/li>\n<li>Alimentation : 110~240V 50 \/ 60Hz<\/li>\n<li>Bluetooth : Y&#038;iacute ;, et prend en charge la fonction TWS<\/li>\n<li>Batterie lithium-ion rechargeable&#038;iacute ; 6pcs 1500 mAh 18650 batterie lithium-ion<\/li>\n<li>Options de montage : Montage sur poteau de 35 mm, inclinaison arri\u00e8re, moniteur au sol, montage mural Montures non incluses.<\/li>\n<li>Mat\u00e9riau : plastique polypropyl\u00e8ne<\/li>\n<li>Inclut la housse<\/li>\n<\/li>\n<li>Mesures : 28.5 x 25 x 34,5 cm<\/li>\n<li>Poids : 6,78kg<\/li>\n<\/ul>\n","protected":false},"excerpt":{"rendered":"<ul>\n<li>Enceinte active avec batterie<\/li>\n<li>Dimensions : 6.5&quot;<\/li>\n<li>Puissance : 60W RMS<\/li>\n<li>Puissance de pointe : 120W<\/li>\n<li>Connexion Bluetooth<\/li>\n<\/ul>\n<\/ul>\n<\/ul>\n","protected":false},"featured_media":17615,"comment_status":"open","ping_status":"closed","template":"","meta":[],"product_cat":[405,243],"product_tag":[],"class_list":{"0":"post-36766","1":"product","2":"type-product","3":"status-publish","4":"has-post-thumbnail","6":"product_cat-haut-parleurs-de-batterie","7":"product_cat-uncategorized","9":"first","10":"instock","11":"shipping-taxable","12":"product-type-simple"},"acf":[],"yoast_head":"<!-- This site is optimized with the Yoast SEO plugin v21.5 - https:\/\/yoast.com\/wordpress\/plugins\/seo\/ -->\n<title>Roma 120 Go Black - Audibax<\/title>\n<meta name=\"robots\" content=\"noindex, follow, max-snippet:-1, max-image-preview:large, max-video-preview:-1\" \/>\n<meta property=\"og:locale\" content=\"fr_FR\" \/>\n<meta property=\"og:type\" content=\"article\" \/>\n<meta property=\"og:title\" content=\"Roma 120 Go Black - Audibax\" \/>\n<meta property=\"og:description\" content=\"Enceinte active avec batterie Dimensions : 6.5&quot; Puissance : 60W RMS Puissance de pointe : 120W Connexion Bluetooth\" \/>\n<meta property=\"og:url\" content=\"https:\/\/romantic-sinoussi.152-228-147-242.plesk.page\/fr\/produit\/roma-120-go-black-2\/\" \/>\n<meta property=\"og:site_name\" content=\"Audibax\" \/>\n<meta name=\"twitter:card\" content=\"summary_large_image\" \/>\n<meta name=\"twitter:label1\" content=\"Dur\u00e9e de lecture estim\u00e9e\" \/>\n\t<meta name=\"twitter:data1\" content=\"1 minute\" \/>\n<script type=\"application\/ld+json\" class=\"yoast-schema-graph\">{\"@context\":\"https:\/\/schema.org\",\"@graph\":[{\"@type\":\"WebPage\",\"@id\":\"https:\/\/romantic-sinoussi.152-228-147-242.plesk.page\/fr\/produit\/roma-120-go-black-2\/\",\"url\":\"https:\/\/romantic-sinoussi.152-228-147-242.plesk.page\/fr\/produit\/roma-120-go-black-2\/\",\"name\":\"Roma 120 Go Black - Audibax\",\"isPartOf\":{\"@id\":\"https:\/\/romantic-sinoussi.152-228-147-242.plesk.page\/fr\/#website\"},\"datePublished\":\"2023-12-27T10:59:34+00:00\",\"dateModified\":\"2023-12-27T10:59:34+00:00\",\"breadcrumb\":{\"@id\":\"https:\/\/romantic-sinoussi.152-228-147-242.plesk.page\/fr\/produit\/roma-120-go-black-2\/#breadcrumb\"},\"inLanguage\":\"fr-FR\",\"potentialAction\":[{\"@type\":\"ReadAction\",\"target\":[\"https:\/\/romantic-sinoussi.152-228-147-242.plesk.page\/fr\/produit\/roma-120-go-black-2\/\"]}]},{\"@type\":\"BreadcrumbList\",\"@id\":\"https:\/\/romantic-sinoussi.152-228-147-242.plesk.page\/fr\/produit\/roma-120-go-black-2\/#breadcrumb\",\"itemListElement\":[{\"@type\":\"ListItem\",\"position\":1,\"name\":\"Portada\",\"item\":\"https:\/\/romantic-sinoussi.152-228-147-242.plesk.page\/fr\/\"},{\"@type\":\"ListItem\",\"position\":2,\"name\":\"Products\",\"item\":\"https:\/\/romantic-sinoussi.152-228-147-242.plesk.page\/fr\/shop\/\"},{\"@type\":\"ListItem\",\"position\":3,\"name\":\"Roma 120 Go Black\"}]},{\"@type\":\"WebSite\",\"@id\":\"https:\/\/romantic-sinoussi.152-228-147-242.plesk.page\/fr\/#website\",\"url\":\"https:\/\/romantic-sinoussi.152-228-147-242.plesk.page\/fr\/\",\"name\":\"Audibax\",\"description\":\"\",\"publisher\":{\"@id\":\"https:\/\/romantic-sinoussi.152-228-147-242.plesk.page\/fr\/#organization\"},\"potentialAction\":[{\"@type\":\"SearchAction\",\"target\":{\"@type\":\"EntryPoint\",\"urlTemplate\":\"https:\/\/romantic-sinoussi.152-228-147-242.plesk.page\/fr\/?s={search_term_string}\"},\"query-input\":\"required name=search_term_string\"}],\"inLanguage\":\"fr-FR\"},{\"@type\":\"Organization\",\"@id\":\"https:\/\/romantic-sinoussi.152-228-147-242.plesk.page\/fr\/#organization\",\"name\":\"Audibax\",\"url\":\"https:\/\/romantic-sinoussi.152-228-147-242.plesk.page\/fr\/\",\"logo\":{\"@type\":\"ImageObject\",\"inLanguage\":\"fr-FR\",\"@id\":\"https:\/\/romantic-sinoussi.152-228-147-242.plesk.page\/fr\/#\/schema\/logo\/image\/\",\"url\":\"https:\/\/romantic-sinoussi.152-228-147-242.plesk.page\/wp-content\/uploads\/2023\/09\/logo-Audibax-BLANCO-SVG-1.svg\",\"contentUrl\":\"https:\/\/romantic-sinoussi.152-228-147-242.plesk.page\/wp-content\/uploads\/2023\/09\/logo-Audibax-BLANCO-SVG-1.svg\",\"width\":581,\"height\":146,\"caption\":\"Audibax\"},\"image\":{\"@id\":\"https:\/\/romantic-sinoussi.152-228-147-242.plesk.page\/fr\/#\/schema\/logo\/image\/\"}}]}<\/script>\n<!-- \/ Yoast SEO plugin. -->","yoast_head_json":{"title":"Roma 120 Go Black - Audibax","robots":{"index":"noindex","follow":"follow","max-snippet":"max-snippet:-1","max-image-preview":"max-image-preview:large","max-video-preview":"max-video-preview:-1"},"og_locale":"fr_FR","og_type":"article","og_title":"Roma 120 Go Black - Audibax","og_description":"Enceinte active avec batterie Dimensions : 6.5&quot; Puissance : 60W RMS Puissance de pointe : 120W Connexion Bluetooth","og_url":"https:\/\/romantic-sinoussi.152-228-147-242.plesk.page\/fr\/produit\/roma-120-go-black-2\/","og_site_name":"Audibax","twitter_card":"summary_large_image","twitter_misc":{"Dur\u00e9e de lecture estim\u00e9e":"1 minute"},"schema":{"@context":"https:\/\/schema.org","@graph":[{"@type":"WebPage","@id":"https:\/\/romantic-sinoussi.152-228-147-242.plesk.page\/fr\/produit\/roma-120-go-black-2\/","url":"https:\/\/romantic-sinoussi.152-228-147-242.plesk.page\/fr\/produit\/roma-120-go-black-2\/","name":"Roma 120 Go Black - Audibax","isPartOf":{"@id":"https:\/\/romantic-sinoussi.152-228-147-242.plesk.page\/fr\/#website"},"datePublished":"2023-12-27T10:59:34+00:00","dateModified":"2023-12-27T10:59:34+00:00","breadcrumb":{"@id":"https:\/\/romantic-sinoussi.152-228-147-242.plesk.page\/fr\/produit\/roma-120-go-black-2\/#breadcrumb"},"inLanguage":"fr-FR","potentialAction":[{"@type":"ReadAction","target":["https:\/\/romantic-sinoussi.152-228-147-242.plesk.page\/fr\/produit\/roma-120-go-black-2\/"]}]},{"@type":"BreadcrumbList","@id":"https:\/\/romantic-sinoussi.152-228-147-242.plesk.page\/fr\/produit\/roma-120-go-black-2\/#breadcrumb","itemListElement":[{"@type":"ListItem","position":1,"name":"Portada","item":"https:\/\/romantic-sinoussi.152-228-147-242.plesk.page\/fr\/"},{"@type":"ListItem","position":2,"name":"Products","item":"https:\/\/romantic-sinoussi.152-228-147-242.plesk.page\/fr\/shop\/"},{"@type":"ListItem","position":3,"name":"Roma 120 Go Black"}]},{"@type":"WebSite","@id":"https:\/\/romantic-sinoussi.152-228-147-242.plesk.page\/fr\/#website","url":"https:\/\/romantic-sinoussi.152-228-147-242.plesk.page\/fr\/","name":"Audibax","description":"","publisher":{"@id":"https:\/\/romantic-sinoussi.152-228-147-242.plesk.page\/fr\/#organization"},"potentialAction":[{"@type":"SearchAction","target":{"@type":"EntryPoint","urlTemplate":"https:\/\/romantic-sinoussi.152-228-147-242.plesk.page\/fr\/?s={search_term_string}"},"query-input":"required name=search_term_string"}],"inLanguage":"fr-FR"},{"@type":"Organization","@id":"https:\/\/romantic-sinoussi.152-228-147-242.plesk.page\/fr\/#organization","name":"Audibax","url":"https:\/\/romantic-sinoussi.152-228-147-242.plesk.page\/fr\/","logo":{"@type":"ImageObject","inLanguage":"fr-FR","@id":"https:\/\/romantic-sinoussi.152-228-147-242.plesk.page\/fr\/#\/schema\/logo\/image\/","url":"https:\/\/romantic-sinoussi.152-228-147-242.plesk.page\/wp-content\/uploads\/2023\/09\/logo-Audibax-BLANCO-SVG-1.svg","contentUrl":"https:\/\/romantic-sinoussi.152-228-147-242.plesk.page\/wp-content\/uploads\/2023\/09\/logo-Audibax-BLANCO-SVG-1.svg","width":581,"height":146,"caption":"Audibax"},"image":{"@id":"https:\/\/romantic-sinoussi.152-228-147-242.plesk.page\/fr\/#\/schema\/logo\/image\/"}}]}},"_links":{"self":[{"href":"https:\/\/romantic-sinoussi.152-228-147-242.plesk.page\/fr\/wp-json\/wp\/v2\/product\/36766","targetHints":{"allow":["GET"]}}],"collection":[{"href":"https:\/\/romantic-sinoussi.152-228-147-242.plesk.page\/fr\/wp-json\/wp\/v2\/product"}],"about":[{"href":"https:\/\/romantic-sinoussi.152-228-147-242.plesk.page\/fr\/wp-json\/wp\/v2\/types\/product"}],"replies":[{"embeddable":true,"href":"https:\/\/romantic-sinoussi.152-228-147-242.plesk.page\/fr\/wp-json\/wp\/v2\/comments?post=36766"}],"wp:featuredmedia":[{"embeddable":true,"href":"https:\/\/romantic-sinoussi.152-228-147-242.plesk.page\/fr\/wp-json\/wp\/v2\/media\/17615"}],"wp:attachment":[{"href":"https:\/\/romantic-sinoussi.152-228-147-242.plesk.page\/fr\/wp-json\/wp\/v2\/media?parent=36766"}],"wp:term":[{"taxonomy":"product_cat","embeddable":true,"href":"https:\/\/romantic-sinoussi.152-228-147-242.plesk.page\/fr\/wp-json\/wp\/v2\/product_cat?post=36766"},{"taxonomy":"product_tag","embeddable":true,"href":"https:\/\/romantic-sinoussi.152-228-147-242.plesk.page\/fr\/wp-json\/wp\/v2\/product_tag?post=36766"}],"curies":[{"name":"wp","href":"https:\/\/api.w.org\/{rel}","templated":true}]}}