{"id":36778,"date":"2023-12-27T11:59:47","date_gmt":"2023-12-27T10:59:47","guid":{"rendered":"https:\/\/romantic-sinoussi.152-228-147-242.plesk.page\/product\/cm508l-bt-white-2\/"},"modified":"2023-12-27T11:59:47","modified_gmt":"2023-12-27T10:59:47","slug":"cm508l-bt-white-2","status":"publish","type":"product","link":"https:\/\/romantic-sinoussi.152-228-147-242.plesk.page\/fr\/produit\/cm508l-bt-white-2\/","title":{"rendered":"CM508L BT White"},"content":{"rendered":"<\/p>\n<p>Paire d&#8217;enceintes encastr\u00e9es au plafond \u00e0 connectivit\u00e9 Bluetooth avec basses de 5,25 pouces.<\/p>\n<p>Grande puissance de 20W + 20W et deux voies qui offrent une qualit\u00e9 de son Hifi St\u00e9r\u00e9o.<\/p>\n<p><strong>Sp\u00e9cifications:<\/strong><\/p>\n<ul>\n<li>Un ensemble de haut-parleurs de plafond Bluetooth auto-aliment\u00e9s de 20W.<\/li>\n<li>Compos\u00e9 d&#8217;un haut-parleur actif et d&#8217;un haut-parleur passif<\/li>\n<li>Puissance : 20 W+ 20 W<\/li>\n<li>Woofer : 5.25&#038;rdquo ;, 8 ohm<\/li>\n<li>Tweeter : 1\/2 mylar<\/li>\n<li>R\u00e9ponse en fr\u00e9quence : 100 Hz ~ 20 kHz<\/li>\n<li>SPL (1W\/1m) : 88 dB<\/li>\n<li>Alimentation \u00e9lectrique : AC 220 V, 50\/60 Hz<\/li>\n<li>Diam\u00e8tre d&#8217;installation : 166 mm<\/li>\n<li>Profondeur d&#8217;installation minimale : 75 mm.<\/li>\n<li>Mat\u00e9riau : grille m\u00e9tallique, corps en ABS<\/li>\n<li>Couleur : Blanc<\/li>\n<\/ul>\n<p>En raison des limitations du protocole bluetooth, deux paires ou plus de ce mod\u00e8le NE PEUVENT PAS \u00eatre utilis\u00e9es ensemble.<\/p>\n<p>En raison des limitations du protocole bluetooth, deux paires ou plus de ce mod\u00e8le NE PEUVENT PAS \u00eatre utilis\u00e9es ensemble.<\/p>\n<p>En raison des limitations du protocole bluetooth, deux paires ou plus de ce mod\u00e8le NE PEUVENT PAS \u00eatre utilis\u00e9es ensemble.<\/p>\n","protected":false},"excerpt":{"rendered":"<ul>\n<li>Paire d&#8217;enceintes encastr\u00e9es<\/li>\n<li>Compos\u00e9e d&#8217;une enceinte active et d&#8217;une enceinte passive<\/li>\n<li>Dimensions : 5&quot;<\/li>\n<li>Puissance : 2 x 20W RMS<\/li>\n<li>Connexion Bluetooth<\/li>\n<li>Grille magn\u00e9tique<\/li>\n<\/ul>\n<li>Puissance : 2 x 20W RMS<\/li>\n<li>Grille magn\u00e9tique<\/li>\n<\/ul>\n","protected":false},"featured_media":16598,"comment_status":"open","ping_status":"closed","template":"","meta":[],"product_cat":[409,243],"product_tag":[],"class_list":{"0":"post-36778","1":"product","2":"type-product","3":"status-publish","4":"has-post-thumbnail","6":"product_cat-haut-parleurs-au-plafond","7":"product_cat-uncategorized","9":"first","10":"instock","11":"shipping-taxable","12":"product-type-simple"},"acf":[],"yoast_head":"<!-- This site is optimized with the Yoast SEO plugin v21.5 - https:\/\/yoast.com\/wordpress\/plugins\/seo\/ -->\n<title>CM508L BT White - Audibax<\/title>\n<meta name=\"robots\" content=\"noindex, follow, max-snippet:-1, max-image-preview:large, max-video-preview:-1\" \/>\n<meta property=\"og:locale\" content=\"fr_FR\" \/>\n<meta property=\"og:type\" content=\"article\" \/>\n<meta property=\"og:title\" content=\"CM508L BT White - Audibax\" \/>\n<meta property=\"og:description\" content=\"Paire d&#039;enceintes encastr\u00e9es Compos\u00e9e d&#039;une enceinte active et d&#039;une enceinte passive Dimensions : 5&quot; Puissance : 2 x 20W RMS Connexion Bluetooth Grille magn\u00e9tique Puissance : 2 x 20W RMS Grille magn\u00e9tique\" \/>\n<meta property=\"og:url\" content=\"https:\/\/romantic-sinoussi.152-228-147-242.plesk.page\/fr\/produit\/cm508l-bt-white-2\/\" \/>\n<meta property=\"og:site_name\" content=\"Audibax\" \/>\n<meta name=\"twitter:card\" content=\"summary_large_image\" \/>\n<meta name=\"twitter:label1\" content=\"Dur\u00e9e de lecture estim\u00e9e\" \/>\n\t<meta name=\"twitter:data1\" content=\"1 minute\" \/>\n<script type=\"application\/ld+json\" class=\"yoast-schema-graph\">{\"@context\":\"https:\/\/schema.org\",\"@graph\":[{\"@type\":\"WebPage\",\"@id\":\"https:\/\/romantic-sinoussi.152-228-147-242.plesk.page\/fr\/produit\/cm508l-bt-white-2\/\",\"url\":\"https:\/\/romantic-sinoussi.152-228-147-242.plesk.page\/fr\/produit\/cm508l-bt-white-2\/\",\"name\":\"CM508L BT White - Audibax\",\"isPartOf\":{\"@id\":\"https:\/\/romantic-sinoussi.152-228-147-242.plesk.page\/fr\/#website\"},\"datePublished\":\"2023-12-27T10:59:47+00:00\",\"dateModified\":\"2023-12-27T10:59:47+00:00\",\"breadcrumb\":{\"@id\":\"https:\/\/romantic-sinoussi.152-228-147-242.plesk.page\/fr\/produit\/cm508l-bt-white-2\/#breadcrumb\"},\"inLanguage\":\"fr-FR\",\"potentialAction\":[{\"@type\":\"ReadAction\",\"target\":[\"https:\/\/romantic-sinoussi.152-228-147-242.plesk.page\/fr\/produit\/cm508l-bt-white-2\/\"]}]},{\"@type\":\"BreadcrumbList\",\"@id\":\"https:\/\/romantic-sinoussi.152-228-147-242.plesk.page\/fr\/produit\/cm508l-bt-white-2\/#breadcrumb\",\"itemListElement\":[{\"@type\":\"ListItem\",\"position\":1,\"name\":\"Portada\",\"item\":\"https:\/\/romantic-sinoussi.152-228-147-242.plesk.page\/fr\/\"},{\"@type\":\"ListItem\",\"position\":2,\"name\":\"Products\",\"item\":\"https:\/\/romantic-sinoussi.152-228-147-242.plesk.page\/fr\/shop\/\"},{\"@type\":\"ListItem\",\"position\":3,\"name\":\"CM508L BT White\"}]},{\"@type\":\"WebSite\",\"@id\":\"https:\/\/romantic-sinoussi.152-228-147-242.plesk.page\/fr\/#website\",\"url\":\"https:\/\/romantic-sinoussi.152-228-147-242.plesk.page\/fr\/\",\"name\":\"Audibax\",\"description\":\"\",\"publisher\":{\"@id\":\"https:\/\/romantic-sinoussi.152-228-147-242.plesk.page\/fr\/#organization\"},\"potentialAction\":[{\"@type\":\"SearchAction\",\"target\":{\"@type\":\"EntryPoint\",\"urlTemplate\":\"https:\/\/romantic-sinoussi.152-228-147-242.plesk.page\/fr\/?s={search_term_string}\"},\"query-input\":\"required name=search_term_string\"}],\"inLanguage\":\"fr-FR\"},{\"@type\":\"Organization\",\"@id\":\"https:\/\/romantic-sinoussi.152-228-147-242.plesk.page\/fr\/#organization\",\"name\":\"Audibax\",\"url\":\"https:\/\/romantic-sinoussi.152-228-147-242.plesk.page\/fr\/\",\"logo\":{\"@type\":\"ImageObject\",\"inLanguage\":\"fr-FR\",\"@id\":\"https:\/\/romantic-sinoussi.152-228-147-242.plesk.page\/fr\/#\/schema\/logo\/image\/\",\"url\":\"https:\/\/romantic-sinoussi.152-228-147-242.plesk.page\/wp-content\/uploads\/2023\/09\/logo-Audibax-BLANCO-SVG-1.svg\",\"contentUrl\":\"https:\/\/romantic-sinoussi.152-228-147-242.plesk.page\/wp-content\/uploads\/2023\/09\/logo-Audibax-BLANCO-SVG-1.svg\",\"width\":581,\"height\":146,\"caption\":\"Audibax\"},\"image\":{\"@id\":\"https:\/\/romantic-sinoussi.152-228-147-242.plesk.page\/fr\/#\/schema\/logo\/image\/\"}}]}<\/script>\n<!-- \/ Yoast SEO plugin. -->","yoast_head_json":{"title":"CM508L BT White - Audibax","robots":{"index":"noindex","follow":"follow","max-snippet":"max-snippet:-1","max-image-preview":"max-image-preview:large","max-video-preview":"max-video-preview:-1"},"og_locale":"fr_FR","og_type":"article","og_title":"CM508L BT White - Audibax","og_description":"Paire d'enceintes encastr\u00e9es Compos\u00e9e d'une enceinte active et d'une enceinte passive Dimensions : 5&quot; Puissance : 2 x 20W RMS Connexion Bluetooth Grille magn\u00e9tique Puissance : 2 x 20W RMS Grille magn\u00e9tique","og_url":"https:\/\/romantic-sinoussi.152-228-147-242.plesk.page\/fr\/produit\/cm508l-bt-white-2\/","og_site_name":"Audibax","twitter_card":"summary_large_image","twitter_misc":{"Dur\u00e9e de lecture estim\u00e9e":"1 minute"},"schema":{"@context":"https:\/\/schema.org","@graph":[{"@type":"WebPage","@id":"https:\/\/romantic-sinoussi.152-228-147-242.plesk.page\/fr\/produit\/cm508l-bt-white-2\/","url":"https:\/\/romantic-sinoussi.152-228-147-242.plesk.page\/fr\/produit\/cm508l-bt-white-2\/","name":"CM508L BT White - Audibax","isPartOf":{"@id":"https:\/\/romantic-sinoussi.152-228-147-242.plesk.page\/fr\/#website"},"datePublished":"2023-12-27T10:59:47+00:00","dateModified":"2023-12-27T10:59:47+00:00","breadcrumb":{"@id":"https:\/\/romantic-sinoussi.152-228-147-242.plesk.page\/fr\/produit\/cm508l-bt-white-2\/#breadcrumb"},"inLanguage":"fr-FR","potentialAction":[{"@type":"ReadAction","target":["https:\/\/romantic-sinoussi.152-228-147-242.plesk.page\/fr\/produit\/cm508l-bt-white-2\/"]}]},{"@type":"BreadcrumbList","@id":"https:\/\/romantic-sinoussi.152-228-147-242.plesk.page\/fr\/produit\/cm508l-bt-white-2\/#breadcrumb","itemListElement":[{"@type":"ListItem","position":1,"name":"Portada","item":"https:\/\/romantic-sinoussi.152-228-147-242.plesk.page\/fr\/"},{"@type":"ListItem","position":2,"name":"Products","item":"https:\/\/romantic-sinoussi.152-228-147-242.plesk.page\/fr\/shop\/"},{"@type":"ListItem","position":3,"name":"CM508L BT White"}]},{"@type":"WebSite","@id":"https:\/\/romantic-sinoussi.152-228-147-242.plesk.page\/fr\/#website","url":"https:\/\/romantic-sinoussi.152-228-147-242.plesk.page\/fr\/","name":"Audibax","description":"","publisher":{"@id":"https:\/\/romantic-sinoussi.152-228-147-242.plesk.page\/fr\/#organization"},"potentialAction":[{"@type":"SearchAction","target":{"@type":"EntryPoint","urlTemplate":"https:\/\/romantic-sinoussi.152-228-147-242.plesk.page\/fr\/?s={search_term_string}"},"query-input":"required name=search_term_string"}],"inLanguage":"fr-FR"},{"@type":"Organization","@id":"https:\/\/romantic-sinoussi.152-228-147-242.plesk.page\/fr\/#organization","name":"Audibax","url":"https:\/\/romantic-sinoussi.152-228-147-242.plesk.page\/fr\/","logo":{"@type":"ImageObject","inLanguage":"fr-FR","@id":"https:\/\/romantic-sinoussi.152-228-147-242.plesk.page\/fr\/#\/schema\/logo\/image\/","url":"https:\/\/romantic-sinoussi.152-228-147-242.plesk.page\/wp-content\/uploads\/2023\/09\/logo-Audibax-BLANCO-SVG-1.svg","contentUrl":"https:\/\/romantic-sinoussi.152-228-147-242.plesk.page\/wp-content\/uploads\/2023\/09\/logo-Audibax-BLANCO-SVG-1.svg","width":581,"height":146,"caption":"Audibax"},"image":{"@id":"https:\/\/romantic-sinoussi.152-228-147-242.plesk.page\/fr\/#\/schema\/logo\/image\/"}}]}},"_links":{"self":[{"href":"https:\/\/romantic-sinoussi.152-228-147-242.plesk.page\/fr\/wp-json\/wp\/v2\/product\/36778","targetHints":{"allow":["GET"]}}],"collection":[{"href":"https:\/\/romantic-sinoussi.152-228-147-242.plesk.page\/fr\/wp-json\/wp\/v2\/product"}],"about":[{"href":"https:\/\/romantic-sinoussi.152-228-147-242.plesk.page\/fr\/wp-json\/wp\/v2\/types\/product"}],"replies":[{"embeddable":true,"href":"https:\/\/romantic-sinoussi.152-228-147-242.plesk.page\/fr\/wp-json\/wp\/v2\/comments?post=36778"}],"wp:featuredmedia":[{"embeddable":true,"href":"https:\/\/romantic-sinoussi.152-228-147-242.plesk.page\/fr\/wp-json\/wp\/v2\/media\/16598"}],"wp:attachment":[{"href":"https:\/\/romantic-sinoussi.152-228-147-242.plesk.page\/fr\/wp-json\/wp\/v2\/media?parent=36778"}],"wp:term":[{"taxonomy":"product_cat","embeddable":true,"href":"https:\/\/romantic-sinoussi.152-228-147-242.plesk.page\/fr\/wp-json\/wp\/v2\/product_cat?post=36778"},{"taxonomy":"product_tag","embeddable":true,"href":"https:\/\/romantic-sinoussi.152-228-147-242.plesk.page\/fr\/wp-json\/wp\/v2\/product_tag?post=36778"}],"curies":[{"name":"wp","href":"https:\/\/api.w.org\/{rel}","templated":true}]}}