{"id":36780,"date":"2023-12-27T11:59:49","date_gmt":"2023-12-27T10:59:49","guid":{"rendered":"https:\/\/romantic-sinoussi.152-228-147-242.plesk.page\/product\/cm608-bt-white-2\/"},"modified":"2023-12-27T11:59:49","modified_gmt":"2023-12-27T10:59:49","slug":"cm608-bt-white-2","status":"publish","type":"product","link":"https:\/\/romantic-sinoussi.152-228-147-242.plesk.page\/fr\/produit\/cm608-bt-white-2\/","title":{"rendered":"CM608 BT White"},"content":{"rendered":"<\/p>\n<p><strong>Caract\u00e9ristiques<\/strong><\/strong><\/p>\n<ul>\n<li>La <strong>Audibax CM608-BT<\/strong> est une paire d&#8217;enceintes encastr\u00e9es au plafond avec connectivit\u00e9 Bluetooth et basses de 6,5 pouces.<\/li>\n<li>Nos enceintes <strong>CM608-BT<\/strong> sont \u00e9quip\u00e9es d&#8217;un tweeter en soie de 1 pouce, qui peut \u00eatre orient\u00e9 pour obtenir un meilleur son dans la pi\u00e8ce.<\/li>\n<li>Elles sont faciles \u00e0 installer, gr\u00e2ce \u00e0 leur grille exrta-flat \u00e0 fixation magn\u00e9tique, qui leur conf\u00e8re \u00e9galement un design impeccable.<\/li>\n<li>Elles ont une puissance de sortie \u00e9lev\u00e9e de 40W + 40W et deux entr\u00e9es qui permettent d&#8217;obtenir un son st\u00e9r\u00e9o Hifi de grande qualit\u00e9.<\/li>\n<\/ul>\n<p><strong>Sp\u00e9cifications:<\/strong><\/p>\n<ul>\n<li>Ensemble d&#8217;enceintes encastr\u00e9es Bluetooth auto-aliment\u00e9es de 40W + 40W.<\/li>\n<li>Compos\u00e9 d&#8217;un haut-parleur actif et d&#8217;un haut-parleur passif<\/li>\n<li>R\u00e9ponse en fr\u00e9quence : 70 Hz ~ 20 kHz<\/li>\n<li>Puissance : 40W + 40W<\/li>\n<li>Woofer \/ Imp\u00e9dance : 6.5&rdquo;\/8 ohms<\/li>\n<li>Tweeter:&nbsp;1&#038;rdquo ; soie orientable<\/li>\n<li>SPL(@1W\/m) : 88dB<\/li>\n<li>Diam\u00e8tre : &#038;Oslash ; 244mm<\/li>\n<li>Di&aacute;m\u00e9tro pour l&#8217;installation : 200mm<\/li>\n<li>Profondeur d&#8217;installation minimale : 104.30 mm<\/li>\n<li>Couleur : Blanc<\/li>\n<li>Corps : ABS<\/li>\n<li>En raison des limitations du protocole Bluetooth, deux ou plusieurs paires de ce mod\u00e8le NE PEUVENT PAS \u00eatre utilis\u00e9es ensemble.<br \/>\n","protected":false},"excerpt":{"rendered":"<ul>\n<li>Paire d&#8217;enceintes encastr\u00e9es<\/li>\n<li>Compos\u00e9e d&#8217;une enceinte active et d&#8217;une enceinte passive<\/li>\n<li>Dimensions : 6.5&quot;<\/li>\n<li>Puissance RMS : 2 x 40W<\/li>\n<li>Connexion Bluetooth<\/li>\n<li>Grille magn\u00e9tique<\/li>\n<\/ul>\n<li>Grille magn\u00e9tique<\/li>\n<\/ul>\n","protected":false},"featured_media":18176,"comment_status":"open","ping_status":"closed","template":"","meta":[],"product_cat":[409,243],"product_tag":[],"class_list":{"0":"post-36780","1":"product","2":"type-product","3":"status-publish","4":"has-post-thumbnail","6":"product_cat-haut-parleurs-au-plafond","7":"product_cat-uncategorized","9":"first","10":"instock","11":"shipping-taxable","12":"product-type-simple"},"acf":[],"yoast_head":"<!-- This site is optimized with the Yoast SEO plugin v21.5 - https:\/\/yoast.com\/wordpress\/plugins\/seo\/ -->\n<title>CM608 BT White - Audibax<\/title>\n<meta name=\"robots\" content=\"noindex, follow, max-snippet:-1, max-image-preview:large, max-video-preview:-1\" \/>\n<meta property=\"og:locale\" content=\"fr_FR\" \/>\n<meta property=\"og:type\" content=\"article\" \/>\n<meta property=\"og:title\" content=\"CM608 BT White - Audibax\" \/>\n<meta property=\"og:description\" content=\"Paire d&#039;enceintes encastr\u00e9es Compos\u00e9e d&#039;une enceinte active et d&#039;une enceinte passive Dimensions : 6.5&quot; Puissance RMS : 2 x 40W Connexion Bluetooth Grille magn\u00e9tique Grille magn\u00e9tique\" \/>\n<meta property=\"og:url\" content=\"https:\/\/romantic-sinoussi.152-228-147-242.plesk.page\/fr\/produit\/cm608-bt-white-2\/\" \/>\n<meta property=\"og:site_name\" content=\"Audibax\" \/>\n<meta name=\"twitter:card\" content=\"summary_large_image\" \/>\n<meta name=\"twitter:label1\" content=\"Dur\u00e9e de lecture estim\u00e9e\" \/>\n\t<meta name=\"twitter:data1\" content=\"1 minute\" \/>\n<script type=\"application\/ld+json\" class=\"yoast-schema-graph\">{\"@context\":\"https:\/\/schema.org\",\"@graph\":[{\"@type\":\"WebPage\",\"@id\":\"https:\/\/romantic-sinoussi.152-228-147-242.plesk.page\/fr\/produit\/cm608-bt-white-2\/\",\"url\":\"https:\/\/romantic-sinoussi.152-228-147-242.plesk.page\/fr\/produit\/cm608-bt-white-2\/\",\"name\":\"CM608 BT White - Audibax\",\"isPartOf\":{\"@id\":\"https:\/\/romantic-sinoussi.152-228-147-242.plesk.page\/fr\/#website\"},\"datePublished\":\"2023-12-27T10:59:49+00:00\",\"dateModified\":\"2023-12-27T10:59:49+00:00\",\"breadcrumb\":{\"@id\":\"https:\/\/romantic-sinoussi.152-228-147-242.plesk.page\/fr\/produit\/cm608-bt-white-2\/#breadcrumb\"},\"inLanguage\":\"fr-FR\",\"potentialAction\":[{\"@type\":\"ReadAction\",\"target\":[\"https:\/\/romantic-sinoussi.152-228-147-242.plesk.page\/fr\/produit\/cm608-bt-white-2\/\"]}]},{\"@type\":\"BreadcrumbList\",\"@id\":\"https:\/\/romantic-sinoussi.152-228-147-242.plesk.page\/fr\/produit\/cm608-bt-white-2\/#breadcrumb\",\"itemListElement\":[{\"@type\":\"ListItem\",\"position\":1,\"name\":\"Portada\",\"item\":\"https:\/\/romantic-sinoussi.152-228-147-242.plesk.page\/fr\/\"},{\"@type\":\"ListItem\",\"position\":2,\"name\":\"Products\",\"item\":\"https:\/\/romantic-sinoussi.152-228-147-242.plesk.page\/fr\/shop\/\"},{\"@type\":\"ListItem\",\"position\":3,\"name\":\"CM608 BT White\"}]},{\"@type\":\"WebSite\",\"@id\":\"https:\/\/romantic-sinoussi.152-228-147-242.plesk.page\/fr\/#website\",\"url\":\"https:\/\/romantic-sinoussi.152-228-147-242.plesk.page\/fr\/\",\"name\":\"Audibax\",\"description\":\"\",\"publisher\":{\"@id\":\"https:\/\/romantic-sinoussi.152-228-147-242.plesk.page\/fr\/#organization\"},\"potentialAction\":[{\"@type\":\"SearchAction\",\"target\":{\"@type\":\"EntryPoint\",\"urlTemplate\":\"https:\/\/romantic-sinoussi.152-228-147-242.plesk.page\/fr\/?s={search_term_string}\"},\"query-input\":\"required name=search_term_string\"}],\"inLanguage\":\"fr-FR\"},{\"@type\":\"Organization\",\"@id\":\"https:\/\/romantic-sinoussi.152-228-147-242.plesk.page\/fr\/#organization\",\"name\":\"Audibax\",\"url\":\"https:\/\/romantic-sinoussi.152-228-147-242.plesk.page\/fr\/\",\"logo\":{\"@type\":\"ImageObject\",\"inLanguage\":\"fr-FR\",\"@id\":\"https:\/\/romantic-sinoussi.152-228-147-242.plesk.page\/fr\/#\/schema\/logo\/image\/\",\"url\":\"https:\/\/romantic-sinoussi.152-228-147-242.plesk.page\/wp-content\/uploads\/2023\/09\/logo-Audibax-BLANCO-SVG-1.svg\",\"contentUrl\":\"https:\/\/romantic-sinoussi.152-228-147-242.plesk.page\/wp-content\/uploads\/2023\/09\/logo-Audibax-BLANCO-SVG-1.svg\",\"width\":581,\"height\":146,\"caption\":\"Audibax\"},\"image\":{\"@id\":\"https:\/\/romantic-sinoussi.152-228-147-242.plesk.page\/fr\/#\/schema\/logo\/image\/\"}}]}<\/script>\n<!-- \/ Yoast SEO plugin. -->","yoast_head_json":{"title":"CM608 BT White - Audibax","robots":{"index":"noindex","follow":"follow","max-snippet":"max-snippet:-1","max-image-preview":"max-image-preview:large","max-video-preview":"max-video-preview:-1"},"og_locale":"fr_FR","og_type":"article","og_title":"CM608 BT White - Audibax","og_description":"Paire d'enceintes encastr\u00e9es Compos\u00e9e d'une enceinte active et d'une enceinte passive Dimensions : 6.5&quot; Puissance RMS : 2 x 40W Connexion Bluetooth Grille magn\u00e9tique Grille magn\u00e9tique","og_url":"https:\/\/romantic-sinoussi.152-228-147-242.plesk.page\/fr\/produit\/cm608-bt-white-2\/","og_site_name":"Audibax","twitter_card":"summary_large_image","twitter_misc":{"Dur\u00e9e de lecture estim\u00e9e":"1 minute"},"schema":{"@context":"https:\/\/schema.org","@graph":[{"@type":"WebPage","@id":"https:\/\/romantic-sinoussi.152-228-147-242.plesk.page\/fr\/produit\/cm608-bt-white-2\/","url":"https:\/\/romantic-sinoussi.152-228-147-242.plesk.page\/fr\/produit\/cm608-bt-white-2\/","name":"CM608 BT White - Audibax","isPartOf":{"@id":"https:\/\/romantic-sinoussi.152-228-147-242.plesk.page\/fr\/#website"},"datePublished":"2023-12-27T10:59:49+00:00","dateModified":"2023-12-27T10:59:49+00:00","breadcrumb":{"@id":"https:\/\/romantic-sinoussi.152-228-147-242.plesk.page\/fr\/produit\/cm608-bt-white-2\/#breadcrumb"},"inLanguage":"fr-FR","potentialAction":[{"@type":"ReadAction","target":["https:\/\/romantic-sinoussi.152-228-147-242.plesk.page\/fr\/produit\/cm608-bt-white-2\/"]}]},{"@type":"BreadcrumbList","@id":"https:\/\/romantic-sinoussi.152-228-147-242.plesk.page\/fr\/produit\/cm608-bt-white-2\/#breadcrumb","itemListElement":[{"@type":"ListItem","position":1,"name":"Portada","item":"https:\/\/romantic-sinoussi.152-228-147-242.plesk.page\/fr\/"},{"@type":"ListItem","position":2,"name":"Products","item":"https:\/\/romantic-sinoussi.152-228-147-242.plesk.page\/fr\/shop\/"},{"@type":"ListItem","position":3,"name":"CM608 BT White"}]},{"@type":"WebSite","@id":"https:\/\/romantic-sinoussi.152-228-147-242.plesk.page\/fr\/#website","url":"https:\/\/romantic-sinoussi.152-228-147-242.plesk.page\/fr\/","name":"Audibax","description":"","publisher":{"@id":"https:\/\/romantic-sinoussi.152-228-147-242.plesk.page\/fr\/#organization"},"potentialAction":[{"@type":"SearchAction","target":{"@type":"EntryPoint","urlTemplate":"https:\/\/romantic-sinoussi.152-228-147-242.plesk.page\/fr\/?s={search_term_string}"},"query-input":"required name=search_term_string"}],"inLanguage":"fr-FR"},{"@type":"Organization","@id":"https:\/\/romantic-sinoussi.152-228-147-242.plesk.page\/fr\/#organization","name":"Audibax","url":"https:\/\/romantic-sinoussi.152-228-147-242.plesk.page\/fr\/","logo":{"@type":"ImageObject","inLanguage":"fr-FR","@id":"https:\/\/romantic-sinoussi.152-228-147-242.plesk.page\/fr\/#\/schema\/logo\/image\/","url":"https:\/\/romantic-sinoussi.152-228-147-242.plesk.page\/wp-content\/uploads\/2023\/09\/logo-Audibax-BLANCO-SVG-1.svg","contentUrl":"https:\/\/romantic-sinoussi.152-228-147-242.plesk.page\/wp-content\/uploads\/2023\/09\/logo-Audibax-BLANCO-SVG-1.svg","width":581,"height":146,"caption":"Audibax"},"image":{"@id":"https:\/\/romantic-sinoussi.152-228-147-242.plesk.page\/fr\/#\/schema\/logo\/image\/"}}]}},"_links":{"self":[{"href":"https:\/\/romantic-sinoussi.152-228-147-242.plesk.page\/fr\/wp-json\/wp\/v2\/product\/36780","targetHints":{"allow":["GET"]}}],"collection":[{"href":"https:\/\/romantic-sinoussi.152-228-147-242.plesk.page\/fr\/wp-json\/wp\/v2\/product"}],"about":[{"href":"https:\/\/romantic-sinoussi.152-228-147-242.plesk.page\/fr\/wp-json\/wp\/v2\/types\/product"}],"replies":[{"embeddable":true,"href":"https:\/\/romantic-sinoussi.152-228-147-242.plesk.page\/fr\/wp-json\/wp\/v2\/comments?post=36780"}],"wp:featuredmedia":[{"embeddable":true,"href":"https:\/\/romantic-sinoussi.152-228-147-242.plesk.page\/fr\/wp-json\/wp\/v2\/media\/18176"}],"wp:attachment":[{"href":"https:\/\/romantic-sinoussi.152-228-147-242.plesk.page\/fr\/wp-json\/wp\/v2\/media?parent=36780"}],"wp:term":[{"taxonomy":"product_cat","embeddable":true,"href":"https:\/\/romantic-sinoussi.152-228-147-242.plesk.page\/fr\/wp-json\/wp\/v2\/product_cat?post=36780"},{"taxonomy":"product_tag","embeddable":true,"href":"https:\/\/romantic-sinoussi.152-228-147-242.plesk.page\/fr\/wp-json\/wp\/v2\/product_tag?post=36780"}],"curies":[{"name":"wp","href":"https:\/\/api.w.org\/{rel}","templated":true}]}}