{"id":36786,"date":"2023-12-27T11:59:55","date_gmt":"2023-12-27T10:59:55","guid":{"rendered":"https:\/\/romantic-sinoussi.152-228-147-242.plesk.page\/product\/flint-kit-white-2\/"},"modified":"2023-12-27T11:59:55","modified_gmt":"2023-12-27T10:59:55","slug":"flint-kit-white-2","status":"publish","type":"product","link":"https:\/\/romantic-sinoussi.152-228-147-242.plesk.page\/fr\/produit\/flint-kit-white-2\/","title":{"rendered":"Flint Kit White"},"content":{"rendered":"<\/p>\n<p><strong>Caract\u00e9ristiques<\/strong><\/strong><\/p>\n<ul>\n<ul>\n<li>Le <strong>Audibax Flint Kit<\/strong>\n<li>Audibax Flint Kit&nbsp;<\/strong>est un syst\u00e8me musical compos\u00e9 d&#8217;un amplificateur num\u00e9rique Bluetooth haute fid\u00e9lit\u00e9 et de deux haut-parleurs de plafond \u00e0 gamme \u00e9tendue.Notre syst\u00e8me <strong>Flint Kit<\/strong> est tr\u00e8s facile \u00e0 installer et offre une excellente qualit\u00e9 sonore. Il pr\u00e9sente un design moderne et une taille compacte qui, avec ses autres caract\u00e9ristiques, le rendent id\u00e9al pour les petits environnements, tels que les pi\u00e8ces r\u00e9sidentielles, les petits bureaux ou les petits magasins de d\u00e9tail.<\/li>\n<li>S\u00e9lectionne les modes FM, USB, SD, AUX, BLUETOOTH et prend en charge les formats MP3, WAV, FLAC et autres formats audio compress\u00e9s et sans perte.<\/li>\n<li>Prise en charge de la FM, qui peut rechercher des stations automatiquement et manuellement, et peut stocker 20 canaux.<\/li>\n<li>\n<li>Prise en charge de la t\u00e9l\u00e9commande infrarouge.<\/li>\n<li>Il peut fonctionner en continu pendant 100 heures \u00e0 la puissance nominale, et peut supporter jusqu&#8217;\u00e0 deux fois cette puissance dans un court laps de temps, ce qui garantit une grande fiabilit\u00e9 du haut-parleur dans des conditions extr\u00eames, prolonge la dur\u00e9e de vie utile et r\u00e9duit consid\u00e9rablement le risque de d\u00e9faillance du haut-parleur ;dur\u00e9e de vie et r\u00e9duit consid\u00e9rablement la possibilit\u00e9 de d\u00e9faillance ou de d\u00e9gradation des performances<\/li>\n<\/ul>\n<p><strong>Sp\u00e9cifications<\/strong>.<\/p>\n<ul>\n<li>Amplificateur mural autonome<\/li>\n<li>Affichage monochrome<\/li>\n<li>R\u00e9ponse en fr\u00e9quence : 20\/20kHz&nbsp;<\/li>\n<li>Power R.M.S : 6W\/8ohms<\/li>\n<li>Puissance de sortie : 2x10w\/8ohms<\/li>\n<li>SPL maximum : 103dB +\/-2dB&nbsp;<\/li>\n<li>Sensibilit\u00e9 : 95dB +\/-2dB<\/li>\n<li>Se&ntilde;al Noise Relation &gt;81dB<\/li>\n<li>T.H.D (moins de 0,03%)<\/li>\n<li>Entr\u00e9es : Bluetooth ,SD,USB,(AUX et Fm par EuroBlock)<\/li>\n<li>Sorties : Haut-parleurs (Euroblock), Aux (Euroblock)<\/li>\n<li>Alimentation : AC 100v-240V\/50Hz\/60Hz<\/li>\n<li>Enceintes de plafond, Enceintes coaxiales (6.5&rdquo;+1&#038;rdquo \ud83d\ude09<\/li>\n<li>Temp\u00e9rature de stockage -25&rdquo;+1&#038;rdquo \ud83d\ude09<\/li>\n<li>Temp\u00e9rature de stockage -25&rdquo;C~+55&#038;deg.deg;C~+55&deg;C<\/li>\n<li>Grille en aluminium&nbsp;<\/li>\n<li>Diam\u00e8tre de la d\u00e9coupe d&#8217;installation :165\/170mm<\/li>\n<li>Dimensions : 185mm (diam\u00e8tre), 69mm (profondeur)<\/li>\n<li>Poids : 0,6kg (unit\u00e9)<\/li>\n<\/ul>\n<\/ul>\n","protected":false},"excerpt":{"rendered":"<ul>\n<li>Enceintes encastr\u00e9es au plafond (installation au plafond) + amplificateur mural<\/li>\n<li>Puissance : 6W RMS<\/li>\n<li>Puissance de sortie : 2 x 10W<\/li>\n<li>Entr\u00e9es : USB, SD, AUX et FM<\/li>\n<li>Connectivit\u00e9 Bluetooth<\/li>\n<\/ul>\n<li>Sortie de puissance.<br \/>\n","protected":false},"featured_media":18344,"comment_status":"open","ping_status":"closed","template":"","meta":[],"product_cat":[409,243],"product_tag":[],"class_list":{"0":"post-36786","1":"product","2":"type-product","3":"status-publish","4":"has-post-thumbnail","6":"product_cat-haut-parleurs-au-plafond","7":"product_cat-uncategorized","9":"first","10":"instock","11":"shipping-taxable","12":"product-type-simple"},"acf":[],"yoast_head":"<!-- This site is optimized with the Yoast SEO plugin v21.5 - https:\/\/yoast.com\/wordpress\/plugins\/seo\/ -->\n<title>Flint Kit White - Audibax<\/title>\n<meta name=\"robots\" content=\"noindex, follow, max-snippet:-1, max-image-preview:large, max-video-preview:-1\" \/>\n<meta property=\"og:locale\" content=\"fr_FR\" \/>\n<meta property=\"og:type\" content=\"article\" \/>\n<meta property=\"og:title\" content=\"Flint Kit White - Audibax\" \/>\n<meta property=\"og:description\" content=\"Enceintes encastr\u00e9es au plafond (installation au plafond) + amplificateur mural Puissance : 6W RMS Puissance de sortie : 2 x 10W Entr\u00e9es : USB, SD, AUX et FM Connectivit\u00e9 Bluetooth Sortie de puissance.\" \/>\n<meta property=\"og:url\" content=\"https:\/\/romantic-sinoussi.152-228-147-242.plesk.page\/fr\/produit\/flint-kit-white-2\/\" \/>\n<meta property=\"og:site_name\" content=\"Audibax\" \/>\n<meta name=\"twitter:card\" content=\"summary_large_image\" \/>\n<meta name=\"twitter:label1\" content=\"Dur\u00e9e de lecture estim\u00e9e\" \/>\n\t<meta name=\"twitter:data1\" content=\"2 minutes\" \/>\n<script type=\"application\/ld+json\" class=\"yoast-schema-graph\">{\"@context\":\"https:\/\/schema.org\",\"@graph\":[{\"@type\":\"WebPage\",\"@id\":\"https:\/\/romantic-sinoussi.152-228-147-242.plesk.page\/fr\/produit\/flint-kit-white-2\/\",\"url\":\"https:\/\/romantic-sinoussi.152-228-147-242.plesk.page\/fr\/produit\/flint-kit-white-2\/\",\"name\":\"Flint Kit White - Audibax\",\"isPartOf\":{\"@id\":\"https:\/\/romantic-sinoussi.152-228-147-242.plesk.page\/fr\/#website\"},\"datePublished\":\"2023-12-27T10:59:55+00:00\",\"dateModified\":\"2023-12-27T10:59:55+00:00\",\"breadcrumb\":{\"@id\":\"https:\/\/romantic-sinoussi.152-228-147-242.plesk.page\/fr\/produit\/flint-kit-white-2\/#breadcrumb\"},\"inLanguage\":\"fr-FR\",\"potentialAction\":[{\"@type\":\"ReadAction\",\"target\":[\"https:\/\/romantic-sinoussi.152-228-147-242.plesk.page\/fr\/produit\/flint-kit-white-2\/\"]}]},{\"@type\":\"BreadcrumbList\",\"@id\":\"https:\/\/romantic-sinoussi.152-228-147-242.plesk.page\/fr\/produit\/flint-kit-white-2\/#breadcrumb\",\"itemListElement\":[{\"@type\":\"ListItem\",\"position\":1,\"name\":\"Portada\",\"item\":\"https:\/\/romantic-sinoussi.152-228-147-242.plesk.page\/fr\/\"},{\"@type\":\"ListItem\",\"position\":2,\"name\":\"Products\",\"item\":\"https:\/\/romantic-sinoussi.152-228-147-242.plesk.page\/fr\/shop\/\"},{\"@type\":\"ListItem\",\"position\":3,\"name\":\"Flint Kit White\"}]},{\"@type\":\"WebSite\",\"@id\":\"https:\/\/romantic-sinoussi.152-228-147-242.plesk.page\/fr\/#website\",\"url\":\"https:\/\/romantic-sinoussi.152-228-147-242.plesk.page\/fr\/\",\"name\":\"Audibax\",\"description\":\"\",\"publisher\":{\"@id\":\"https:\/\/romantic-sinoussi.152-228-147-242.plesk.page\/fr\/#organization\"},\"potentialAction\":[{\"@type\":\"SearchAction\",\"target\":{\"@type\":\"EntryPoint\",\"urlTemplate\":\"https:\/\/romantic-sinoussi.152-228-147-242.plesk.page\/fr\/?s={search_term_string}\"},\"query-input\":\"required name=search_term_string\"}],\"inLanguage\":\"fr-FR\"},{\"@type\":\"Organization\",\"@id\":\"https:\/\/romantic-sinoussi.152-228-147-242.plesk.page\/fr\/#organization\",\"name\":\"Audibax\",\"url\":\"https:\/\/romantic-sinoussi.152-228-147-242.plesk.page\/fr\/\",\"logo\":{\"@type\":\"ImageObject\",\"inLanguage\":\"fr-FR\",\"@id\":\"https:\/\/romantic-sinoussi.152-228-147-242.plesk.page\/fr\/#\/schema\/logo\/image\/\",\"url\":\"https:\/\/romantic-sinoussi.152-228-147-242.plesk.page\/wp-content\/uploads\/2023\/09\/logo-Audibax-BLANCO-SVG-1.svg\",\"contentUrl\":\"https:\/\/romantic-sinoussi.152-228-147-242.plesk.page\/wp-content\/uploads\/2023\/09\/logo-Audibax-BLANCO-SVG-1.svg\",\"width\":581,\"height\":146,\"caption\":\"Audibax\"},\"image\":{\"@id\":\"https:\/\/romantic-sinoussi.152-228-147-242.plesk.page\/fr\/#\/schema\/logo\/image\/\"}}]}<\/script>\n<!-- \/ Yoast SEO plugin. -->","yoast_head_json":{"title":"Flint Kit White - Audibax","robots":{"index":"noindex","follow":"follow","max-snippet":"max-snippet:-1","max-image-preview":"max-image-preview:large","max-video-preview":"max-video-preview:-1"},"og_locale":"fr_FR","og_type":"article","og_title":"Flint Kit White - Audibax","og_description":"Enceintes encastr\u00e9es au plafond (installation au plafond) + amplificateur mural Puissance : 6W RMS Puissance de sortie : 2 x 10W Entr\u00e9es : USB, SD, AUX et FM Connectivit\u00e9 Bluetooth Sortie de puissance.","og_url":"https:\/\/romantic-sinoussi.152-228-147-242.plesk.page\/fr\/produit\/flint-kit-white-2\/","og_site_name":"Audibax","twitter_card":"summary_large_image","twitter_misc":{"Dur\u00e9e de lecture estim\u00e9e":"2 minutes"},"schema":{"@context":"https:\/\/schema.org","@graph":[{"@type":"WebPage","@id":"https:\/\/romantic-sinoussi.152-228-147-242.plesk.page\/fr\/produit\/flint-kit-white-2\/","url":"https:\/\/romantic-sinoussi.152-228-147-242.plesk.page\/fr\/produit\/flint-kit-white-2\/","name":"Flint Kit White - Audibax","isPartOf":{"@id":"https:\/\/romantic-sinoussi.152-228-147-242.plesk.page\/fr\/#website"},"datePublished":"2023-12-27T10:59:55+00:00","dateModified":"2023-12-27T10:59:55+00:00","breadcrumb":{"@id":"https:\/\/romantic-sinoussi.152-228-147-242.plesk.page\/fr\/produit\/flint-kit-white-2\/#breadcrumb"},"inLanguage":"fr-FR","potentialAction":[{"@type":"ReadAction","target":["https:\/\/romantic-sinoussi.152-228-147-242.plesk.page\/fr\/produit\/flint-kit-white-2\/"]}]},{"@type":"BreadcrumbList","@id":"https:\/\/romantic-sinoussi.152-228-147-242.plesk.page\/fr\/produit\/flint-kit-white-2\/#breadcrumb","itemListElement":[{"@type":"ListItem","position":1,"name":"Portada","item":"https:\/\/romantic-sinoussi.152-228-147-242.plesk.page\/fr\/"},{"@type":"ListItem","position":2,"name":"Products","item":"https:\/\/romantic-sinoussi.152-228-147-242.plesk.page\/fr\/shop\/"},{"@type":"ListItem","position":3,"name":"Flint Kit White"}]},{"@type":"WebSite","@id":"https:\/\/romantic-sinoussi.152-228-147-242.plesk.page\/fr\/#website","url":"https:\/\/romantic-sinoussi.152-228-147-242.plesk.page\/fr\/","name":"Audibax","description":"","publisher":{"@id":"https:\/\/romantic-sinoussi.152-228-147-242.plesk.page\/fr\/#organization"},"potentialAction":[{"@type":"SearchAction","target":{"@type":"EntryPoint","urlTemplate":"https:\/\/romantic-sinoussi.152-228-147-242.plesk.page\/fr\/?s={search_term_string}"},"query-input":"required name=search_term_string"}],"inLanguage":"fr-FR"},{"@type":"Organization","@id":"https:\/\/romantic-sinoussi.152-228-147-242.plesk.page\/fr\/#organization","name":"Audibax","url":"https:\/\/romantic-sinoussi.152-228-147-242.plesk.page\/fr\/","logo":{"@type":"ImageObject","inLanguage":"fr-FR","@id":"https:\/\/romantic-sinoussi.152-228-147-242.plesk.page\/fr\/#\/schema\/logo\/image\/","url":"https:\/\/romantic-sinoussi.152-228-147-242.plesk.page\/wp-content\/uploads\/2023\/09\/logo-Audibax-BLANCO-SVG-1.svg","contentUrl":"https:\/\/romantic-sinoussi.152-228-147-242.plesk.page\/wp-content\/uploads\/2023\/09\/logo-Audibax-BLANCO-SVG-1.svg","width":581,"height":146,"caption":"Audibax"},"image":{"@id":"https:\/\/romantic-sinoussi.152-228-147-242.plesk.page\/fr\/#\/schema\/logo\/image\/"}}]}},"_links":{"self":[{"href":"https:\/\/romantic-sinoussi.152-228-147-242.plesk.page\/fr\/wp-json\/wp\/v2\/product\/36786","targetHints":{"allow":["GET"]}}],"collection":[{"href":"https:\/\/romantic-sinoussi.152-228-147-242.plesk.page\/fr\/wp-json\/wp\/v2\/product"}],"about":[{"href":"https:\/\/romantic-sinoussi.152-228-147-242.plesk.page\/fr\/wp-json\/wp\/v2\/types\/product"}],"replies":[{"embeddable":true,"href":"https:\/\/romantic-sinoussi.152-228-147-242.plesk.page\/fr\/wp-json\/wp\/v2\/comments?post=36786"}],"wp:featuredmedia":[{"embeddable":true,"href":"https:\/\/romantic-sinoussi.152-228-147-242.plesk.page\/fr\/wp-json\/wp\/v2\/media\/18344"}],"wp:attachment":[{"href":"https:\/\/romantic-sinoussi.152-228-147-242.plesk.page\/fr\/wp-json\/wp\/v2\/media?parent=36786"}],"wp:term":[{"taxonomy":"product_cat","embeddable":true,"href":"https:\/\/romantic-sinoussi.152-228-147-242.plesk.page\/fr\/wp-json\/wp\/v2\/product_cat?post=36786"},{"taxonomy":"product_tag","embeddable":true,"href":"https:\/\/romantic-sinoussi.152-228-147-242.plesk.page\/fr\/wp-json\/wp\/v2\/product_tag?post=36786"}],"curies":[{"name":"wp","href":"https:\/\/api.w.org\/{rel}","templated":true}]}}