{"id":36797,"date":"2023-12-27T12:00:09","date_gmt":"2023-12-27T11:00:09","guid":{"rendered":"https:\/\/romantic-sinoussi.152-228-147-242.plesk.page\/product\/seattle-500-black-2\/"},"modified":"2023-12-28T09:15:26","modified_gmt":"2023-12-28T08:15:26","slug":"seattle-500-black-2","status":"publish","type":"product","link":"https:\/\/romantic-sinoussi.152-228-147-242.plesk.page\/fr\/produit\/seattle-500-black-2\/","title":{"rendered":"Seattle 500 Black"},"content":{"rendered":"<\/p>\n<p><strong>Caract\u00e9ristiques<\/strong><\/strong><\/p>\n<ul>\n<li>Le <strong>Audibax Seattle 500&nbsp;<\/strong>est un line array compact, qui offre une qualit\u00e9 sonore in\u00e9gal\u00e9e.<\/li>\n<li>Notre <strong>Seattle 500<\/strong> PA system dispose d&#8217;une entr\u00e9e combo XLR \/ Jack gauche \/ droite, d&#8217;une entr\u00e9e RCA sym\u00e9trique, de 2 sorties XLR et de 2 sorties Speakon.<\/li>\n<li>Il est \u00e9quip\u00e9 d&#8217;un woofer de 4 pouces et d&#8217;un subwoofer de 15 pouces, offrant une r\u00e9ponse en fr\u00e9quence jusqu&#8217;\u00e0 20kHz et un SPL de 121dB.<\/li>\n<li>Il est prot\u00e9g\u00e9 contre les courts-circuits, les surchauffes et les surintensit\u00e9s.&nbsp;<\/li>\n<\/ul>\n<p><strong>Sp\u00e9cifications<\/strong><\/p>\n<ul>\n<li>Type : Compact Line Array<\/li>\n<li>R\u00e9ponse en fr\u00e9quence (-6dB) : 45 Hz &#8211; 20 kHz<\/li>\n<li>Puissance de sortie (RMS) : 300W + 100W + 100W + 100W<\/li>\n<li>Transducteur MF : 4&#038;quot ; woofer \u00e0 cadre en acier, 1&quot;bobine mobile<\/li>\n<li>TransducteurHF : Pizeo. tweeter<\/li>\n<li>Transducteur BF : subwoofer 15&#038;quot ; 2.5&#038;quot ; VC<\/li>\n<li>Amplificateur : Classe-D<\/li>\n<li>M&aacute;x. SPL (1m, espace libre) : 121dB<\/li>\n<li>Protection : Court-circuit, surchauffe, surintensit\u00e9<\/li>\n<li>Fonction : Lecteur MP3 \/ BT 5.0 \/ ECO<\/li>\n<li>Indicateurs : Puissance, signal, limite<\/li>\n<li>Entr\u00e9e \/ sortie audio : Entr\u00e9e combo XLR \/ Jack gauche \/ droite, 1 * entr\u00e9e RCA sym\u00e9trique, 2 * sortie XLR, 2 * sortie Jack<\/li>\n<li>Alimentation : 115 \/ 230V 60 \/ 50Hz<\/li>\n<li>Cabinet SUB MDF 15mm \/ Peinture normale \/ Grille m\u00e9tallique<\/li>\n<li>Sat&eacute;lite : Cabinet PP \/ Grille m\u00e9tallique<\/li>\n<li>Entr\u00e9e\/sortie d&#8217;alimentation : Entr\u00e9e AC<\/li>\n<li>Dimensions du Sat : 30 x 14 x 13.5 cm<\/li>\n<li>Dimensions du sous-sat : 50,5 x 44,5 x 44,5 x 48 cm<\/li>\n<\/ul>\n<\/ul>\n","protected":false},"excerpt":{"rendered":"<ul>\n<li>Compact line array<\/li>\n<li>Puissance RMS : 300W + 100W + 100W<\/li>\n<li>Woofer :&nbsp;4&#038;quot ;, 1&quot;voice coil<\/li>\n<li>Subwoofer : 15&#038;quot ;, 2.5&quot;VC<\/li>\n<\/li>\n<li>Lecteur MP3 \/ BT 5.0 \/ ECO<\/li>\n<\/ul>\n<\/ul>\n","protected":false},"featured_media":17621,"comment_status":"open","ping_status":"closed","template":"","meta":[],"product_cat":[413,243],"product_tag":[],"class_list":{"0":"post-36797","1":"product","2":"type-product","3":"status-publish","4":"has-post-thumbnail","6":"product_cat-systemes-pa","7":"product_cat-uncategorized","9":"first","10":"instock","11":"featured","12":"shipping-taxable","13":"product-type-simple"},"acf":[],"yoast_head":"<!-- This site is optimized with the Yoast SEO plugin v21.5 - https:\/\/yoast.com\/wordpress\/plugins\/seo\/ -->\n<title>Seattle 500 Black - Audibax<\/title>\n<meta name=\"robots\" content=\"noindex, follow, max-snippet:-1, max-image-preview:large, max-video-preview:-1\" \/>\n<meta property=\"og:locale\" content=\"fr_FR\" \/>\n<meta property=\"og:type\" content=\"article\" \/>\n<meta property=\"og:title\" content=\"Seattle 500 Black - Audibax\" \/>\n<meta property=\"og:description\" content=\"Compact line array Puissance RMS : 300W + 100W + 100W Woofer :&nbsp;4&amp;quot ;, 1&quot;voice coil Subwoofer : 15&amp;quot ;, 2.5&quot;VC Lecteur MP3 \/ BT 5.0 \/ ECO\" \/>\n<meta property=\"og:url\" content=\"https:\/\/romantic-sinoussi.152-228-147-242.plesk.page\/fr\/produit\/seattle-500-black-2\/\" \/>\n<meta property=\"og:site_name\" content=\"Audibax\" \/>\n<meta property=\"article:modified_time\" content=\"2023-12-28T08:15:26+00:00\" \/>\n<meta name=\"twitter:card\" content=\"summary_large_image\" \/>\n<meta name=\"twitter:label1\" content=\"Dur\u00e9e de lecture estim\u00e9e\" \/>\n\t<meta name=\"twitter:data1\" content=\"1 minute\" \/>\n<script type=\"application\/ld+json\" class=\"yoast-schema-graph\">{\"@context\":\"https:\/\/schema.org\",\"@graph\":[{\"@type\":\"WebPage\",\"@id\":\"https:\/\/romantic-sinoussi.152-228-147-242.plesk.page\/fr\/produit\/seattle-500-black-2\/\",\"url\":\"https:\/\/romantic-sinoussi.152-228-147-242.plesk.page\/fr\/produit\/seattle-500-black-2\/\",\"name\":\"Seattle 500 Black - Audibax\",\"isPartOf\":{\"@id\":\"https:\/\/romantic-sinoussi.152-228-147-242.plesk.page\/fr\/#website\"},\"datePublished\":\"2023-12-27T11:00:09+00:00\",\"dateModified\":\"2023-12-28T08:15:26+00:00\",\"breadcrumb\":{\"@id\":\"https:\/\/romantic-sinoussi.152-228-147-242.plesk.page\/fr\/produit\/seattle-500-black-2\/#breadcrumb\"},\"inLanguage\":\"fr-FR\",\"potentialAction\":[{\"@type\":\"ReadAction\",\"target\":[\"https:\/\/romantic-sinoussi.152-228-147-242.plesk.page\/fr\/produit\/seattle-500-black-2\/\"]}]},{\"@type\":\"BreadcrumbList\",\"@id\":\"https:\/\/romantic-sinoussi.152-228-147-242.plesk.page\/fr\/produit\/seattle-500-black-2\/#breadcrumb\",\"itemListElement\":[{\"@type\":\"ListItem\",\"position\":1,\"name\":\"Portada\",\"item\":\"https:\/\/romantic-sinoussi.152-228-147-242.plesk.page\/fr\/\"},{\"@type\":\"ListItem\",\"position\":2,\"name\":\"Products\",\"item\":\"https:\/\/romantic-sinoussi.152-228-147-242.plesk.page\/fr\/shop\/\"},{\"@type\":\"ListItem\",\"position\":3,\"name\":\"Seattle 500 Black\"}]},{\"@type\":\"WebSite\",\"@id\":\"https:\/\/romantic-sinoussi.152-228-147-242.plesk.page\/fr\/#website\",\"url\":\"https:\/\/romantic-sinoussi.152-228-147-242.plesk.page\/fr\/\",\"name\":\"Audibax\",\"description\":\"\",\"publisher\":{\"@id\":\"https:\/\/romantic-sinoussi.152-228-147-242.plesk.page\/fr\/#organization\"},\"potentialAction\":[{\"@type\":\"SearchAction\",\"target\":{\"@type\":\"EntryPoint\",\"urlTemplate\":\"https:\/\/romantic-sinoussi.152-228-147-242.plesk.page\/fr\/?s={search_term_string}\"},\"query-input\":\"required name=search_term_string\"}],\"inLanguage\":\"fr-FR\"},{\"@type\":\"Organization\",\"@id\":\"https:\/\/romantic-sinoussi.152-228-147-242.plesk.page\/fr\/#organization\",\"name\":\"Audibax\",\"url\":\"https:\/\/romantic-sinoussi.152-228-147-242.plesk.page\/fr\/\",\"logo\":{\"@type\":\"ImageObject\",\"inLanguage\":\"fr-FR\",\"@id\":\"https:\/\/romantic-sinoussi.152-228-147-242.plesk.page\/fr\/#\/schema\/logo\/image\/\",\"url\":\"https:\/\/romantic-sinoussi.152-228-147-242.plesk.page\/wp-content\/uploads\/2023\/09\/logo-Audibax-BLANCO-SVG-1.svg\",\"contentUrl\":\"https:\/\/romantic-sinoussi.152-228-147-242.plesk.page\/wp-content\/uploads\/2023\/09\/logo-Audibax-BLANCO-SVG-1.svg\",\"width\":581,\"height\":146,\"caption\":\"Audibax\"},\"image\":{\"@id\":\"https:\/\/romantic-sinoussi.152-228-147-242.plesk.page\/fr\/#\/schema\/logo\/image\/\"}}]}<\/script>\n<!-- \/ Yoast SEO plugin. -->","yoast_head_json":{"title":"Seattle 500 Black - Audibax","robots":{"index":"noindex","follow":"follow","max-snippet":"max-snippet:-1","max-image-preview":"max-image-preview:large","max-video-preview":"max-video-preview:-1"},"og_locale":"fr_FR","og_type":"article","og_title":"Seattle 500 Black - Audibax","og_description":"Compact line array Puissance RMS : 300W + 100W + 100W Woofer :&nbsp;4&quot ;, 1&quot;voice coil Subwoofer : 15&quot ;, 2.5&quot;VC Lecteur MP3 \/ BT 5.0 \/ ECO","og_url":"https:\/\/romantic-sinoussi.152-228-147-242.plesk.page\/fr\/produit\/seattle-500-black-2\/","og_site_name":"Audibax","article_modified_time":"2023-12-28T08:15:26+00:00","twitter_card":"summary_large_image","twitter_misc":{"Dur\u00e9e de lecture estim\u00e9e":"1 minute"},"schema":{"@context":"https:\/\/schema.org","@graph":[{"@type":"WebPage","@id":"https:\/\/romantic-sinoussi.152-228-147-242.plesk.page\/fr\/produit\/seattle-500-black-2\/","url":"https:\/\/romantic-sinoussi.152-228-147-242.plesk.page\/fr\/produit\/seattle-500-black-2\/","name":"Seattle 500 Black - Audibax","isPartOf":{"@id":"https:\/\/romantic-sinoussi.152-228-147-242.plesk.page\/fr\/#website"},"datePublished":"2023-12-27T11:00:09+00:00","dateModified":"2023-12-28T08:15:26+00:00","breadcrumb":{"@id":"https:\/\/romantic-sinoussi.152-228-147-242.plesk.page\/fr\/produit\/seattle-500-black-2\/#breadcrumb"},"inLanguage":"fr-FR","potentialAction":[{"@type":"ReadAction","target":["https:\/\/romantic-sinoussi.152-228-147-242.plesk.page\/fr\/produit\/seattle-500-black-2\/"]}]},{"@type":"BreadcrumbList","@id":"https:\/\/romantic-sinoussi.152-228-147-242.plesk.page\/fr\/produit\/seattle-500-black-2\/#breadcrumb","itemListElement":[{"@type":"ListItem","position":1,"name":"Portada","item":"https:\/\/romantic-sinoussi.152-228-147-242.plesk.page\/fr\/"},{"@type":"ListItem","position":2,"name":"Products","item":"https:\/\/romantic-sinoussi.152-228-147-242.plesk.page\/fr\/shop\/"},{"@type":"ListItem","position":3,"name":"Seattle 500 Black"}]},{"@type":"WebSite","@id":"https:\/\/romantic-sinoussi.152-228-147-242.plesk.page\/fr\/#website","url":"https:\/\/romantic-sinoussi.152-228-147-242.plesk.page\/fr\/","name":"Audibax","description":"","publisher":{"@id":"https:\/\/romantic-sinoussi.152-228-147-242.plesk.page\/fr\/#organization"},"potentialAction":[{"@type":"SearchAction","target":{"@type":"EntryPoint","urlTemplate":"https:\/\/romantic-sinoussi.152-228-147-242.plesk.page\/fr\/?s={search_term_string}"},"query-input":"required name=search_term_string"}],"inLanguage":"fr-FR"},{"@type":"Organization","@id":"https:\/\/romantic-sinoussi.152-228-147-242.plesk.page\/fr\/#organization","name":"Audibax","url":"https:\/\/romantic-sinoussi.152-228-147-242.plesk.page\/fr\/","logo":{"@type":"ImageObject","inLanguage":"fr-FR","@id":"https:\/\/romantic-sinoussi.152-228-147-242.plesk.page\/fr\/#\/schema\/logo\/image\/","url":"https:\/\/romantic-sinoussi.152-228-147-242.plesk.page\/wp-content\/uploads\/2023\/09\/logo-Audibax-BLANCO-SVG-1.svg","contentUrl":"https:\/\/romantic-sinoussi.152-228-147-242.plesk.page\/wp-content\/uploads\/2023\/09\/logo-Audibax-BLANCO-SVG-1.svg","width":581,"height":146,"caption":"Audibax"},"image":{"@id":"https:\/\/romantic-sinoussi.152-228-147-242.plesk.page\/fr\/#\/schema\/logo\/image\/"}}]}},"_links":{"self":[{"href":"https:\/\/romantic-sinoussi.152-228-147-242.plesk.page\/fr\/wp-json\/wp\/v2\/product\/36797","targetHints":{"allow":["GET"]}}],"collection":[{"href":"https:\/\/romantic-sinoussi.152-228-147-242.plesk.page\/fr\/wp-json\/wp\/v2\/product"}],"about":[{"href":"https:\/\/romantic-sinoussi.152-228-147-242.plesk.page\/fr\/wp-json\/wp\/v2\/types\/product"}],"replies":[{"embeddable":true,"href":"https:\/\/romantic-sinoussi.152-228-147-242.plesk.page\/fr\/wp-json\/wp\/v2\/comments?post=36797"}],"wp:featuredmedia":[{"embeddable":true,"href":"https:\/\/romantic-sinoussi.152-228-147-242.plesk.page\/fr\/wp-json\/wp\/v2\/media\/17621"}],"wp:attachment":[{"href":"https:\/\/romantic-sinoussi.152-228-147-242.plesk.page\/fr\/wp-json\/wp\/v2\/media?parent=36797"}],"wp:term":[{"taxonomy":"product_cat","embeddable":true,"href":"https:\/\/romantic-sinoussi.152-228-147-242.plesk.page\/fr\/wp-json\/wp\/v2\/product_cat?post=36797"},{"taxonomy":"product_tag","embeddable":true,"href":"https:\/\/romantic-sinoussi.152-228-147-242.plesk.page\/fr\/wp-json\/wp\/v2\/product_tag?post=36797"}],"curies":[{"name":"wp","href":"https:\/\/api.w.org\/{rel}","templated":true}]}}