{"id":36798,"date":"2023-12-27T12:00:10","date_gmt":"2023-12-27T11:00:10","guid":{"rendered":"https:\/\/romantic-sinoussi.152-228-147-242.plesk.page\/product\/detroit-1000x-dsp-black-2\/"},"modified":"2023-12-27T12:00:10","modified_gmt":"2023-12-27T11:00:10","slug":"detroit-1000x-dsp-black-2","status":"publish","type":"product","link":"https:\/\/romantic-sinoussi.152-228-147-242.plesk.page\/fr\/produit\/detroit-1000x-dsp-black-2\/","title":{"rendered":"Detroit 1000X DSP Black"},"content":{"rendered":"<\/p>\n<p><strong>Caract\u00e9ristiques<\/strong><\/strong><\/p>\n<ul>\n<li>Le <strong>Audibax Detroit 1000X DSP<\/strong>\n<ul>\n<li>Audibax Detroit 1000X DSP<\/strong> est un syst\u00e8me de sonorisation compos\u00e9 d&#8217;une colonne et d&#8217;un caisson de basses de 12 pouces.nbsp;<\/strong>est un syst\u00e8me de sonorisation compos\u00e9 d&#8217;une colonne et d&#8217;un caisson de basse de 12 pouces, qui offre une qualit\u00e9 sonore in\u00e9gal\u00e9e.<\/li>\n<li>Notre <strong>Detroit 1000X<\/strong> syst\u00e8me de sonorisation dispose de 3 entr\u00e9es combin\u00e9es XLR\/Jack, 1 entr\u00e9e Jack L\/R, 1 entr\u00e9e Aux et 1 sortie XLR.<\/li>\n<li>Il est \u00e9quip\u00e9 d&#8217;un transducteur haute fr\u00e9quence de 8 pi\u00e8ces de 3 pouces et d&#8217;un subwoofer de 12 pouces, offrant une r\u00e9ponse en fr\u00e9quence allant jusqu&#8217;\u00e0 20kHz et un SPL de 125dB.<\/li>\n<li>Il est dot\u00e9 d&#8217;une protection contre les surchauffes de court-circuit et les surintensit\u00e9s.<\/li>\n<ul>\n<p><strong>Sp\u00e9cifications:<\/strong><\/p>\n<ul>\n<li>Type : 1 colonne + 1 12&#39;&#39;&#39;<\/li>\n<li>R\u00e9ponse en fr\u00e9quence (-6dB) : 45 Hz &#8211; 20 kHz<\/li>\n<li>Puissance de sortie (RMS) : 400W+200W<\/li>\n<li>Puissance de pointe : 1000W<\/li>\n<li>Transducteur haute fr\u00e9quence : Haut-parleur 8 pi\u00e8ces * 3 &#038;quot ;, bobine vocale 20mm<\/li>\n<li>Transducteur LF : Subwoofer 12&#038;quot ; bobine vocale 2.5&quot;<\/li>\n<li>Amplificateur : Amplificateur de classe D<\/li>\n<li>Module DSP : DSP-100, 96 kHz, processeur DSP 24 bits avec modes pr\u00e9r\u00e9gl\u00e9s : Monitor, DJ, Live<\/li>\n<li>M&aacute;x. SPL (1m, espace libre) : 125dB<\/li>\n<li>Imp\u00e9dance : 4 Ohm<\/li>\n<li>Protection : court-circuit, surchauffe, surintensit\u00e9<\/li>\n<li>Commande S : Interrupteur marche\/arr\u00eat, niveau principal, interrupteur de mode DSP<\/li>\n<li>Indicateurs : alimentation, signal<\/li>\n<li>Entr\u00e9e\/sortie audio : 3 entr\u00e9es combo XLR\/Jack, 1 entr\u00e9e Jack L\/R, 1 entr\u00e9e Aux, 1 sortie XLR.<\/li>\n<li>Entr\u00e9e\/sortie d&#8217;alimentation : Powercon<\/li>\n<li>Alimentation : 230V 50\/60Hz<\/li>\n<li>Enveloppe : Plastique ABS\/PP<\/li>\n<li>Dispersion (H * V) : 120&#038;deg ; * 16&deg;<\/li>\n<li>Mesures Sat : 15.5 x 10,5 x 78,5 cm<\/li>\n<li>Dimensions Sub : 46 x 36 x 71 x 71 cm<\/li>\n<\/ul>\n<\/ul>\n","protected":false},"excerpt":{"rendered":"<ul>\n<li>1 colonne + 1 subwoofer 12&#39;&#39;<\/li>\n<li>Amplificateur de classe D<\/li>\n<li>Puissance RMS : 400W (Subwoofer) + 200W (Sat&eacute;lite)<\/li>\n<li>Transducteur haute fr\u00e9quence : 8pcs x 3&quot;<\/li>\n<li>Connexion Bluetooth<\/li>\n<\/ul>\n","protected":false},"featured_media":17075,"comment_status":"open","ping_status":"closed","template":"","meta":[],"product_cat":[413,243],"product_tag":[],"class_list":{"0":"post-36798","1":"product","2":"type-product","3":"status-publish","4":"has-post-thumbnail","6":"product_cat-systemes-pa","7":"product_cat-uncategorized","9":"first","10":"instock","11":"shipping-taxable","12":"product-type-simple"},"acf":[],"yoast_head":"<!-- This site is optimized with the Yoast SEO plugin v21.5 - https:\/\/yoast.com\/wordpress\/plugins\/seo\/ -->\n<title>Detroit 1000X DSP Black - Audibax<\/title>\n<meta name=\"robots\" content=\"noindex, follow, max-snippet:-1, max-image-preview:large, max-video-preview:-1\" \/>\n<meta property=\"og:locale\" content=\"fr_FR\" \/>\n<meta property=\"og:type\" content=\"article\" \/>\n<meta property=\"og:title\" content=\"Detroit 1000X DSP Black - Audibax\" \/>\n<meta property=\"og:description\" content=\"1 colonne + 1 subwoofer 12&#039;&#039; Amplificateur de classe D Puissance RMS : 400W (Subwoofer) + 200W (Sat&eacute;lite) Transducteur haute fr\u00e9quence : 8pcs x 3&quot; Connexion Bluetooth\" \/>\n<meta property=\"og:url\" content=\"https:\/\/romantic-sinoussi.152-228-147-242.plesk.page\/fr\/produit\/detroit-1000x-dsp-black-2\/\" \/>\n<meta property=\"og:site_name\" content=\"Audibax\" \/>\n<meta name=\"twitter:card\" content=\"summary_large_image\" \/>\n<meta name=\"twitter:label1\" content=\"Dur\u00e9e de lecture estim\u00e9e\" \/>\n\t<meta name=\"twitter:data1\" content=\"1 minute\" \/>\n<script type=\"application\/ld+json\" class=\"yoast-schema-graph\">{\"@context\":\"https:\/\/schema.org\",\"@graph\":[{\"@type\":\"WebPage\",\"@id\":\"https:\/\/romantic-sinoussi.152-228-147-242.plesk.page\/fr\/produit\/detroit-1000x-dsp-black-2\/\",\"url\":\"https:\/\/romantic-sinoussi.152-228-147-242.plesk.page\/fr\/produit\/detroit-1000x-dsp-black-2\/\",\"name\":\"Detroit 1000X DSP Black - Audibax\",\"isPartOf\":{\"@id\":\"https:\/\/romantic-sinoussi.152-228-147-242.plesk.page\/fr\/#website\"},\"datePublished\":\"2023-12-27T11:00:10+00:00\",\"dateModified\":\"2023-12-27T11:00:10+00:00\",\"breadcrumb\":{\"@id\":\"https:\/\/romantic-sinoussi.152-228-147-242.plesk.page\/fr\/produit\/detroit-1000x-dsp-black-2\/#breadcrumb\"},\"inLanguage\":\"fr-FR\",\"potentialAction\":[{\"@type\":\"ReadAction\",\"target\":[\"https:\/\/romantic-sinoussi.152-228-147-242.plesk.page\/fr\/produit\/detroit-1000x-dsp-black-2\/\"]}]},{\"@type\":\"BreadcrumbList\",\"@id\":\"https:\/\/romantic-sinoussi.152-228-147-242.plesk.page\/fr\/produit\/detroit-1000x-dsp-black-2\/#breadcrumb\",\"itemListElement\":[{\"@type\":\"ListItem\",\"position\":1,\"name\":\"Portada\",\"item\":\"https:\/\/romantic-sinoussi.152-228-147-242.plesk.page\/fr\/\"},{\"@type\":\"ListItem\",\"position\":2,\"name\":\"Products\",\"item\":\"https:\/\/romantic-sinoussi.152-228-147-242.plesk.page\/fr\/shop\/\"},{\"@type\":\"ListItem\",\"position\":3,\"name\":\"Detroit 1000X DSP Black\"}]},{\"@type\":\"WebSite\",\"@id\":\"https:\/\/romantic-sinoussi.152-228-147-242.plesk.page\/fr\/#website\",\"url\":\"https:\/\/romantic-sinoussi.152-228-147-242.plesk.page\/fr\/\",\"name\":\"Audibax\",\"description\":\"\",\"publisher\":{\"@id\":\"https:\/\/romantic-sinoussi.152-228-147-242.plesk.page\/fr\/#organization\"},\"potentialAction\":[{\"@type\":\"SearchAction\",\"target\":{\"@type\":\"EntryPoint\",\"urlTemplate\":\"https:\/\/romantic-sinoussi.152-228-147-242.plesk.page\/fr\/?s={search_term_string}\"},\"query-input\":\"required name=search_term_string\"}],\"inLanguage\":\"fr-FR\"},{\"@type\":\"Organization\",\"@id\":\"https:\/\/romantic-sinoussi.152-228-147-242.plesk.page\/fr\/#organization\",\"name\":\"Audibax\",\"url\":\"https:\/\/romantic-sinoussi.152-228-147-242.plesk.page\/fr\/\",\"logo\":{\"@type\":\"ImageObject\",\"inLanguage\":\"fr-FR\",\"@id\":\"https:\/\/romantic-sinoussi.152-228-147-242.plesk.page\/fr\/#\/schema\/logo\/image\/\",\"url\":\"https:\/\/romantic-sinoussi.152-228-147-242.plesk.page\/wp-content\/uploads\/2023\/09\/logo-Audibax-BLANCO-SVG-1.svg\",\"contentUrl\":\"https:\/\/romantic-sinoussi.152-228-147-242.plesk.page\/wp-content\/uploads\/2023\/09\/logo-Audibax-BLANCO-SVG-1.svg\",\"width\":581,\"height\":146,\"caption\":\"Audibax\"},\"image\":{\"@id\":\"https:\/\/romantic-sinoussi.152-228-147-242.plesk.page\/fr\/#\/schema\/logo\/image\/\"}}]}<\/script>\n<!-- \/ Yoast SEO plugin. -->","yoast_head_json":{"title":"Detroit 1000X DSP Black - Audibax","robots":{"index":"noindex","follow":"follow","max-snippet":"max-snippet:-1","max-image-preview":"max-image-preview:large","max-video-preview":"max-video-preview:-1"},"og_locale":"fr_FR","og_type":"article","og_title":"Detroit 1000X DSP Black - Audibax","og_description":"1 colonne + 1 subwoofer 12&#39;&#39; Amplificateur de classe D Puissance RMS : 400W (Subwoofer) + 200W (Sat&eacute;lite) Transducteur haute fr\u00e9quence : 8pcs x 3&quot; Connexion Bluetooth","og_url":"https:\/\/romantic-sinoussi.152-228-147-242.plesk.page\/fr\/produit\/detroit-1000x-dsp-black-2\/","og_site_name":"Audibax","twitter_card":"summary_large_image","twitter_misc":{"Dur\u00e9e de lecture estim\u00e9e":"1 minute"},"schema":{"@context":"https:\/\/schema.org","@graph":[{"@type":"WebPage","@id":"https:\/\/romantic-sinoussi.152-228-147-242.plesk.page\/fr\/produit\/detroit-1000x-dsp-black-2\/","url":"https:\/\/romantic-sinoussi.152-228-147-242.plesk.page\/fr\/produit\/detroit-1000x-dsp-black-2\/","name":"Detroit 1000X DSP Black - Audibax","isPartOf":{"@id":"https:\/\/romantic-sinoussi.152-228-147-242.plesk.page\/fr\/#website"},"datePublished":"2023-12-27T11:00:10+00:00","dateModified":"2023-12-27T11:00:10+00:00","breadcrumb":{"@id":"https:\/\/romantic-sinoussi.152-228-147-242.plesk.page\/fr\/produit\/detroit-1000x-dsp-black-2\/#breadcrumb"},"inLanguage":"fr-FR","potentialAction":[{"@type":"ReadAction","target":["https:\/\/romantic-sinoussi.152-228-147-242.plesk.page\/fr\/produit\/detroit-1000x-dsp-black-2\/"]}]},{"@type":"BreadcrumbList","@id":"https:\/\/romantic-sinoussi.152-228-147-242.plesk.page\/fr\/produit\/detroit-1000x-dsp-black-2\/#breadcrumb","itemListElement":[{"@type":"ListItem","position":1,"name":"Portada","item":"https:\/\/romantic-sinoussi.152-228-147-242.plesk.page\/fr\/"},{"@type":"ListItem","position":2,"name":"Products","item":"https:\/\/romantic-sinoussi.152-228-147-242.plesk.page\/fr\/shop\/"},{"@type":"ListItem","position":3,"name":"Detroit 1000X DSP Black"}]},{"@type":"WebSite","@id":"https:\/\/romantic-sinoussi.152-228-147-242.plesk.page\/fr\/#website","url":"https:\/\/romantic-sinoussi.152-228-147-242.plesk.page\/fr\/","name":"Audibax","description":"","publisher":{"@id":"https:\/\/romantic-sinoussi.152-228-147-242.plesk.page\/fr\/#organization"},"potentialAction":[{"@type":"SearchAction","target":{"@type":"EntryPoint","urlTemplate":"https:\/\/romantic-sinoussi.152-228-147-242.plesk.page\/fr\/?s={search_term_string}"},"query-input":"required name=search_term_string"}],"inLanguage":"fr-FR"},{"@type":"Organization","@id":"https:\/\/romantic-sinoussi.152-228-147-242.plesk.page\/fr\/#organization","name":"Audibax","url":"https:\/\/romantic-sinoussi.152-228-147-242.plesk.page\/fr\/","logo":{"@type":"ImageObject","inLanguage":"fr-FR","@id":"https:\/\/romantic-sinoussi.152-228-147-242.plesk.page\/fr\/#\/schema\/logo\/image\/","url":"https:\/\/romantic-sinoussi.152-228-147-242.plesk.page\/wp-content\/uploads\/2023\/09\/logo-Audibax-BLANCO-SVG-1.svg","contentUrl":"https:\/\/romantic-sinoussi.152-228-147-242.plesk.page\/wp-content\/uploads\/2023\/09\/logo-Audibax-BLANCO-SVG-1.svg","width":581,"height":146,"caption":"Audibax"},"image":{"@id":"https:\/\/romantic-sinoussi.152-228-147-242.plesk.page\/fr\/#\/schema\/logo\/image\/"}}]}},"_links":{"self":[{"href":"https:\/\/romantic-sinoussi.152-228-147-242.plesk.page\/fr\/wp-json\/wp\/v2\/product\/36798","targetHints":{"allow":["GET"]}}],"collection":[{"href":"https:\/\/romantic-sinoussi.152-228-147-242.plesk.page\/fr\/wp-json\/wp\/v2\/product"}],"about":[{"href":"https:\/\/romantic-sinoussi.152-228-147-242.plesk.page\/fr\/wp-json\/wp\/v2\/types\/product"}],"replies":[{"embeddable":true,"href":"https:\/\/romantic-sinoussi.152-228-147-242.plesk.page\/fr\/wp-json\/wp\/v2\/comments?post=36798"}],"wp:featuredmedia":[{"embeddable":true,"href":"https:\/\/romantic-sinoussi.152-228-147-242.plesk.page\/fr\/wp-json\/wp\/v2\/media\/17075"}],"wp:attachment":[{"href":"https:\/\/romantic-sinoussi.152-228-147-242.plesk.page\/fr\/wp-json\/wp\/v2\/media?parent=36798"}],"wp:term":[{"taxonomy":"product_cat","embeddable":true,"href":"https:\/\/romantic-sinoussi.152-228-147-242.plesk.page\/fr\/wp-json\/wp\/v2\/product_cat?post=36798"},{"taxonomy":"product_tag","embeddable":true,"href":"https:\/\/romantic-sinoussi.152-228-147-242.plesk.page\/fr\/wp-json\/wp\/v2\/product_tag?post=36798"}],"curies":[{"name":"wp","href":"https:\/\/api.w.org\/{rel}","templated":true}]}}