{"id":36809,"date":"2023-12-27T12:00:19","date_gmt":"2023-12-27T11:00:19","guid":{"rendered":"https:\/\/romantic-sinoussi.152-228-147-242.plesk.page\/product\/ovo-4-white-2\/"},"modified":"2023-12-27T12:00:19","modified_gmt":"2023-12-27T11:00:19","slug":"ovo-4-white-2","status":"publish","type":"product","link":"https:\/\/romantic-sinoussi.152-228-147-242.plesk.page\/fr\/produit\/ovo-4-white-2\/","title":{"rendered":"Ovo 4 White"},"content":{"rendered":"<p><L'Audibax <strong>Ovo 4 White<\/strong> est une paire d&#8217;enceintes murales passives \u00e0 deux voies, compactes et fiables, pouvant \u00eatre utilis\u00e9es en ligne avec 100v ou 8ohm.Chaque enceinte est \u00e9quip\u00e9e d&#8217;un woofer de 103 mm et d&#8217;un tweeter de 13 mm et offre une r\u00e9ponse en fr\u00e9quence allant jusqu&#8217;\u00e0 18 kHz et un niveau de pression acoustique de 86 dB. L&#8217;Ovo 4 White a une puissance nominale de 30 W en continu et se distingue par sa grande intelligibilit\u00e9 et sa haute qualit\u00e9 sonore. Le cadre de montage est en ABS de haute qualit\u00e9, la grille est en acier et le support offre une grande flexibilit\u00e9 de positionnement. De plus, ces enceintes se caract\u00e9risent par un montage rapide et facile.<\/p>\n<p>La s\u00e9rie Audibax Ovo est le choix id\u00e9al car elle offre une grande vari\u00e9t\u00e9 d&#8217;applications et une solution simple et de haute qualit\u00e9 pour sonoriser de multiples environnements, son design moderne s&#8217;int\u00e9grant parfaitement \u00e0 tout type de d\u00e9coration. De plus, la s\u00e9rie Ovo est con\u00e7ue pour une utilisation en ext\u00e9rieur puisqu&#8217;il s&#8217;agit d&#8217;un haut-parleur IP65.<\/p>\n<p>&nbsp;<\/p>\n<h2>Sp\u00e9cifications<br \/> &nbsp;<\/h2>\n<ul>\n<li>Type de produit : Haut-parleurs d&#8217;installation (montage mural)<\/li>\n<li>Type : Passif<\/li>\n<li>Type de haut-parleur : Haut-parleur \u00e0 2 voies<\/li>\n<li>Couleur : Blanc<\/li>\n<li>Dimensions : 4 Inch<\/li>\n<li><strong>Enceinte IP65<\/strong><\/li>\n<li>Taille du Woofer : 103mm<\/li>\n<li>Taille du tweeter : 13mm<\/li>\n<li>Basse imp\u00e9dance : 8 ohm<\/li>\n<li>R\u00e9ponse en fr\u00e9quence : 90Hz &#8211; 18KHz<\/li>\n<li>Sensibilit\u00e9 : 88dB<\/li>\n<li>Puissance 100v ligne : 2.5w \/ 5w \/ 10w ( s\u00e9lectionnable )<\/li>\n<li>Puissance \u00e0 basse imp\u00e9dance (RMS) : 30W<\/li>\n<li>Largeur : 13 cm<\/li>\n<li>Hauteur : 22 cm<\/li>\n<li>Profondeur : 11.5 cm<\/li>\n<li>Poids : 2,2 kg<\/li>\n<\/ul>\n<\/ul>\n","protected":false},"excerpt":{"rendered":"<ul>\n<li>Type de produit : Haut-parleurs d&#8217;installation (montage mural)<\/li>\n<li>Type de haut-parleur : Haut-parleur 2V<\/li>\n<li>Couleur : Blanc<\/li>\n<li>Dimensions : 4 Inch<\/li>\n<li>Puissance 100v ligne : 2.5w \/ 5w \/ 10w ( s\u00e9lectionnable )<\/li>\n<li>Puissance \u00e0 basse imp\u00e9dance (RMS) : 35W<\/li>\n<li><strong>IP65<\/strong><\/li>\n<\/ul>\n<\/ul>\n","protected":false},"featured_media":17498,"comment_status":"open","ping_status":"closed","template":"","meta":[],"product_cat":[417,243],"product_tag":[],"class_list":{"0":"post-36809","1":"product","2":"type-product","3":"status-publish","4":"has-post-thumbnail","6":"product_cat-haut-parleurs-muraux","7":"product_cat-uncategorized","9":"first","10":"instock","11":"shipping-taxable","12":"product-type-simple"},"acf":[],"yoast_head":"<!-- This site is optimized with the Yoast SEO plugin v21.5 - https:\/\/yoast.com\/wordpress\/plugins\/seo\/ -->\n<title>Ovo 4 White - Audibax<\/title>\n<meta name=\"robots\" content=\"noindex, follow, max-snippet:-1, max-image-preview:large, max-video-preview:-1\" \/>\n<meta property=\"og:locale\" content=\"fr_FR\" \/>\n<meta property=\"og:type\" content=\"article\" \/>\n<meta property=\"og:title\" content=\"Ovo 4 White - Audibax\" \/>\n<meta property=\"og:description\" content=\"Type de produit : Haut-parleurs d&#039;installation (montage mural) Type de haut-parleur : Haut-parleur 2V Couleur : Blanc Dimensions : 4 Inch Puissance 100v ligne : 2.5w \/ 5w \/ 10w ( s\u00e9lectionnable ) Puissance \u00e0 basse imp\u00e9dance (RMS) : 35W IP65\" \/>\n<meta property=\"og:url\" content=\"https:\/\/romantic-sinoussi.152-228-147-242.plesk.page\/fr\/produit\/ovo-4-white-2\/\" \/>\n<meta property=\"og:site_name\" content=\"Audibax\" \/>\n<meta name=\"twitter:card\" content=\"summary_large_image\" \/>\n<script type=\"application\/ld+json\" class=\"yoast-schema-graph\">{\"@context\":\"https:\/\/schema.org\",\"@graph\":[{\"@type\":\"WebPage\",\"@id\":\"https:\/\/romantic-sinoussi.152-228-147-242.plesk.page\/fr\/produit\/ovo-4-white-2\/\",\"url\":\"https:\/\/romantic-sinoussi.152-228-147-242.plesk.page\/fr\/produit\/ovo-4-white-2\/\",\"name\":\"Ovo 4 White - Audibax\",\"isPartOf\":{\"@id\":\"https:\/\/romantic-sinoussi.152-228-147-242.plesk.page\/fr\/#website\"},\"datePublished\":\"2023-12-27T11:00:19+00:00\",\"dateModified\":\"2023-12-27T11:00:19+00:00\",\"breadcrumb\":{\"@id\":\"https:\/\/romantic-sinoussi.152-228-147-242.plesk.page\/fr\/produit\/ovo-4-white-2\/#breadcrumb\"},\"inLanguage\":\"fr-FR\",\"potentialAction\":[{\"@type\":\"ReadAction\",\"target\":[\"https:\/\/romantic-sinoussi.152-228-147-242.plesk.page\/fr\/produit\/ovo-4-white-2\/\"]}]},{\"@type\":\"BreadcrumbList\",\"@id\":\"https:\/\/romantic-sinoussi.152-228-147-242.plesk.page\/fr\/produit\/ovo-4-white-2\/#breadcrumb\",\"itemListElement\":[{\"@type\":\"ListItem\",\"position\":1,\"name\":\"Portada\",\"item\":\"https:\/\/romantic-sinoussi.152-228-147-242.plesk.page\/fr\/\"},{\"@type\":\"ListItem\",\"position\":2,\"name\":\"Products\",\"item\":\"https:\/\/romantic-sinoussi.152-228-147-242.plesk.page\/fr\/shop\/\"},{\"@type\":\"ListItem\",\"position\":3,\"name\":\"Ovo 4 White\"}]},{\"@type\":\"WebSite\",\"@id\":\"https:\/\/romantic-sinoussi.152-228-147-242.plesk.page\/fr\/#website\",\"url\":\"https:\/\/romantic-sinoussi.152-228-147-242.plesk.page\/fr\/\",\"name\":\"Audibax\",\"description\":\"\",\"publisher\":{\"@id\":\"https:\/\/romantic-sinoussi.152-228-147-242.plesk.page\/fr\/#organization\"},\"potentialAction\":[{\"@type\":\"SearchAction\",\"target\":{\"@type\":\"EntryPoint\",\"urlTemplate\":\"https:\/\/romantic-sinoussi.152-228-147-242.plesk.page\/fr\/?s={search_term_string}\"},\"query-input\":\"required name=search_term_string\"}],\"inLanguage\":\"fr-FR\"},{\"@type\":\"Organization\",\"@id\":\"https:\/\/romantic-sinoussi.152-228-147-242.plesk.page\/fr\/#organization\",\"name\":\"Audibax\",\"url\":\"https:\/\/romantic-sinoussi.152-228-147-242.plesk.page\/fr\/\",\"logo\":{\"@type\":\"ImageObject\",\"inLanguage\":\"fr-FR\",\"@id\":\"https:\/\/romantic-sinoussi.152-228-147-242.plesk.page\/fr\/#\/schema\/logo\/image\/\",\"url\":\"https:\/\/romantic-sinoussi.152-228-147-242.plesk.page\/wp-content\/uploads\/2023\/09\/logo-Audibax-BLANCO-SVG-1.svg\",\"contentUrl\":\"https:\/\/romantic-sinoussi.152-228-147-242.plesk.page\/wp-content\/uploads\/2023\/09\/logo-Audibax-BLANCO-SVG-1.svg\",\"width\":581,\"height\":146,\"caption\":\"Audibax\"},\"image\":{\"@id\":\"https:\/\/romantic-sinoussi.152-228-147-242.plesk.page\/fr\/#\/schema\/logo\/image\/\"}}]}<\/script>\n<!-- \/ Yoast SEO plugin. -->","yoast_head_json":{"title":"Ovo 4 White - Audibax","robots":{"index":"noindex","follow":"follow","max-snippet":"max-snippet:-1","max-image-preview":"max-image-preview:large","max-video-preview":"max-video-preview:-1"},"og_locale":"fr_FR","og_type":"article","og_title":"Ovo 4 White - Audibax","og_description":"Type de produit : Haut-parleurs d'installation (montage mural) Type de haut-parleur : Haut-parleur 2V Couleur : Blanc Dimensions : 4 Inch Puissance 100v ligne : 2.5w \/ 5w \/ 10w ( s\u00e9lectionnable ) Puissance \u00e0 basse imp\u00e9dance (RMS) : 35W IP65","og_url":"https:\/\/romantic-sinoussi.152-228-147-242.plesk.page\/fr\/produit\/ovo-4-white-2\/","og_site_name":"Audibax","twitter_card":"summary_large_image","schema":{"@context":"https:\/\/schema.org","@graph":[{"@type":"WebPage","@id":"https:\/\/romantic-sinoussi.152-228-147-242.plesk.page\/fr\/produit\/ovo-4-white-2\/","url":"https:\/\/romantic-sinoussi.152-228-147-242.plesk.page\/fr\/produit\/ovo-4-white-2\/","name":"Ovo 4 White - Audibax","isPartOf":{"@id":"https:\/\/romantic-sinoussi.152-228-147-242.plesk.page\/fr\/#website"},"datePublished":"2023-12-27T11:00:19+00:00","dateModified":"2023-12-27T11:00:19+00:00","breadcrumb":{"@id":"https:\/\/romantic-sinoussi.152-228-147-242.plesk.page\/fr\/produit\/ovo-4-white-2\/#breadcrumb"},"inLanguage":"fr-FR","potentialAction":[{"@type":"ReadAction","target":["https:\/\/romantic-sinoussi.152-228-147-242.plesk.page\/fr\/produit\/ovo-4-white-2\/"]}]},{"@type":"BreadcrumbList","@id":"https:\/\/romantic-sinoussi.152-228-147-242.plesk.page\/fr\/produit\/ovo-4-white-2\/#breadcrumb","itemListElement":[{"@type":"ListItem","position":1,"name":"Portada","item":"https:\/\/romantic-sinoussi.152-228-147-242.plesk.page\/fr\/"},{"@type":"ListItem","position":2,"name":"Products","item":"https:\/\/romantic-sinoussi.152-228-147-242.plesk.page\/fr\/shop\/"},{"@type":"ListItem","position":3,"name":"Ovo 4 White"}]},{"@type":"WebSite","@id":"https:\/\/romantic-sinoussi.152-228-147-242.plesk.page\/fr\/#website","url":"https:\/\/romantic-sinoussi.152-228-147-242.plesk.page\/fr\/","name":"Audibax","description":"","publisher":{"@id":"https:\/\/romantic-sinoussi.152-228-147-242.plesk.page\/fr\/#organization"},"potentialAction":[{"@type":"SearchAction","target":{"@type":"EntryPoint","urlTemplate":"https:\/\/romantic-sinoussi.152-228-147-242.plesk.page\/fr\/?s={search_term_string}"},"query-input":"required name=search_term_string"}],"inLanguage":"fr-FR"},{"@type":"Organization","@id":"https:\/\/romantic-sinoussi.152-228-147-242.plesk.page\/fr\/#organization","name":"Audibax","url":"https:\/\/romantic-sinoussi.152-228-147-242.plesk.page\/fr\/","logo":{"@type":"ImageObject","inLanguage":"fr-FR","@id":"https:\/\/romantic-sinoussi.152-228-147-242.plesk.page\/fr\/#\/schema\/logo\/image\/","url":"https:\/\/romantic-sinoussi.152-228-147-242.plesk.page\/wp-content\/uploads\/2023\/09\/logo-Audibax-BLANCO-SVG-1.svg","contentUrl":"https:\/\/romantic-sinoussi.152-228-147-242.plesk.page\/wp-content\/uploads\/2023\/09\/logo-Audibax-BLANCO-SVG-1.svg","width":581,"height":146,"caption":"Audibax"},"image":{"@id":"https:\/\/romantic-sinoussi.152-228-147-242.plesk.page\/fr\/#\/schema\/logo\/image\/"}}]}},"_links":{"self":[{"href":"https:\/\/romantic-sinoussi.152-228-147-242.plesk.page\/fr\/wp-json\/wp\/v2\/product\/36809","targetHints":{"allow":["GET"]}}],"collection":[{"href":"https:\/\/romantic-sinoussi.152-228-147-242.plesk.page\/fr\/wp-json\/wp\/v2\/product"}],"about":[{"href":"https:\/\/romantic-sinoussi.152-228-147-242.plesk.page\/fr\/wp-json\/wp\/v2\/types\/product"}],"replies":[{"embeddable":true,"href":"https:\/\/romantic-sinoussi.152-228-147-242.plesk.page\/fr\/wp-json\/wp\/v2\/comments?post=36809"}],"wp:featuredmedia":[{"embeddable":true,"href":"https:\/\/romantic-sinoussi.152-228-147-242.plesk.page\/fr\/wp-json\/wp\/v2\/media\/17498"}],"wp:attachment":[{"href":"https:\/\/romantic-sinoussi.152-228-147-242.plesk.page\/fr\/wp-json\/wp\/v2\/media?parent=36809"}],"wp:term":[{"taxonomy":"product_cat","embeddable":true,"href":"https:\/\/romantic-sinoussi.152-228-147-242.plesk.page\/fr\/wp-json\/wp\/v2\/product_cat?post=36809"},{"taxonomy":"product_tag","embeddable":true,"href":"https:\/\/romantic-sinoussi.152-228-147-242.plesk.page\/fr\/wp-json\/wp\/v2\/product_tag?post=36809"}],"curies":[{"name":"wp","href":"https:\/\/api.w.org\/{rel}","templated":true}]}}