{"id":36821,"date":"2023-12-27T12:00:29","date_gmt":"2023-12-27T11:00:29","guid":{"rendered":"https:\/\/romantic-sinoussi.152-228-147-242.plesk.page\/product\/pr42t-white-2\/"},"modified":"2023-12-27T12:00:29","modified_gmt":"2023-12-27T11:00:29","slug":"pr42t-white-2","status":"publish","type":"product","link":"https:\/\/romantic-sinoussi.152-228-147-242.plesk.page\/fr\/produit\/pr42t-white-2\/","title":{"rendered":"PR42T White"},"content":{"rendered":"<p><L'Audibax <strong>PR-42T White<\/strong> est un haut-parleur mural au design \u00e9l\u00e9gant, \u00e9quip\u00e9 d&#8217;un woofer de 4&#038;rdquo et d&#8217;un haut-parleur d&#8217;aigu\u00ebs de 1\/2&#038;ldquo. Il offre une r\u00e9ponse en fr\u00e9quence jusqu&#8217;\u00e0 20 kHz et un niveau de pression acoustique de 87 dB. Le PR-42T atteint 15 W en continu et se caract\u00e9rise par une grande qualit\u00e9 sonore. Il convient \u00e0 une grande vari\u00e9t\u00e9 d&#8217;applications et offre une solution discr\u00e8te pour les h\u00f4tels, les restaurants, les bars, les salons, les salles de classe et de r\u00e9union, les centres commerciaux et m\u00eame pour la maison. Il est disponible en noir (PR-42T Black ) ou en blanc (PR-42T White ).<\/p>\n<\/p>\n<ul>\n<li>Type de produit : Haut-parleurs d&#8217;installation<\/li>\n<li>Type de haut-parleur : Passif, haut-parleur mural<\/li>\n<li>Type de haut-parleur : Haut-parleur 2 voies<\/li>\n<li>Couleur : Noir<\/li>\n<li>Taille du woofer : 4&rdquo;<\/li>\n<li>Taille du tweeter : 1\/2&#038;rdquo ; Mylar<\/li>\n<li>Basse imp\u00e9dance : 8 Ohm<\/li>\n<li>R\u00e9ponse en fr\u00e9quence:&#038;nbsp ; 90Hz &#8211; 20KHz<\/li>\n<li>Sensibilit\u00e9 : 87dB<\/li>\n<li>Puissance \u00e0 basse imp\u00e9dance : 75W<\/li>\n<li>Puissance en ligne 100v : 20w<\/li>\n<li>Largeur : 120mm<\/li>\n<li>Hauteur : 190mm<\/li>\n<li>Profondeur : 115mm<\/li>\n<li>Poids : 2kg<\/li>\n<li>Fourni en paire<\/li>\n<\/ul>\n<\/ul>\n","protected":false},"excerpt":{"rendered":"<ul>\n<li>Type de produit : Haut-parleurs d&#8217;installation<\/li>\n<li>Type de haut-parleur : passif, haut-parleur mural<\/li>\n<li>Type de haut-parleur : haut-parleur \u00e0 2 voies<\/li>\n<li>Couleur : Blanc<\/li>\n<li>Taille du haut-parleur de graves : 4&rdquo;<\/li>\n<li>Taille du haut-parleur d&#8217;aigus : 1\/2&#038;rdquo ; Mylar<\/li>\n<li>Fourni par paire<\/li>\n<\/ul>\n<\/ul>\n","protected":false},"featured_media":18578,"comment_status":"open","ping_status":"closed","template":"","meta":[],"product_cat":[417,243],"product_tag":[],"class_list":{"0":"post-36821","1":"product","2":"type-product","3":"status-publish","4":"has-post-thumbnail","6":"product_cat-haut-parleurs-muraux","7":"product_cat-uncategorized","9":"first","10":"instock","11":"shipping-taxable","12":"product-type-simple"},"acf":[],"yoast_head":"<!-- This site is optimized with the Yoast SEO plugin v21.5 - https:\/\/yoast.com\/wordpress\/plugins\/seo\/ -->\n<title>PR42T White - Audibax<\/title>\n<meta name=\"robots\" content=\"noindex, follow, max-snippet:-1, max-image-preview:large, max-video-preview:-1\" \/>\n<meta property=\"og:locale\" content=\"fr_FR\" \/>\n<meta property=\"og:type\" content=\"article\" \/>\n<meta property=\"og:title\" content=\"PR42T White - Audibax\" \/>\n<meta property=\"og:description\" content=\"Type de produit : Haut-parleurs d&#039;installation Type de haut-parleur : passif, haut-parleur mural Type de haut-parleur : haut-parleur \u00e0 2 voies Couleur : Blanc Taille du haut-parleur de graves : 4&rdquo; Taille du haut-parleur d&#039;aigus : 1\/2&amp;rdquo ; Mylar Fourni par paire\" \/>\n<meta property=\"og:url\" content=\"https:\/\/romantic-sinoussi.152-228-147-242.plesk.page\/fr\/produit\/pr42t-white-2\/\" \/>\n<meta property=\"og:site_name\" content=\"Audibax\" \/>\n<meta name=\"twitter:card\" content=\"summary_large_image\" \/>\n<script type=\"application\/ld+json\" class=\"yoast-schema-graph\">{\"@context\":\"https:\/\/schema.org\",\"@graph\":[{\"@type\":\"WebPage\",\"@id\":\"https:\/\/romantic-sinoussi.152-228-147-242.plesk.page\/fr\/produit\/pr42t-white-2\/\",\"url\":\"https:\/\/romantic-sinoussi.152-228-147-242.plesk.page\/fr\/produit\/pr42t-white-2\/\",\"name\":\"PR42T White - Audibax\",\"isPartOf\":{\"@id\":\"https:\/\/romantic-sinoussi.152-228-147-242.plesk.page\/fr\/#website\"},\"datePublished\":\"2023-12-27T11:00:29+00:00\",\"dateModified\":\"2023-12-27T11:00:29+00:00\",\"breadcrumb\":{\"@id\":\"https:\/\/romantic-sinoussi.152-228-147-242.plesk.page\/fr\/produit\/pr42t-white-2\/#breadcrumb\"},\"inLanguage\":\"fr-FR\",\"potentialAction\":[{\"@type\":\"ReadAction\",\"target\":[\"https:\/\/romantic-sinoussi.152-228-147-242.plesk.page\/fr\/produit\/pr42t-white-2\/\"]}]},{\"@type\":\"BreadcrumbList\",\"@id\":\"https:\/\/romantic-sinoussi.152-228-147-242.plesk.page\/fr\/produit\/pr42t-white-2\/#breadcrumb\",\"itemListElement\":[{\"@type\":\"ListItem\",\"position\":1,\"name\":\"Portada\",\"item\":\"https:\/\/romantic-sinoussi.152-228-147-242.plesk.page\/fr\/\"},{\"@type\":\"ListItem\",\"position\":2,\"name\":\"Products\",\"item\":\"https:\/\/romantic-sinoussi.152-228-147-242.plesk.page\/fr\/shop\/\"},{\"@type\":\"ListItem\",\"position\":3,\"name\":\"PR42T White\"}]},{\"@type\":\"WebSite\",\"@id\":\"https:\/\/romantic-sinoussi.152-228-147-242.plesk.page\/fr\/#website\",\"url\":\"https:\/\/romantic-sinoussi.152-228-147-242.plesk.page\/fr\/\",\"name\":\"Audibax\",\"description\":\"\",\"publisher\":{\"@id\":\"https:\/\/romantic-sinoussi.152-228-147-242.plesk.page\/fr\/#organization\"},\"potentialAction\":[{\"@type\":\"SearchAction\",\"target\":{\"@type\":\"EntryPoint\",\"urlTemplate\":\"https:\/\/romantic-sinoussi.152-228-147-242.plesk.page\/fr\/?s={search_term_string}\"},\"query-input\":\"required name=search_term_string\"}],\"inLanguage\":\"fr-FR\"},{\"@type\":\"Organization\",\"@id\":\"https:\/\/romantic-sinoussi.152-228-147-242.plesk.page\/fr\/#organization\",\"name\":\"Audibax\",\"url\":\"https:\/\/romantic-sinoussi.152-228-147-242.plesk.page\/fr\/\",\"logo\":{\"@type\":\"ImageObject\",\"inLanguage\":\"fr-FR\",\"@id\":\"https:\/\/romantic-sinoussi.152-228-147-242.plesk.page\/fr\/#\/schema\/logo\/image\/\",\"url\":\"https:\/\/romantic-sinoussi.152-228-147-242.plesk.page\/wp-content\/uploads\/2023\/09\/logo-Audibax-BLANCO-SVG-1.svg\",\"contentUrl\":\"https:\/\/romantic-sinoussi.152-228-147-242.plesk.page\/wp-content\/uploads\/2023\/09\/logo-Audibax-BLANCO-SVG-1.svg\",\"width\":581,\"height\":146,\"caption\":\"Audibax\"},\"image\":{\"@id\":\"https:\/\/romantic-sinoussi.152-228-147-242.plesk.page\/fr\/#\/schema\/logo\/image\/\"}}]}<\/script>\n<!-- \/ Yoast SEO plugin. -->","yoast_head_json":{"title":"PR42T White - Audibax","robots":{"index":"noindex","follow":"follow","max-snippet":"max-snippet:-1","max-image-preview":"max-image-preview:large","max-video-preview":"max-video-preview:-1"},"og_locale":"fr_FR","og_type":"article","og_title":"PR42T White - Audibax","og_description":"Type de produit : Haut-parleurs d'installation Type de haut-parleur : passif, haut-parleur mural Type de haut-parleur : haut-parleur \u00e0 2 voies Couleur : Blanc Taille du haut-parleur de graves : 4&rdquo; Taille du haut-parleur d'aigus : 1\/2&rdquo ; Mylar Fourni par paire","og_url":"https:\/\/romantic-sinoussi.152-228-147-242.plesk.page\/fr\/produit\/pr42t-white-2\/","og_site_name":"Audibax","twitter_card":"summary_large_image","schema":{"@context":"https:\/\/schema.org","@graph":[{"@type":"WebPage","@id":"https:\/\/romantic-sinoussi.152-228-147-242.plesk.page\/fr\/produit\/pr42t-white-2\/","url":"https:\/\/romantic-sinoussi.152-228-147-242.plesk.page\/fr\/produit\/pr42t-white-2\/","name":"PR42T White - Audibax","isPartOf":{"@id":"https:\/\/romantic-sinoussi.152-228-147-242.plesk.page\/fr\/#website"},"datePublished":"2023-12-27T11:00:29+00:00","dateModified":"2023-12-27T11:00:29+00:00","breadcrumb":{"@id":"https:\/\/romantic-sinoussi.152-228-147-242.plesk.page\/fr\/produit\/pr42t-white-2\/#breadcrumb"},"inLanguage":"fr-FR","potentialAction":[{"@type":"ReadAction","target":["https:\/\/romantic-sinoussi.152-228-147-242.plesk.page\/fr\/produit\/pr42t-white-2\/"]}]},{"@type":"BreadcrumbList","@id":"https:\/\/romantic-sinoussi.152-228-147-242.plesk.page\/fr\/produit\/pr42t-white-2\/#breadcrumb","itemListElement":[{"@type":"ListItem","position":1,"name":"Portada","item":"https:\/\/romantic-sinoussi.152-228-147-242.plesk.page\/fr\/"},{"@type":"ListItem","position":2,"name":"Products","item":"https:\/\/romantic-sinoussi.152-228-147-242.plesk.page\/fr\/shop\/"},{"@type":"ListItem","position":3,"name":"PR42T White"}]},{"@type":"WebSite","@id":"https:\/\/romantic-sinoussi.152-228-147-242.plesk.page\/fr\/#website","url":"https:\/\/romantic-sinoussi.152-228-147-242.plesk.page\/fr\/","name":"Audibax","description":"","publisher":{"@id":"https:\/\/romantic-sinoussi.152-228-147-242.plesk.page\/fr\/#organization"},"potentialAction":[{"@type":"SearchAction","target":{"@type":"EntryPoint","urlTemplate":"https:\/\/romantic-sinoussi.152-228-147-242.plesk.page\/fr\/?s={search_term_string}"},"query-input":"required name=search_term_string"}],"inLanguage":"fr-FR"},{"@type":"Organization","@id":"https:\/\/romantic-sinoussi.152-228-147-242.plesk.page\/fr\/#organization","name":"Audibax","url":"https:\/\/romantic-sinoussi.152-228-147-242.plesk.page\/fr\/","logo":{"@type":"ImageObject","inLanguage":"fr-FR","@id":"https:\/\/romantic-sinoussi.152-228-147-242.plesk.page\/fr\/#\/schema\/logo\/image\/","url":"https:\/\/romantic-sinoussi.152-228-147-242.plesk.page\/wp-content\/uploads\/2023\/09\/logo-Audibax-BLANCO-SVG-1.svg","contentUrl":"https:\/\/romantic-sinoussi.152-228-147-242.plesk.page\/wp-content\/uploads\/2023\/09\/logo-Audibax-BLANCO-SVG-1.svg","width":581,"height":146,"caption":"Audibax"},"image":{"@id":"https:\/\/romantic-sinoussi.152-228-147-242.plesk.page\/fr\/#\/schema\/logo\/image\/"}}]}},"_links":{"self":[{"href":"https:\/\/romantic-sinoussi.152-228-147-242.plesk.page\/fr\/wp-json\/wp\/v2\/product\/36821","targetHints":{"allow":["GET"]}}],"collection":[{"href":"https:\/\/romantic-sinoussi.152-228-147-242.plesk.page\/fr\/wp-json\/wp\/v2\/product"}],"about":[{"href":"https:\/\/romantic-sinoussi.152-228-147-242.plesk.page\/fr\/wp-json\/wp\/v2\/types\/product"}],"replies":[{"embeddable":true,"href":"https:\/\/romantic-sinoussi.152-228-147-242.plesk.page\/fr\/wp-json\/wp\/v2\/comments?post=36821"}],"wp:featuredmedia":[{"embeddable":true,"href":"https:\/\/romantic-sinoussi.152-228-147-242.plesk.page\/fr\/wp-json\/wp\/v2\/media\/18578"}],"wp:attachment":[{"href":"https:\/\/romantic-sinoussi.152-228-147-242.plesk.page\/fr\/wp-json\/wp\/v2\/media?parent=36821"}],"wp:term":[{"taxonomy":"product_cat","embeddable":true,"href":"https:\/\/romantic-sinoussi.152-228-147-242.plesk.page\/fr\/wp-json\/wp\/v2\/product_cat?post=36821"},{"taxonomy":"product_tag","embeddable":true,"href":"https:\/\/romantic-sinoussi.152-228-147-242.plesk.page\/fr\/wp-json\/wp\/v2\/product_tag?post=36821"}],"curies":[{"name":"wp","href":"https:\/\/api.w.org\/{rel}","templated":true}]}}