{"id":36827,"date":"2023-12-27T12:00:32","date_gmt":"2023-12-27T11:00:32","guid":{"rendered":"https:\/\/romantic-sinoussi.152-228-147-242.plesk.page\/product\/pr52-black-2\/"},"modified":"2023-12-27T12:00:32","modified_gmt":"2023-12-27T11:00:32","slug":"pr52-black-2","status":"publish","type":"product","link":"https:\/\/romantic-sinoussi.152-228-147-242.plesk.page\/fr\/produit\/pr52-black-2\/","title":{"rendered":"PR52 Black"},"content":{"rendered":"<\/p>\n<p>Paire d&#8217;enceintes st\u00e9r\u00e9o PR52 B couleur noire puissance max 100W avec support mural inclus.<\/p>\n<p>Une paire de haut-parleurs st\u00e9r\u00e9o 2 voies haute puissance convenant aux applications de haute fid\u00e9lit\u00e9 et de son surround ainsi qu&#8217;aux installations de renforcement sonore.<\/p>\n<p>Syst\u00e8me de basses compos\u00e9 d&#8217;un woofer de 5 pouces et d&#8217;un tweeter en polycarbonate de 3\/4 de pouce.<\/p>\n<p>Fourni par paire et avec des supports de montage.<br \/> &nbsp;<\/p>\n<p><strong>Caract\u00e9ristiques techniques Audibax PR52 B couleur Noir<\/strong><\/p>\n<ul>\n<li>\n<li>&nbsp;&nbsp;&nbsp;&#038;nbsp ; 5&#038;quot ; woofer en propyl\u00e8ne<\/li>\n<li>&nbsp;&nbsp;&nbsp;&nbsp;tweeter en polycarbonate de 2 cm<\/li>\n<li>&nbsp;&nbsp;&nbsp;&#038;nbsp ; 2 voies Puissance max. 100W m&uacute;sicales<\/li>\n<li>&nbsp;&nbsp;&nbsp;&#038;nbsp ; Imp\u00e9dance 8 Ohm<\/li>\n<li>&nbsp;&#038;nbsp ;&nbsp;R\u00e9ponse en fr\u00e9quence 50Hz &#8211; 20kHz<\/li>\n<li>&nbsp;&nbsp;&nbsp;SPL 1W\/1m 89dB<\/li>\n<li>La r\u00e9ponse en fr\u00e9quence est de 1,5 dB.&nbsp;&nbsp;&nbsp;&#038;nbsp ; Bornes de connexion Rouge\/Noir<\/li>\n<li>&nbsp;&nbsp;&nbsp;&nbsp;&#038;nbsp ; Couleur NOIR<\/li>\n<li>&nbsp;&nbsp;&#038;nbsp ; Supports de montage inclus<\/li>\n<li>&nbsp;&nbsp;&#038;nbsp ; Dimensions : 24 x 17&#39;5 x 14 cm (sans support) &#8211; 24 x 17&#39;5 x 17 cm (avec support)<\/li>\n<\/ul>\n<\/ul>\n<\/ul>\n","protected":false},"excerpt":{"rendered":"<ul>\n<li>&nbsp;&nbsp;&#038;nbsp ; 5&#038;quot ; woofer en propyl\u00e8ne<\/li>\n<li>&nbsp;&nbsp;&nbsp;&#038;nbsp ; 2 cm tweeter en polycarbonate<\/li>\n<li>&nbsp;&nbsp;&nbsp;&nbsp;&nbsp;&nbsp;&nbsp;&nbsp;2 way tweeter en polycarbonate.nbsp;&nbsp;tweeter en polycarbonate de 2 cm<\/li>\n<li>\n<li>\n<li>&nbsp;&nbsp;&nbsp;&nbsp;2 voies Puissance max. 100W m&uacute;sicales<\/li>\n<li>&nbsp;&nbsp;&nbsp;&#038;nbsp ; Imp\u00e9dance 8 Ohm<\/li>\n<li>&nbsp;&#038;nbsp ;&#038;nbsp ; R\u00e9ponse en fr\u00e9quence 50Hz &#8211; 20kHz<\/li>\n<li>&nbsp;&nbsp;&nbsp;&#038;nbsp ; SPL 1W\/1m 89dB<\/li>\n<\/ul>\n","protected":false},"featured_media":17534,"comment_status":"open","ping_status":"closed","template":"","meta":[],"product_cat":[417,243],"product_tag":[],"class_list":{"0":"post-36827","1":"product","2":"type-product","3":"status-publish","4":"has-post-thumbnail","6":"product_cat-haut-parleurs-muraux","7":"product_cat-uncategorized","9":"first","10":"instock","11":"shipping-taxable","12":"product-type-simple"},"acf":[],"yoast_head":"<!-- This site is optimized with the Yoast SEO plugin v21.5 - https:\/\/yoast.com\/wordpress\/plugins\/seo\/ -->\n<title>PR52 Black - Audibax<\/title>\n<meta name=\"robots\" content=\"noindex, follow, max-snippet:-1, max-image-preview:large, max-video-preview:-1\" \/>\n<meta property=\"og:locale\" content=\"fr_FR\" \/>\n<meta property=\"og:type\" content=\"article\" \/>\n<meta property=\"og:title\" content=\"PR52 Black - Audibax\" \/>\n<meta property=\"og:description\" content=\"&nbsp;&nbsp;&amp;nbsp ; 5&amp;quot ; woofer en propyl\u00e8ne &nbsp;&nbsp;&nbsp;&amp;nbsp ; 2 cm tweeter en polycarbonate &nbsp;&nbsp;&nbsp;&nbsp;&nbsp;&nbsp;&nbsp;&nbsp;2 way tweeter en polycarbonate.nbsp;&nbsp;tweeter en polycarbonate de 2 cm &nbsp;&nbsp;&nbsp;&nbsp;2 voies Puissance max. 100W m&uacute;sicales &nbsp;&nbsp;&nbsp;&amp;nbsp ; Imp\u00e9dance 8 Ohm &nbsp;&amp;nbsp ;&amp;nbsp ; R\u00e9ponse en fr\u00e9quence 50Hz - 20kHz &nbsp;&nbsp;&nbsp;&amp;nbsp ; SPL 1W\/1m 89dB\" \/>\n<meta property=\"og:url\" content=\"https:\/\/romantic-sinoussi.152-228-147-242.plesk.page\/fr\/produit\/pr52-black-2\/\" \/>\n<meta property=\"og:site_name\" content=\"Audibax\" \/>\n<meta name=\"twitter:card\" content=\"summary_large_image\" \/>\n<meta name=\"twitter:label1\" content=\"Dur\u00e9e de lecture estim\u00e9e\" \/>\n\t<meta name=\"twitter:data1\" content=\"1 minute\" \/>\n<script type=\"application\/ld+json\" class=\"yoast-schema-graph\">{\"@context\":\"https:\/\/schema.org\",\"@graph\":[{\"@type\":\"WebPage\",\"@id\":\"https:\/\/romantic-sinoussi.152-228-147-242.plesk.page\/fr\/produit\/pr52-black-2\/\",\"url\":\"https:\/\/romantic-sinoussi.152-228-147-242.plesk.page\/fr\/produit\/pr52-black-2\/\",\"name\":\"PR52 Black - Audibax\",\"isPartOf\":{\"@id\":\"https:\/\/romantic-sinoussi.152-228-147-242.plesk.page\/fr\/#website\"},\"datePublished\":\"2023-12-27T11:00:32+00:00\",\"dateModified\":\"2023-12-27T11:00:32+00:00\",\"breadcrumb\":{\"@id\":\"https:\/\/romantic-sinoussi.152-228-147-242.plesk.page\/fr\/produit\/pr52-black-2\/#breadcrumb\"},\"inLanguage\":\"fr-FR\",\"potentialAction\":[{\"@type\":\"ReadAction\",\"target\":[\"https:\/\/romantic-sinoussi.152-228-147-242.plesk.page\/fr\/produit\/pr52-black-2\/\"]}]},{\"@type\":\"BreadcrumbList\",\"@id\":\"https:\/\/romantic-sinoussi.152-228-147-242.plesk.page\/fr\/produit\/pr52-black-2\/#breadcrumb\",\"itemListElement\":[{\"@type\":\"ListItem\",\"position\":1,\"name\":\"Portada\",\"item\":\"https:\/\/romantic-sinoussi.152-228-147-242.plesk.page\/fr\/\"},{\"@type\":\"ListItem\",\"position\":2,\"name\":\"Products\",\"item\":\"https:\/\/romantic-sinoussi.152-228-147-242.plesk.page\/fr\/shop\/\"},{\"@type\":\"ListItem\",\"position\":3,\"name\":\"PR52 Black\"}]},{\"@type\":\"WebSite\",\"@id\":\"https:\/\/romantic-sinoussi.152-228-147-242.plesk.page\/fr\/#website\",\"url\":\"https:\/\/romantic-sinoussi.152-228-147-242.plesk.page\/fr\/\",\"name\":\"Audibax\",\"description\":\"\",\"publisher\":{\"@id\":\"https:\/\/romantic-sinoussi.152-228-147-242.plesk.page\/fr\/#organization\"},\"potentialAction\":[{\"@type\":\"SearchAction\",\"target\":{\"@type\":\"EntryPoint\",\"urlTemplate\":\"https:\/\/romantic-sinoussi.152-228-147-242.plesk.page\/fr\/?s={search_term_string}\"},\"query-input\":\"required name=search_term_string\"}],\"inLanguage\":\"fr-FR\"},{\"@type\":\"Organization\",\"@id\":\"https:\/\/romantic-sinoussi.152-228-147-242.plesk.page\/fr\/#organization\",\"name\":\"Audibax\",\"url\":\"https:\/\/romantic-sinoussi.152-228-147-242.plesk.page\/fr\/\",\"logo\":{\"@type\":\"ImageObject\",\"inLanguage\":\"fr-FR\",\"@id\":\"https:\/\/romantic-sinoussi.152-228-147-242.plesk.page\/fr\/#\/schema\/logo\/image\/\",\"url\":\"https:\/\/romantic-sinoussi.152-228-147-242.plesk.page\/wp-content\/uploads\/2023\/09\/logo-Audibax-BLANCO-SVG-1.svg\",\"contentUrl\":\"https:\/\/romantic-sinoussi.152-228-147-242.plesk.page\/wp-content\/uploads\/2023\/09\/logo-Audibax-BLANCO-SVG-1.svg\",\"width\":581,\"height\":146,\"caption\":\"Audibax\"},\"image\":{\"@id\":\"https:\/\/romantic-sinoussi.152-228-147-242.plesk.page\/fr\/#\/schema\/logo\/image\/\"}}]}<\/script>\n<!-- \/ Yoast SEO plugin. -->","yoast_head_json":{"title":"PR52 Black - Audibax","robots":{"index":"noindex","follow":"follow","max-snippet":"max-snippet:-1","max-image-preview":"max-image-preview:large","max-video-preview":"max-video-preview:-1"},"og_locale":"fr_FR","og_type":"article","og_title":"PR52 Black - Audibax","og_description":"&nbsp;&nbsp;&nbsp ; 5&quot ; woofer en propyl\u00e8ne &nbsp;&nbsp;&nbsp;&nbsp ; 2 cm tweeter en polycarbonate &nbsp;&nbsp;&nbsp;&nbsp;&nbsp;&nbsp;&nbsp;&nbsp;2 way tweeter en polycarbonate.nbsp;&nbsp;tweeter en polycarbonate de 2 cm &nbsp;&nbsp;&nbsp;&nbsp;2 voies Puissance max. 100W m&uacute;sicales &nbsp;&nbsp;&nbsp;&nbsp ; Imp\u00e9dance 8 Ohm &nbsp;&nbsp ;&nbsp ; R\u00e9ponse en fr\u00e9quence 50Hz - 20kHz &nbsp;&nbsp;&nbsp;&nbsp ; SPL 1W\/1m 89dB","og_url":"https:\/\/romantic-sinoussi.152-228-147-242.plesk.page\/fr\/produit\/pr52-black-2\/","og_site_name":"Audibax","twitter_card":"summary_large_image","twitter_misc":{"Dur\u00e9e de lecture estim\u00e9e":"1 minute"},"schema":{"@context":"https:\/\/schema.org","@graph":[{"@type":"WebPage","@id":"https:\/\/romantic-sinoussi.152-228-147-242.plesk.page\/fr\/produit\/pr52-black-2\/","url":"https:\/\/romantic-sinoussi.152-228-147-242.plesk.page\/fr\/produit\/pr52-black-2\/","name":"PR52 Black - Audibax","isPartOf":{"@id":"https:\/\/romantic-sinoussi.152-228-147-242.plesk.page\/fr\/#website"},"datePublished":"2023-12-27T11:00:32+00:00","dateModified":"2023-12-27T11:00:32+00:00","breadcrumb":{"@id":"https:\/\/romantic-sinoussi.152-228-147-242.plesk.page\/fr\/produit\/pr52-black-2\/#breadcrumb"},"inLanguage":"fr-FR","potentialAction":[{"@type":"ReadAction","target":["https:\/\/romantic-sinoussi.152-228-147-242.plesk.page\/fr\/produit\/pr52-black-2\/"]}]},{"@type":"BreadcrumbList","@id":"https:\/\/romantic-sinoussi.152-228-147-242.plesk.page\/fr\/produit\/pr52-black-2\/#breadcrumb","itemListElement":[{"@type":"ListItem","position":1,"name":"Portada","item":"https:\/\/romantic-sinoussi.152-228-147-242.plesk.page\/fr\/"},{"@type":"ListItem","position":2,"name":"Products","item":"https:\/\/romantic-sinoussi.152-228-147-242.plesk.page\/fr\/shop\/"},{"@type":"ListItem","position":3,"name":"PR52 Black"}]},{"@type":"WebSite","@id":"https:\/\/romantic-sinoussi.152-228-147-242.plesk.page\/fr\/#website","url":"https:\/\/romantic-sinoussi.152-228-147-242.plesk.page\/fr\/","name":"Audibax","description":"","publisher":{"@id":"https:\/\/romantic-sinoussi.152-228-147-242.plesk.page\/fr\/#organization"},"potentialAction":[{"@type":"SearchAction","target":{"@type":"EntryPoint","urlTemplate":"https:\/\/romantic-sinoussi.152-228-147-242.plesk.page\/fr\/?s={search_term_string}"},"query-input":"required name=search_term_string"}],"inLanguage":"fr-FR"},{"@type":"Organization","@id":"https:\/\/romantic-sinoussi.152-228-147-242.plesk.page\/fr\/#organization","name":"Audibax","url":"https:\/\/romantic-sinoussi.152-228-147-242.plesk.page\/fr\/","logo":{"@type":"ImageObject","inLanguage":"fr-FR","@id":"https:\/\/romantic-sinoussi.152-228-147-242.plesk.page\/fr\/#\/schema\/logo\/image\/","url":"https:\/\/romantic-sinoussi.152-228-147-242.plesk.page\/wp-content\/uploads\/2023\/09\/logo-Audibax-BLANCO-SVG-1.svg","contentUrl":"https:\/\/romantic-sinoussi.152-228-147-242.plesk.page\/wp-content\/uploads\/2023\/09\/logo-Audibax-BLANCO-SVG-1.svg","width":581,"height":146,"caption":"Audibax"},"image":{"@id":"https:\/\/romantic-sinoussi.152-228-147-242.plesk.page\/fr\/#\/schema\/logo\/image\/"}}]}},"_links":{"self":[{"href":"https:\/\/romantic-sinoussi.152-228-147-242.plesk.page\/fr\/wp-json\/wp\/v2\/product\/36827","targetHints":{"allow":["GET"]}}],"collection":[{"href":"https:\/\/romantic-sinoussi.152-228-147-242.plesk.page\/fr\/wp-json\/wp\/v2\/product"}],"about":[{"href":"https:\/\/romantic-sinoussi.152-228-147-242.plesk.page\/fr\/wp-json\/wp\/v2\/types\/product"}],"replies":[{"embeddable":true,"href":"https:\/\/romantic-sinoussi.152-228-147-242.plesk.page\/fr\/wp-json\/wp\/v2\/comments?post=36827"}],"wp:featuredmedia":[{"embeddable":true,"href":"https:\/\/romantic-sinoussi.152-228-147-242.plesk.page\/fr\/wp-json\/wp\/v2\/media\/17534"}],"wp:attachment":[{"href":"https:\/\/romantic-sinoussi.152-228-147-242.plesk.page\/fr\/wp-json\/wp\/v2\/media?parent=36827"}],"wp:term":[{"taxonomy":"product_cat","embeddable":true,"href":"https:\/\/romantic-sinoussi.152-228-147-242.plesk.page\/fr\/wp-json\/wp\/v2\/product_cat?post=36827"},{"taxonomy":"product_tag","embeddable":true,"href":"https:\/\/romantic-sinoussi.152-228-147-242.plesk.page\/fr\/wp-json\/wp\/v2\/product_tag?post=36827"}],"curies":[{"name":"wp","href":"https:\/\/api.w.org\/{rel}","templated":true}]}}