{"id":36839,"date":"2023-12-27T12:00:52","date_gmt":"2023-12-27T11:00:52","guid":{"rendered":"https:\/\/romantic-sinoussi.152-228-147-242.plesk.page\/product\/dsp18s-black-2\/"},"modified":"2023-12-27T12:00:52","modified_gmt":"2023-12-27T11:00:52","slug":"dsp18s-black-2","status":"publish","type":"product","link":"https:\/\/romantic-sinoussi.152-228-147-242.plesk.page\/fr\/produit\/dsp18s-black-2\/","title":{"rendered":"DSP18s Black"},"content":{"rendered":"<\/p>\n<p><strong>Audibax DSP18s Active Subwoofer 600W<\/strong><\/p>\n<p>La nouvelle gamme Audibax DSP repr\u00e9sente un saut qualitatif pour les enceintes actives et les caissons de basses de la marque. Le DSP interne de haute qualit\u00e9 offre la possibilit\u00e9 de modifier des param\u00e8tres tels que l&#8217;\u00e9galisation \u00e0 trois bandes ou de s\u00e9lectionner le mode de lecture en fonction des besoins \u00e0 tout moment (Musique, Live, DJ, Speech, etc.). Construite avec des mat\u00e9riaux et des composants de premi\u00e8re qualit\u00e9, la nouvelle gamme Audibax Pro DSP garantit la durabilit\u00e9 et la qualit\u00e9 du son dans toutes les applications n\u00e9cessaires, que ce soit pour la musique en direct ou la lecture de musique.<\/p>\n<p>Le <strong>Audibax DSP-18S<\/strong> est un subwoofer con\u00e7u avec un amplificateur r\u00e9volutionnaire de classe D qui offre une puissance incroyable, des performances impressionnantes et un bo\u00eetier compact et l\u00e9ger pour une utilisation quotidienne et le transport.<\/p>\n<h3>Caract\u00e9ristiques techniques&nbsp;Audibax DSP18s Active Subwoofer 600W:<\/h3>\n<ul>\n<li>\n<li>Fr\u00e9quence : 26-800Hz<\/li>\n<li>Puissance RMS de l&#8217;amplificateur : 600W Classe D + DSP<\/li>\n<li>18&#038;quot ; woofer (Im&aacute;n V.C75-5mm. 80 oz)<\/li>\n<li>SPL (Constant) : 126 dB<\/li>\n<li>SPL (peak):&nbsp;132 dB<\/li>\n<li>Entr\u00e9e ligne : JACK XLR<\/li>\n<li>Sortie ligne : XLR XLR<\/li>\n<li>Fonction : DSP professionnel<\/li>\n<li>Alimentation : AC110V-240V<\/li>\n<li>Mat\u00e9riau du bo\u00eetier : MDF 18mm<\/li>\n<li>Finition du bo\u00eetier : laque acrylique noire<\/li>\n<li>Accessoires inclus : C\u00e2bles d&#8217;alimentation<\/li>\n<li>Alimentation \u00e9lectrique : AC110-240V<\/li>\n<li>Mesures : 53 x 65 x 65 cm<\/li>\n<li>Poids : 42 Kgs<\/li>\n<\/ul>\n<h3>Connexions et fonctions panneau arri\u00e8re :<\/h3>\n<ul>\n<li>Voyant d&#8217;alimentation<\/li>\n<li>Voyant de signalisation<\/li>\n<li>Voyant de signalisation<\/li>\n<p>. <\/p>\n<li>Voyant lumineux<\/li>\n<li>Contr\u00f4le du volume<\/li>\n<li>Entr\u00e9e sym\u00e9trique gauche : Entr\u00e9e audio XLR \/ Jack6.35<\/li>\n<li>Sortie sym\u00e9trique gauche : sortie audio XLR<\/li>\n<li>Entr\u00e9e sym\u00e9trique droite : entr\u00e9e audio XLR \/ Jack6.35<\/li>\n<li>Sortie sym\u00e9trique droite : sortie audio XLR<\/li>\n<li>Bouton de commutation Full Range-HPF<\/li>\n<li>Commutation entre quatre modes : m&uacute;sica, club, live et voice<\/li>\n<li>Phase de travail 0&#038;ordm ; -180&ordm;<\/li>\n<li>Preset DSP<\/li>\n<li>Preset<\/li>\n<li>Preset<\/li>\n<li>Preset<\/li>\n<li>Preset<\/li>\n<li>Preset<\/li>\n<li>Preset<\/li>\n<li>Preset<\/li>\n<p>.\/li> <\/p>\n<li>Interrupteur d&#8217;alimentation<\/li>\n<li>Connexion \u00e9lectrique<\/li>\n<li>S\u00e9lecteur de phase : commutateur de tension<\/li>\n<\/ul>\n<li>S\u00e9lecteur de phase.<br \/>\n","protected":false},"excerpt":{"rendered":"<ul>\n<li>Fr\u00e9quence : 26-800Hz<\/li>\n<li>Puissance RMS de l&#8217;amplificateur : 600 W Classe D + DSP<\/li>\n<li>18&#038;quot ; woofer (Im&aacute;n V.C75-5mm. 80 oz)<\/li>\n<li>Entr\u00e9e ligne : JACK XLR<\/li>\n<\/ul>\n<\/ul>\n","protected":false},"featured_media":18287,"comment_status":"open","ping_status":"closed","template":"","meta":[],"product_cat":[421,243],"product_tag":[],"class_list":{"0":"post-36839","1":"product","2":"type-product","3":"status-publish","4":"has-post-thumbnail","6":"product_cat-subwoofer-fr","7":"product_cat-uncategorized","9":"first","10":"instock","11":"shipping-taxable","12":"product-type-simple"},"acf":[],"yoast_head":"<!-- This site is optimized with the Yoast SEO plugin v21.5 - https:\/\/yoast.com\/wordpress\/plugins\/seo\/ -->\n<title>DSP18s Black - Audibax<\/title>\n<meta name=\"robots\" content=\"noindex, follow, max-snippet:-1, max-image-preview:large, max-video-preview:-1\" \/>\n<meta property=\"og:locale\" content=\"fr_FR\" \/>\n<meta property=\"og:type\" content=\"article\" \/>\n<meta property=\"og:title\" content=\"DSP18s Black - Audibax\" \/>\n<meta property=\"og:description\" content=\"Fr\u00e9quence : 26-800Hz Puissance RMS de l&#039;amplificateur : 600 W Classe D + DSP 18&amp;quot ; woofer (Im&aacute;n V.C75-5mm. 80 oz) Entr\u00e9e ligne : JACK XLR\" \/>\n<meta property=\"og:url\" content=\"https:\/\/romantic-sinoussi.152-228-147-242.plesk.page\/fr\/produit\/dsp18s-black-2\/\" \/>\n<meta property=\"og:site_name\" content=\"Audibax\" \/>\n<meta name=\"twitter:card\" content=\"summary_large_image\" \/>\n<meta name=\"twitter:label1\" content=\"Dur\u00e9e de lecture estim\u00e9e\" \/>\n\t<meta name=\"twitter:data1\" content=\"2 minutes\" \/>\n<script type=\"application\/ld+json\" class=\"yoast-schema-graph\">{\"@context\":\"https:\/\/schema.org\",\"@graph\":[{\"@type\":\"WebPage\",\"@id\":\"https:\/\/romantic-sinoussi.152-228-147-242.plesk.page\/fr\/produit\/dsp18s-black-2\/\",\"url\":\"https:\/\/romantic-sinoussi.152-228-147-242.plesk.page\/fr\/produit\/dsp18s-black-2\/\",\"name\":\"DSP18s Black - Audibax\",\"isPartOf\":{\"@id\":\"https:\/\/romantic-sinoussi.152-228-147-242.plesk.page\/fr\/#website\"},\"datePublished\":\"2023-12-27T11:00:52+00:00\",\"dateModified\":\"2023-12-27T11:00:52+00:00\",\"breadcrumb\":{\"@id\":\"https:\/\/romantic-sinoussi.152-228-147-242.plesk.page\/fr\/produit\/dsp18s-black-2\/#breadcrumb\"},\"inLanguage\":\"fr-FR\",\"potentialAction\":[{\"@type\":\"ReadAction\",\"target\":[\"https:\/\/romantic-sinoussi.152-228-147-242.plesk.page\/fr\/produit\/dsp18s-black-2\/\"]}]},{\"@type\":\"BreadcrumbList\",\"@id\":\"https:\/\/romantic-sinoussi.152-228-147-242.plesk.page\/fr\/produit\/dsp18s-black-2\/#breadcrumb\",\"itemListElement\":[{\"@type\":\"ListItem\",\"position\":1,\"name\":\"Portada\",\"item\":\"https:\/\/romantic-sinoussi.152-228-147-242.plesk.page\/fr\/\"},{\"@type\":\"ListItem\",\"position\":2,\"name\":\"Products\",\"item\":\"https:\/\/romantic-sinoussi.152-228-147-242.plesk.page\/fr\/shop\/\"},{\"@type\":\"ListItem\",\"position\":3,\"name\":\"DSP18s Black\"}]},{\"@type\":\"WebSite\",\"@id\":\"https:\/\/romantic-sinoussi.152-228-147-242.plesk.page\/fr\/#website\",\"url\":\"https:\/\/romantic-sinoussi.152-228-147-242.plesk.page\/fr\/\",\"name\":\"Audibax\",\"description\":\"\",\"publisher\":{\"@id\":\"https:\/\/romantic-sinoussi.152-228-147-242.plesk.page\/fr\/#organization\"},\"potentialAction\":[{\"@type\":\"SearchAction\",\"target\":{\"@type\":\"EntryPoint\",\"urlTemplate\":\"https:\/\/romantic-sinoussi.152-228-147-242.plesk.page\/fr\/?s={search_term_string}\"},\"query-input\":\"required name=search_term_string\"}],\"inLanguage\":\"fr-FR\"},{\"@type\":\"Organization\",\"@id\":\"https:\/\/romantic-sinoussi.152-228-147-242.plesk.page\/fr\/#organization\",\"name\":\"Audibax\",\"url\":\"https:\/\/romantic-sinoussi.152-228-147-242.plesk.page\/fr\/\",\"logo\":{\"@type\":\"ImageObject\",\"inLanguage\":\"fr-FR\",\"@id\":\"https:\/\/romantic-sinoussi.152-228-147-242.plesk.page\/fr\/#\/schema\/logo\/image\/\",\"url\":\"https:\/\/romantic-sinoussi.152-228-147-242.plesk.page\/wp-content\/uploads\/2023\/09\/logo-Audibax-BLANCO-SVG-1.svg\",\"contentUrl\":\"https:\/\/romantic-sinoussi.152-228-147-242.plesk.page\/wp-content\/uploads\/2023\/09\/logo-Audibax-BLANCO-SVG-1.svg\",\"width\":581,\"height\":146,\"caption\":\"Audibax\"},\"image\":{\"@id\":\"https:\/\/romantic-sinoussi.152-228-147-242.plesk.page\/fr\/#\/schema\/logo\/image\/\"}}]}<\/script>\n<!-- \/ Yoast SEO plugin. -->","yoast_head_json":{"title":"DSP18s Black - Audibax","robots":{"index":"noindex","follow":"follow","max-snippet":"max-snippet:-1","max-image-preview":"max-image-preview:large","max-video-preview":"max-video-preview:-1"},"og_locale":"fr_FR","og_type":"article","og_title":"DSP18s Black - Audibax","og_description":"Fr\u00e9quence : 26-800Hz Puissance RMS de l'amplificateur : 600 W Classe D + DSP 18&quot ; woofer (Im&aacute;n V.C75-5mm. 80 oz) Entr\u00e9e ligne : JACK XLR","og_url":"https:\/\/romantic-sinoussi.152-228-147-242.plesk.page\/fr\/produit\/dsp18s-black-2\/","og_site_name":"Audibax","twitter_card":"summary_large_image","twitter_misc":{"Dur\u00e9e de lecture estim\u00e9e":"2 minutes"},"schema":{"@context":"https:\/\/schema.org","@graph":[{"@type":"WebPage","@id":"https:\/\/romantic-sinoussi.152-228-147-242.plesk.page\/fr\/produit\/dsp18s-black-2\/","url":"https:\/\/romantic-sinoussi.152-228-147-242.plesk.page\/fr\/produit\/dsp18s-black-2\/","name":"DSP18s Black - Audibax","isPartOf":{"@id":"https:\/\/romantic-sinoussi.152-228-147-242.plesk.page\/fr\/#website"},"datePublished":"2023-12-27T11:00:52+00:00","dateModified":"2023-12-27T11:00:52+00:00","breadcrumb":{"@id":"https:\/\/romantic-sinoussi.152-228-147-242.plesk.page\/fr\/produit\/dsp18s-black-2\/#breadcrumb"},"inLanguage":"fr-FR","potentialAction":[{"@type":"ReadAction","target":["https:\/\/romantic-sinoussi.152-228-147-242.plesk.page\/fr\/produit\/dsp18s-black-2\/"]}]},{"@type":"BreadcrumbList","@id":"https:\/\/romantic-sinoussi.152-228-147-242.plesk.page\/fr\/produit\/dsp18s-black-2\/#breadcrumb","itemListElement":[{"@type":"ListItem","position":1,"name":"Portada","item":"https:\/\/romantic-sinoussi.152-228-147-242.plesk.page\/fr\/"},{"@type":"ListItem","position":2,"name":"Products","item":"https:\/\/romantic-sinoussi.152-228-147-242.plesk.page\/fr\/shop\/"},{"@type":"ListItem","position":3,"name":"DSP18s Black"}]},{"@type":"WebSite","@id":"https:\/\/romantic-sinoussi.152-228-147-242.plesk.page\/fr\/#website","url":"https:\/\/romantic-sinoussi.152-228-147-242.plesk.page\/fr\/","name":"Audibax","description":"","publisher":{"@id":"https:\/\/romantic-sinoussi.152-228-147-242.plesk.page\/fr\/#organization"},"potentialAction":[{"@type":"SearchAction","target":{"@type":"EntryPoint","urlTemplate":"https:\/\/romantic-sinoussi.152-228-147-242.plesk.page\/fr\/?s={search_term_string}"},"query-input":"required name=search_term_string"}],"inLanguage":"fr-FR"},{"@type":"Organization","@id":"https:\/\/romantic-sinoussi.152-228-147-242.plesk.page\/fr\/#organization","name":"Audibax","url":"https:\/\/romantic-sinoussi.152-228-147-242.plesk.page\/fr\/","logo":{"@type":"ImageObject","inLanguage":"fr-FR","@id":"https:\/\/romantic-sinoussi.152-228-147-242.plesk.page\/fr\/#\/schema\/logo\/image\/","url":"https:\/\/romantic-sinoussi.152-228-147-242.plesk.page\/wp-content\/uploads\/2023\/09\/logo-Audibax-BLANCO-SVG-1.svg","contentUrl":"https:\/\/romantic-sinoussi.152-228-147-242.plesk.page\/wp-content\/uploads\/2023\/09\/logo-Audibax-BLANCO-SVG-1.svg","width":581,"height":146,"caption":"Audibax"},"image":{"@id":"https:\/\/romantic-sinoussi.152-228-147-242.plesk.page\/fr\/#\/schema\/logo\/image\/"}}]}},"_links":{"self":[{"href":"https:\/\/romantic-sinoussi.152-228-147-242.plesk.page\/fr\/wp-json\/wp\/v2\/product\/36839","targetHints":{"allow":["GET"]}}],"collection":[{"href":"https:\/\/romantic-sinoussi.152-228-147-242.plesk.page\/fr\/wp-json\/wp\/v2\/product"}],"about":[{"href":"https:\/\/romantic-sinoussi.152-228-147-242.plesk.page\/fr\/wp-json\/wp\/v2\/types\/product"}],"replies":[{"embeddable":true,"href":"https:\/\/romantic-sinoussi.152-228-147-242.plesk.page\/fr\/wp-json\/wp\/v2\/comments?post=36839"}],"wp:featuredmedia":[{"embeddable":true,"href":"https:\/\/romantic-sinoussi.152-228-147-242.plesk.page\/fr\/wp-json\/wp\/v2\/media\/18287"}],"wp:attachment":[{"href":"https:\/\/romantic-sinoussi.152-228-147-242.plesk.page\/fr\/wp-json\/wp\/v2\/media?parent=36839"}],"wp:term":[{"taxonomy":"product_cat","embeddable":true,"href":"https:\/\/romantic-sinoussi.152-228-147-242.plesk.page\/fr\/wp-json\/wp\/v2\/product_cat?post=36839"},{"taxonomy":"product_tag","embeddable":true,"href":"https:\/\/romantic-sinoussi.152-228-147-242.plesk.page\/fr\/wp-json\/wp\/v2\/product_tag?post=36839"}],"curies":[{"name":"wp","href":"https:\/\/api.w.org\/{rel}","templated":true}]}}