{"id":36931,"date":"2023-12-27T12:02:10","date_gmt":"2023-12-27T11:02:10","guid":{"rendered":"https:\/\/romantic-sinoussi.152-228-147-242.plesk.page\/product\/stm50-black-2\/"},"modified":"2023-12-27T12:02:10","modified_gmt":"2023-12-27T11:02:10","slug":"stm50-black-2","status":"publish","type":"product","link":"https:\/\/romantic-sinoussi.152-228-147-242.plesk.page\/fr\/produit\/stm50-black-2\/","title":{"rendered":"STM50 Black"},"content":{"rendered":"<\/p>\n<p><strong>Audibax Neo STM-50 Studio Monitor and Speaker Table Stands (Pair)<\/strong><\/p>\n<p>Si votre vie tourne autour du studio, il n&#8217;y a rien de mieux que d&#8217;avoir une installation parfaite. Les Audibax Neo STM-50 sont les supports de moniteurs dont vous avez besoin pour tirer le meilleur parti de vos moniteurs, obtenir le son le plus net possible et obtenir l&#8217;aspect le plus professionnel.<\/p>\n<h3>Le design parfait<\/h3>\n<p>Ces supports vous permettront de placer vos moniteurs \u00e0 la fois verticalement et horizontalement et leur design lin\u00e9aire vous aidera \u00e0 garder votre bureau bien rang\u00e9 et \u00e0 \u00e9conomiser de l&#8217;espace.<\/p>\n<p>Ils ont une l\u00e9g\u00e8re inclinaison qui permet au son sortant des moniteurs d&#8217;\u00eatre projet\u00e9 directement vers vos oreilles, ce qui vous permet de b\u00e9n\u00e9ficier de la meilleure qualit\u00e9 sonore possible.<\/p>\n<h3>Robustes et s\u00fbrs<\/h3>\n<p>Les supports Audibax Neo STM-50 sont fabriqu\u00e9s en m\u00e9tal, ce qui les rend totalement r\u00e9sistants et stables pour garantir la s\u00e9curit\u00e9 de vos moniteurs. Ils sont \u00e9galement fournis avec des coussinets en mousse pour \u00e9viter les vibrations et les glissements ind\u00e9sirables.<\/p>\n<h3>Sans souci<\/h3>\n<p>Les Neo STM-50 ne n\u00e9cessitent aucun assemblage, vous pouvez donc en profiter d\u00e8s leur sortie de la bo\u00eete sans aucun souci.<\/p>\n<p>Ces supports sont recommand\u00e9s pour les tailles de moniteur suivantes :<\/p>\n<ul>\n<li>Moniteurs de 5 pouces<\/li>\n<li>Moniteurs de 6 pouces<\/li>\n<li>Moniteurs de 8 pouces<\/li>\n<\/ul>\n<h3>Sp\u00e9cifications :<\/h3>\n<ul>\n<li>Finition : Noir<\/li>\n<li>Mati\u00e8re : M\u00e9tal<\/li>\n<li>Largeur maximale : 24.6 cm<\/li>\n<li>Largeur minimale : 20 cm<\/li>\n<li>Hauteur : 23 cm<\/li>\n<li>Profondeur de la base inf\u00e9rieure : 28,5 cm<\/li>\n<li>Profondeur de la base sup\u00e9rieure : 20.7 cm<\/li>\n<li>Poids : 2Kg approx<\/li>\n<li>Poids maximum recommand\u00e9 : 8.5Kg<\/li>\n<li>Inclut des coussins en mousse antid\u00e9rapante<\/li>\n<li>Fourni par paire<\/li>\n<\/ul>\n<p>&nbsp;<\/p>\n<\/p>\n<p>Fourni par paire<\/li>\n<\/ul>\n<p>.<\/p>\n","protected":false},"excerpt":{"rendered":"<ul>\n<li>Finition : Noir<\/li>\n<li>Mati\u00e8re : M\u00e9tal<\/li>\n<li>Largeur maximale : 24.6 cm<\/li>\n<li>Largeur minimale : 20 cm<\/li>\n<li>Hauteur : 23 cm<\/li>\n<li>Fourniture par paire<\/li>\n<\/ul>\n","protected":false},"featured_media":17453,"comment_status":"open","ping_status":"closed","template":"","meta":[],"product_cat":[447,243],"product_tag":[],"class_list":{"0":"post-36931","1":"product","2":"type-product","3":"status-publish","4":"has-post-thumbnail","6":"product_cat-supports-de-moniteurs-de-studio","7":"product_cat-uncategorized","9":"first","10":"instock","11":"shipping-taxable","12":"product-type-simple"},"acf":[],"yoast_head":"<!-- This site is optimized with the Yoast SEO plugin v21.5 - https:\/\/yoast.com\/wordpress\/plugins\/seo\/ -->\n<title>STM50 Black - Audibax<\/title>\n<meta name=\"robots\" content=\"noindex, follow, max-snippet:-1, max-image-preview:large, max-video-preview:-1\" \/>\n<meta property=\"og:locale\" content=\"fr_FR\" \/>\n<meta property=\"og:type\" content=\"article\" \/>\n<meta property=\"og:title\" content=\"STM50 Black - Audibax\" \/>\n<meta property=\"og:description\" content=\"Finition : Noir Mati\u00e8re : M\u00e9tal Largeur maximale : 24.6 cm Largeur minimale : 20 cm Hauteur : 23 cm Fourniture par paire\" \/>\n<meta property=\"og:url\" content=\"https:\/\/romantic-sinoussi.152-228-147-242.plesk.page\/fr\/produit\/stm50-black-2\/\" \/>\n<meta property=\"og:site_name\" content=\"Audibax\" \/>\n<meta name=\"twitter:card\" content=\"summary_large_image\" \/>\n<meta name=\"twitter:label1\" content=\"Dur\u00e9e de lecture estim\u00e9e\" \/>\n\t<meta name=\"twitter:data1\" content=\"1 minute\" \/>\n<script type=\"application\/ld+json\" class=\"yoast-schema-graph\">{\"@context\":\"https:\/\/schema.org\",\"@graph\":[{\"@type\":\"WebPage\",\"@id\":\"https:\/\/romantic-sinoussi.152-228-147-242.plesk.page\/fr\/produit\/stm50-black-2\/\",\"url\":\"https:\/\/romantic-sinoussi.152-228-147-242.plesk.page\/fr\/produit\/stm50-black-2\/\",\"name\":\"STM50 Black - Audibax\",\"isPartOf\":{\"@id\":\"https:\/\/romantic-sinoussi.152-228-147-242.plesk.page\/fr\/#website\"},\"datePublished\":\"2023-12-27T11:02:10+00:00\",\"dateModified\":\"2023-12-27T11:02:10+00:00\",\"breadcrumb\":{\"@id\":\"https:\/\/romantic-sinoussi.152-228-147-242.plesk.page\/fr\/produit\/stm50-black-2\/#breadcrumb\"},\"inLanguage\":\"fr-FR\",\"potentialAction\":[{\"@type\":\"ReadAction\",\"target\":[\"https:\/\/romantic-sinoussi.152-228-147-242.plesk.page\/fr\/produit\/stm50-black-2\/\"]}]},{\"@type\":\"BreadcrumbList\",\"@id\":\"https:\/\/romantic-sinoussi.152-228-147-242.plesk.page\/fr\/produit\/stm50-black-2\/#breadcrumb\",\"itemListElement\":[{\"@type\":\"ListItem\",\"position\":1,\"name\":\"Portada\",\"item\":\"https:\/\/romantic-sinoussi.152-228-147-242.plesk.page\/fr\/\"},{\"@type\":\"ListItem\",\"position\":2,\"name\":\"Products\",\"item\":\"https:\/\/romantic-sinoussi.152-228-147-242.plesk.page\/fr\/shop\/\"},{\"@type\":\"ListItem\",\"position\":3,\"name\":\"STM50 Black\"}]},{\"@type\":\"WebSite\",\"@id\":\"https:\/\/romantic-sinoussi.152-228-147-242.plesk.page\/fr\/#website\",\"url\":\"https:\/\/romantic-sinoussi.152-228-147-242.plesk.page\/fr\/\",\"name\":\"Audibax\",\"description\":\"\",\"publisher\":{\"@id\":\"https:\/\/romantic-sinoussi.152-228-147-242.plesk.page\/fr\/#organization\"},\"potentialAction\":[{\"@type\":\"SearchAction\",\"target\":{\"@type\":\"EntryPoint\",\"urlTemplate\":\"https:\/\/romantic-sinoussi.152-228-147-242.plesk.page\/fr\/?s={search_term_string}\"},\"query-input\":\"required name=search_term_string\"}],\"inLanguage\":\"fr-FR\"},{\"@type\":\"Organization\",\"@id\":\"https:\/\/romantic-sinoussi.152-228-147-242.plesk.page\/fr\/#organization\",\"name\":\"Audibax\",\"url\":\"https:\/\/romantic-sinoussi.152-228-147-242.plesk.page\/fr\/\",\"logo\":{\"@type\":\"ImageObject\",\"inLanguage\":\"fr-FR\",\"@id\":\"https:\/\/romantic-sinoussi.152-228-147-242.plesk.page\/fr\/#\/schema\/logo\/image\/\",\"url\":\"https:\/\/romantic-sinoussi.152-228-147-242.plesk.page\/wp-content\/uploads\/2023\/09\/logo-Audibax-BLANCO-SVG-1.svg\",\"contentUrl\":\"https:\/\/romantic-sinoussi.152-228-147-242.plesk.page\/wp-content\/uploads\/2023\/09\/logo-Audibax-BLANCO-SVG-1.svg\",\"width\":581,\"height\":146,\"caption\":\"Audibax\"},\"image\":{\"@id\":\"https:\/\/romantic-sinoussi.152-228-147-242.plesk.page\/fr\/#\/schema\/logo\/image\/\"}}]}<\/script>\n<!-- \/ Yoast SEO plugin. -->","yoast_head_json":{"title":"STM50 Black - Audibax","robots":{"index":"noindex","follow":"follow","max-snippet":"max-snippet:-1","max-image-preview":"max-image-preview:large","max-video-preview":"max-video-preview:-1"},"og_locale":"fr_FR","og_type":"article","og_title":"STM50 Black - Audibax","og_description":"Finition : Noir Mati\u00e8re : M\u00e9tal Largeur maximale : 24.6 cm Largeur minimale : 20 cm Hauteur : 23 cm Fourniture par paire","og_url":"https:\/\/romantic-sinoussi.152-228-147-242.plesk.page\/fr\/produit\/stm50-black-2\/","og_site_name":"Audibax","twitter_card":"summary_large_image","twitter_misc":{"Dur\u00e9e de lecture estim\u00e9e":"1 minute"},"schema":{"@context":"https:\/\/schema.org","@graph":[{"@type":"WebPage","@id":"https:\/\/romantic-sinoussi.152-228-147-242.plesk.page\/fr\/produit\/stm50-black-2\/","url":"https:\/\/romantic-sinoussi.152-228-147-242.plesk.page\/fr\/produit\/stm50-black-2\/","name":"STM50 Black - Audibax","isPartOf":{"@id":"https:\/\/romantic-sinoussi.152-228-147-242.plesk.page\/fr\/#website"},"datePublished":"2023-12-27T11:02:10+00:00","dateModified":"2023-12-27T11:02:10+00:00","breadcrumb":{"@id":"https:\/\/romantic-sinoussi.152-228-147-242.plesk.page\/fr\/produit\/stm50-black-2\/#breadcrumb"},"inLanguage":"fr-FR","potentialAction":[{"@type":"ReadAction","target":["https:\/\/romantic-sinoussi.152-228-147-242.plesk.page\/fr\/produit\/stm50-black-2\/"]}]},{"@type":"BreadcrumbList","@id":"https:\/\/romantic-sinoussi.152-228-147-242.plesk.page\/fr\/produit\/stm50-black-2\/#breadcrumb","itemListElement":[{"@type":"ListItem","position":1,"name":"Portada","item":"https:\/\/romantic-sinoussi.152-228-147-242.plesk.page\/fr\/"},{"@type":"ListItem","position":2,"name":"Products","item":"https:\/\/romantic-sinoussi.152-228-147-242.plesk.page\/fr\/shop\/"},{"@type":"ListItem","position":3,"name":"STM50 Black"}]},{"@type":"WebSite","@id":"https:\/\/romantic-sinoussi.152-228-147-242.plesk.page\/fr\/#website","url":"https:\/\/romantic-sinoussi.152-228-147-242.plesk.page\/fr\/","name":"Audibax","description":"","publisher":{"@id":"https:\/\/romantic-sinoussi.152-228-147-242.plesk.page\/fr\/#organization"},"potentialAction":[{"@type":"SearchAction","target":{"@type":"EntryPoint","urlTemplate":"https:\/\/romantic-sinoussi.152-228-147-242.plesk.page\/fr\/?s={search_term_string}"},"query-input":"required name=search_term_string"}],"inLanguage":"fr-FR"},{"@type":"Organization","@id":"https:\/\/romantic-sinoussi.152-228-147-242.plesk.page\/fr\/#organization","name":"Audibax","url":"https:\/\/romantic-sinoussi.152-228-147-242.plesk.page\/fr\/","logo":{"@type":"ImageObject","inLanguage":"fr-FR","@id":"https:\/\/romantic-sinoussi.152-228-147-242.plesk.page\/fr\/#\/schema\/logo\/image\/","url":"https:\/\/romantic-sinoussi.152-228-147-242.plesk.page\/wp-content\/uploads\/2023\/09\/logo-Audibax-BLANCO-SVG-1.svg","contentUrl":"https:\/\/romantic-sinoussi.152-228-147-242.plesk.page\/wp-content\/uploads\/2023\/09\/logo-Audibax-BLANCO-SVG-1.svg","width":581,"height":146,"caption":"Audibax"},"image":{"@id":"https:\/\/romantic-sinoussi.152-228-147-242.plesk.page\/fr\/#\/schema\/logo\/image\/"}}]}},"_links":{"self":[{"href":"https:\/\/romantic-sinoussi.152-228-147-242.plesk.page\/fr\/wp-json\/wp\/v2\/product\/36931","targetHints":{"allow":["GET"]}}],"collection":[{"href":"https:\/\/romantic-sinoussi.152-228-147-242.plesk.page\/fr\/wp-json\/wp\/v2\/product"}],"about":[{"href":"https:\/\/romantic-sinoussi.152-228-147-242.plesk.page\/fr\/wp-json\/wp\/v2\/types\/product"}],"replies":[{"embeddable":true,"href":"https:\/\/romantic-sinoussi.152-228-147-242.plesk.page\/fr\/wp-json\/wp\/v2\/comments?post=36931"}],"wp:featuredmedia":[{"embeddable":true,"href":"https:\/\/romantic-sinoussi.152-228-147-242.plesk.page\/fr\/wp-json\/wp\/v2\/media\/17453"}],"wp:attachment":[{"href":"https:\/\/romantic-sinoussi.152-228-147-242.plesk.page\/fr\/wp-json\/wp\/v2\/media?parent=36931"}],"wp:term":[{"taxonomy":"product_cat","embeddable":true,"href":"https:\/\/romantic-sinoussi.152-228-147-242.plesk.page\/fr\/wp-json\/wp\/v2\/product_cat?post=36931"},{"taxonomy":"product_tag","embeddable":true,"href":"https:\/\/romantic-sinoussi.152-228-147-242.plesk.page\/fr\/wp-json\/wp\/v2\/product_tag?post=36931"}],"curies":[{"name":"wp","href":"https:\/\/api.w.org\/{rel}","templated":true}]}}